{"id":22786,"date":"2021-10-10T04:44:21","date_gmt":"2021-10-09T21:44:21","guid":{"rendered":"https:\/\/mouldking.store\/shop\/moc-29080-game-of-thrones-westeros-skyline-movie-by-benbuildslego-moc-factory\/"},"modified":"2025-12-25T09:21:06","modified_gmt":"2025-12-25T02:21:06","slug":"moc-29080-game-of-thrones-westeros-skyline-movie-by-benbuildslego-moc-factory","status":"publish","type":"product","link":"https:\/\/mouldking.store\/es\/shop\/moc-29080-game-of-thrones-westeros-skyline-movie-by-benbuildslego-moc-factory\/","title":{"rendered":"MOC-29080 Juego de tronos: pel\u00edcula Westeros Skyline de benbuildslego MOC FACTORY"},"content":{"rendered":"<p style=\"text-align: left\">MOC-29080 Game of Thrones \u2013 Westeros Skyline Movie de benbuildslego MOC FACTORY es un set de la colecci\u00f3n Movie, dise\u00f1ado por benbuildslego. Este MOC 29080 viene con instrucciones en PDF que son f\u00e1ciles de construir y encontrar las piezas que faltan. El conjunto contiene 767 piezas, lanzado por primera vez en 2021.<\/p>\n<p>Organizar el tiempo: 4-8 semanas<\/p>\n<figure id=\"attachment_29762\" aria-describedby=\"caption-attachment-29762\" style=\"width: 800px\" class=\"wp-caption aligncenter\"><img fetchpriority=\"high\" decoding=\"async\" class=\"wp-image-29762 size-full\" src=\"https:\/\/mocfactory.com\/wp-content\/uploads\/2021\/01\/MOC-29080-Game-of-Thrones-Westeros-Skyline-Movie-by-benbuildslego-MOC-FACTORY.jpg\" alt=\"MOC-29080  Movie  Game of Thrones \u2013 Westeros Skyline  Designer benbuildslego MOC FACTORY\" width=\"800\" height=\"800\" title=\"-\"><figcaption id=\"caption-attachment-29762\" class=\"wp-caption-text\">MOC-29080 Pel\u00edcula Juego de Tronos \u2013 Westeros Skyline Designer benbuildslego MOC FACTORY<\/figcaption><\/figure>\n<figure id=\"attachment_29761\" aria-describedby=\"caption-attachment-29761\" style=\"width: 800px\" class=\"wp-caption aligncenter\"><img decoding=\"async\" class=\"wp-image-29761 size-full\" src=\"https:\/\/mocfactory.com\/wp-content\/uploads\/2021\/01\/MOC-29080-Game-of-Thrones-Westeros-Skyline-Movie-by-benbuildslego-MOC-FACTORY-2.jpg\" alt=\"MOC-29080  Movie  Game of Thrones \u2013 Westeros Skyline  Designer benbuildslego MOC FACTORY\" width=\"800\" height=\"800\" title=\"-\"><figcaption id=\"caption-attachment-29761\" class=\"wp-caption-text\">MOC-29080 Pel\u00edcula Juego de Tronos \u2013 Westeros Skyline Designer benbuildslego MOC FACTORY<\/figcaption><\/figure>\n<figure id=\"attachment_201409\" class=\"wp-caption aligncenter\" style=\"width: 800px\" aria-describedby=\"caption-attachment-201409\"><\/figure>\n<p>&nbsp;<\/p>","protected":false},"excerpt":{"rendered":"<ul>\n<li>Incluir\u00a0<strong>767+<\/strong>\u00a0piezas<\/li>\n<li>Instrucci\u00f3n PDF en l\u00ednea<\/li>\n<li>Bloque ABS de alta calidad.<\/li>\n<\/ul>","protected":false},"featured_media":22784,"comment_status":"open","ping_status":"closed","template":"","meta":{"_acf_changed":false},"product_cat":[581],"product_tag":[],"class_list":["product","first","instock","shipping-taxable","purchasable","product-type-simple"],"acf":[],"_links":{"self":[{"href":"https:\/\/mouldking.store\/es\/wp-json\/wp\/v2\/product\/22786","targetHints":{"allow":["GET"]}}],"collection":[{"href":"https:\/\/mouldking.store\/es\/wp-json\/wp\/v2\/product"}],"about":[{"href":"https:\/\/mouldking.store\/es\/wp-json\/wp\/v2\/types\/product"}],"replies":[{"embeddable":true,"href":"https:\/\/mouldking.store\/es\/wp-json\/wp\/v2\/comments?post=22786"}],"wp:featuredmedia":[{"embeddable":true,"href":"https:\/\/mouldking.store\/es\/wp-json\/wp\/v2\/media\/22784"}],"wp:attachment":[{"href":"https:\/\/mouldking.store\/es\/wp-json\/wp\/v2\/media?parent=22786"}],"wp:term":[{"taxonomy":"product_cat","embeddable":true,"href":"https:\/\/mouldking.store\/es\/wp-json\/wp\/v2\/product_cat?post=22786"},{"taxonomy":"product_tag","embeddable":true,"href":"https:\/\/mouldking.store\/es\/wp-json\/wp\/v2\/product_tag?post=22786"}],"curies":[{"name":"wp","href":"https:\/\/api.w.org\/{rel}","templated":true}]}}