{"id":22799,"date":"2021-10-10T04:44:33","date_gmt":"2021-10-10T04:44:33","guid":{"rendered":"https:\/\/mouldking.store\/shop\/moc-56644-harry-potter-minifigure-scale-basilisk-movie-by-2bricksofficial-moc-factory\/"},"modified":"2025-12-25T09:21:06","modified_gmt":"2025-12-25T02:21:06","slug":"moc-56644-harry-potter-minifigure-scale-basilisk-movie-by-2bricksofficial-moc-factory","status":"publish","type":"product","link":"https:\/\/mouldking.store\/es\/shop\/moc-56644-harry-potter-minifigure-scale-basilisk-movie-by-2bricksofficial-moc-factory\/","title":{"rendered":"MOC-56644 Pel\u00edcula de basilisco a escala de minifigura de Harry Potter de 2bricksofficial MOC FACTORY"},"content":{"rendered":"<p style=\"text-align: center\">MOC-56644 Harry Potter Minifigure Scale Basilisk Movie de 2bricksofficial MOC FACTORY es un set de la colecci\u00f3n Movie, dise\u00f1ado por 2bricksofficial. Este MOC 56644 viene con instrucciones en PDF que son f\u00e1ciles de construir y encontrar las piezas que faltan. El conjunto contiene 108 piezas, lanzado por primera vez en 2021.<\/p>\n<figure id=\"attachment_201424\" aria-describedby=\"caption-attachment-201424\" style=\"width: 800px\" class=\"wp-caption aligncenter\"><a href=\"https:\/\/pay.lpwstore.com\/wp-content\/uploads\/2021\/01\/MOC-56644-Harry-Potter-Minifigure-Scale-Basilisk-Movie-by-2bricksofficial-MOC-FACTORY.jpg\" target=\"_blank\" rel=\"noopener\"><img fetchpriority=\"high\" decoding=\"async\" class=\"wp-image-201424 size-full\" title=\"MOC-56644 Pel\u00edcula de basilisco a escala de minifigura de Harry Potter de 2bricksofficial MOC FACTORY\" src=\"https:\/\/pay.lpwstore.com\/wp-content\/uploads\/2021\/01\/MOC-56644-Harry-Potter-Minifigure-Scale-Basilisk-Movie-by-2bricksofficial-MOC-FACTORY.jpg\" alt=\"MOC-56644 Harry Potter Minifigure Scale Basilisk Movie by 2bricksofficial MOC FACTORY\" width=\"800\" height=\"800\" \/><\/a><figcaption id=\"caption-attachment-201424\" class=\"wp-caption-text\">MOC-56644 Pel\u00edcula de basilisco a escala de minifigura de Harry Potter de 2bricksofficial MOC FACTORY<\/figcaption><\/figure>\n<p style=\"text-align: center\"><img decoding=\"async\" class=\"size-full wp-image-201425 aligncenter\" src=\"https:\/\/pay.lpwstore.com\/wp-content\/uploads\/2021\/01\/MOC-56644-Harry-Potter-Minifigure-Scale-Basilisk-Movie-by-2bricksofficial-MOC-FACTORY-2.jpg\" alt=\"-\" width=\"800\" height=\"800\" title=\"-\"><\/p>\n<p style=\"text-align: center\">","protected":false},"excerpt":{"rendered":"<ul>\n<li>Incluir\u00a0<strong>108+<\/strong>\u00a0piezas<\/li>\n<li>Instrucci\u00f3n PDF en l\u00ednea<\/li>\n<li>Bloque ABS de alta calidad.<\/li>\n<\/ul>","protected":false},"featured_media":22797,"comment_status":"open","ping_status":"closed","template":"","meta":{"_acf_changed":false},"product_cat":[581],"product_tag":[],"class_list":["product","first","instock","shipping-taxable","purchasable","product-type-simple"],"acf":[],"_links":{"self":[{"href":"https:\/\/mouldking.store\/es\/wp-json\/wp\/v2\/product\/22799","targetHints":{"allow":["GET"]}}],"collection":[{"href":"https:\/\/mouldking.store\/es\/wp-json\/wp\/v2\/product"}],"about":[{"href":"https:\/\/mouldking.store\/es\/wp-json\/wp\/v2\/types\/product"}],"replies":[{"embeddable":true,"href":"https:\/\/mouldking.store\/es\/wp-json\/wp\/v2\/comments?post=22799"}],"wp:featuredmedia":[{"embeddable":true,"href":"https:\/\/mouldking.store\/es\/wp-json\/wp\/v2\/media\/22797"}],"wp:attachment":[{"href":"https:\/\/mouldking.store\/es\/wp-json\/wp\/v2\/media?parent=22799"}],"wp:term":[{"taxonomy":"product_cat","embeddable":true,"href":"https:\/\/mouldking.store\/es\/wp-json\/wp\/v2\/product_cat?post=22799"},{"taxonomy":"product_tag","embeddable":true,"href":"https:\/\/mouldking.store\/es\/wp-json\/wp\/v2\/product_tag?post=22799"}],"curies":[{"name":"wp","href":"https:\/\/api.w.org\/{rel}","templated":true}]}}