{"id":22817,"date":"2021-10-10T04:44:50","date_gmt":"2021-10-09T21:44:50","guid":{"rendered":"https:\/\/mouldking.store\/shop\/moc-47004-godzilla-brickheadz-creator-by-brickdroid-moc-factory\/"},"modified":"2025-12-25T09:21:05","modified_gmt":"2025-12-25T02:21:05","slug":"moc-47004-godzilla-brickheadz-creator-by-brickdroid-moc-factory","status":"publish","type":"product","link":"https:\/\/mouldking.store\/es\/shop\/moc-47004-godzilla-brickheadz-creator-by-brickdroid-moc-factory\/","title":{"rendered":"MOC-47004 Creador de Godzilla Brickheadz por Brickdroid MOC FACTORY"},"content":{"rendered":"<p style=\"text-align: left\">MOC-47004 Godzilla Brickheadz Creator de Brickdroid MOC FACTORY es un conjunto de la colecci\u00f3n Creator, dise\u00f1ado por Brickdroid. Este MOC 47004 viene con instrucciones en PDF que son f\u00e1ciles de construir y encontrar las piezas que faltan. El conjunto contiene 222 piezas, lanzado por primera vez en 2021.<\/p>\n<figure id=\"attachment_201443\" aria-describedby=\"caption-attachment-201443\" style=\"width: 800px\" class=\"wp-caption aligncenter\"><a href=\"https:\/\/pay.lpwstore.com\/wp-content\/uploads\/2021\/01\/MOC-47004-Godzilla-Brickheadz-Creator-by-Brickdroid-MOC-FACTORY.jpg\" target=\"_blank\" rel=\"noopener\"><img fetchpriority=\"high\" decoding=\"async\" class=\"wp-image-201443 size-full\" title=\"MOC-47004 Creador de Godzilla Brickheadz por Brickdroid MOC FACTORY\" src=\"https:\/\/pay.lpwstore.com\/wp-content\/uploads\/2021\/01\/MOC-47004-Godzilla-Brickheadz-Creator-by-Brickdroid-MOC-FACTORY.jpg\" alt=\"MOC-47004 Godzilla Brickheadz Creator by Brickdroid MOC FACTORY\" width=\"800\" height=\"800\" \/><\/a><figcaption id=\"caption-attachment-201443\" class=\"wp-caption-text\">MOC-47004 Creador de Godzilla Brickheadz por Brickdroid MOC FACTORY<\/figcaption><\/figure>\n<p><img decoding=\"async\" class=\"alignnone size-full wp-image-201444 aligncenter\" src=\"https:\/\/pay.lpwstore.com\/wp-content\/uploads\/2021\/01\/MOC-47004-Godzilla-Brickheadz-Creator-by-Brickdroid-MOC-FACTORY-2.jpg\" alt=\"-\" width=\"800\" height=\"800\" title=\"-\"><\/p>","protected":false},"excerpt":{"rendered":"<ul>\n<li>Incluir\u00a0<strong>222+<\/strong>\u00a0piezas<\/li>\n<li>Instrucci\u00f3n PDF en l\u00ednea<\/li>\n<li>Bloque ABS de alta calidad.<\/li>\n<\/ul>","protected":false},"featured_media":22815,"comment_status":"open","ping_status":"closed","template":"","meta":{"_acf_changed":false},"product_cat":[371],"product_tag":[],"class_list":["product","first","instock","shipping-taxable","purchasable","product-type-simple"],"acf":[],"_links":{"self":[{"href":"https:\/\/mouldking.store\/es\/wp-json\/wp\/v2\/product\/22817","targetHints":{"allow":["GET"]}}],"collection":[{"href":"https:\/\/mouldking.store\/es\/wp-json\/wp\/v2\/product"}],"about":[{"href":"https:\/\/mouldking.store\/es\/wp-json\/wp\/v2\/types\/product"}],"replies":[{"embeddable":true,"href":"https:\/\/mouldking.store\/es\/wp-json\/wp\/v2\/comments?post=22817"}],"wp:featuredmedia":[{"embeddable":true,"href":"https:\/\/mouldking.store\/es\/wp-json\/wp\/v2\/media\/22815"}],"wp:attachment":[{"href":"https:\/\/mouldking.store\/es\/wp-json\/wp\/v2\/media?parent=22817"}],"wp:term":[{"taxonomy":"product_cat","embeddable":true,"href":"https:\/\/mouldking.store\/es\/wp-json\/wp\/v2\/product_cat?post=22817"},{"taxonomy":"product_tag","embeddable":true,"href":"https:\/\/mouldking.store\/es\/wp-json\/wp\/v2\/product_tag?post=22817"}],"curies":[{"name":"wp","href":"https:\/\/api.w.org\/{rel}","templated":true}]}}