{"id":22820,"date":"2021-10-10T04:45:11","date_gmt":"2021-10-09T21:45:11","guid":{"rendered":"https:\/\/mouldking.store\/shop\/moc-58489-little-drummer-boy-creator-by-jkbrickworks-moc-factory\/"},"modified":"2025-12-25T09:21:05","modified_gmt":"2025-12-25T02:21:05","slug":"moc-58489-little-drummer-boy-creator-by-jkbrickworks-moc-factory","status":"publish","type":"product","link":"https:\/\/mouldking.store\/es\/shop\/moc-58489-little-drummer-boy-creator-by-jkbrickworks-moc-factory\/","title":{"rendered":"MOC-58489 Creador de Little Drummer Boy de JKBrickworks MOC FACTORY"},"content":{"rendered":"<p style=\"text-align: left\">MOC-58489 Little Drummer Boy Creator de JKBrickworks MOC FACTORY es un conjunto de la colecci\u00f3n Creator, dise\u00f1ado por JKBrickworks. Este MOC 58489 viene con instrucciones en PDF que son f\u00e1ciles de construir y encontrar las piezas que faltan. El conjunto contiene 526 piezas, lanzado por primera vez en 2021.<\/p>\n<figure id=\"attachment_201449\" aria-describedby=\"caption-attachment-201449\" style=\"width: 800px\" class=\"wp-caption aligncenter\"><a href=\"https:\/\/pay.lpwstore.com\/wp-content\/uploads\/2021\/01\/MOC-58489-Little-Drummer-Boy-Creator-by-JKBrickworks-MOC-FACTORY.jpg\" target=\"_blank\" rel=\"noopener\"><img fetchpriority=\"high\" decoding=\"async\" class=\"wp-image-201449 size-full\" title=\"MOC-58489 Creador de Little Drummer Boy de JKBrickworks MOC FACTORY\" src=\"https:\/\/pay.lpwstore.com\/wp-content\/uploads\/2021\/01\/MOC-58489-Little-Drummer-Boy-Creator-by-JKBrickworks-MOC-FACTORY.jpg\" alt=\"MOC-58489 Little Drummer Boy Creator by JKBrickworks MOC FACTORY\" width=\"800\" height=\"800\" \/><\/a><figcaption id=\"caption-attachment-201449\" class=\"wp-caption-text\">MOC-58489 Creador de Little Drummer Boy de JKBrickworks MOC FACTORY<\/figcaption><\/figure>\n<p><img decoding=\"async\" class=\"alignnone size-full wp-image-201450 aligncenter\" src=\"https:\/\/pay.lpwstore.com\/wp-content\/uploads\/2021\/01\/MOC-58489-Little-Drummer-Boy-Creator-by-JKBrickworks-MOC-FACTORY-2.jpg\" alt=\"-\" width=\"800\" height=\"800\" title=\"-\"><\/p>","protected":false},"excerpt":{"rendered":"<ul>\n<li>Incluir\u00a0<strong>526+<\/strong>\u00a0piezas<\/li>\n<li>Instrucci\u00f3n PDF en l\u00ednea<\/li>\n<li>Bloque ABS de alta calidad.<\/li>\n<\/ul>","protected":false},"featured_media":22818,"comment_status":"open","ping_status":"closed","template":"","meta":{"_acf_changed":false},"product_cat":[371],"product_tag":[],"class_list":["product","first","outofstock","shipping-taxable","purchasable","product-type-simple"],"acf":[],"_links":{"self":[{"href":"https:\/\/mouldking.store\/es\/wp-json\/wp\/v2\/product\/22820","targetHints":{"allow":["GET"]}}],"collection":[{"href":"https:\/\/mouldking.store\/es\/wp-json\/wp\/v2\/product"}],"about":[{"href":"https:\/\/mouldking.store\/es\/wp-json\/wp\/v2\/types\/product"}],"replies":[{"embeddable":true,"href":"https:\/\/mouldking.store\/es\/wp-json\/wp\/v2\/comments?post=22820"}],"wp:featuredmedia":[{"embeddable":true,"href":"https:\/\/mouldking.store\/es\/wp-json\/wp\/v2\/media\/22818"}],"wp:attachment":[{"href":"https:\/\/mouldking.store\/es\/wp-json\/wp\/v2\/media?parent=22820"}],"wp:term":[{"taxonomy":"product_cat","embeddable":true,"href":"https:\/\/mouldking.store\/es\/wp-json\/wp\/v2\/product_cat?post=22820"},{"taxonomy":"product_tag","embeddable":true,"href":"https:\/\/mouldking.store\/es\/wp-json\/wp\/v2\/product_tag?post=22820"}],"curies":[{"name":"wp","href":"https:\/\/api.w.org\/{rel}","templated":true}]}}