{"id":22829,"date":"2021-10-10T04:45:21","date_gmt":"2021-10-09T21:45:21","guid":{"rendered":"https:\/\/mouldking.store\/shop\/moc-53659-petra-creator-by-benbuildslego-moc-factory\/"},"modified":"2025-12-25T09:21:05","modified_gmt":"2025-12-25T02:21:05","slug":"moc-53659-petra-creator-by-benbuildslego-moc-factory","status":"publish","type":"product","link":"https:\/\/mouldking.store\/es\/shop\/moc-53659-petra-creator-by-benbuildslego-moc-factory\/","title":{"rendered":"MOC-53659 Creador de Petra por benbuildslego MOC FACTORY"},"content":{"rendered":"<p style=\"text-align: left\">MOC-53659 Petra Creator de benbuildslego MOC FACTORY es un conjunto de la colecci\u00f3n Creator, dise\u00f1ado por benbuildslego. Este MOC 53659 viene con instrucciones en PDF que son f\u00e1ciles de construir y encontrar las piezas que faltan. El conjunto contiene 248 piezas, lanzado por primera vez en 2021.<\/p>\n<figure id=\"attachment_201572\" aria-describedby=\"caption-attachment-201572\" style=\"width: 800px\" class=\"wp-caption aligncenter\"><a href=\"https:\/\/pay.lpwstore.com\/wp-content\/uploads\/2021\/01\/MOC-53659-Petra-Creator-by-benbuildslego-MOC-FACTORY.jpg\" target=\"_blank\" rel=\"noopener\"><img fetchpriority=\"high\" decoding=\"async\" class=\"wp-image-201572 size-full\" title=\"MOC-53659 Creador de Petra por benbuildslego MOC FACTORY\" src=\"https:\/\/pay.lpwstore.com\/wp-content\/uploads\/2021\/01\/MOC-53659-Petra-Creator-by-benbuildslego-MOC-FACTORY.jpg\" alt=\"MOC-53659 Petra Creator by benbuildslego MOC FACTORY\" width=\"800\" height=\"800\" \/><\/a><figcaption id=\"caption-attachment-201572\" class=\"wp-caption-text\">MOC-53659 Creador de Petra por benbuildslego MOC FACTORY<\/figcaption><\/figure>\n<p><img decoding=\"async\" class=\"alignnone size-full wp-image-201573 aligncenter\" src=\"https:\/\/pay.lpwstore.com\/wp-content\/uploads\/2021\/01\/MOC-53659-Petra-Creator-by-benbuildslego-MOC-FACTORY-2.jpg\" alt=\"-\" width=\"800\" height=\"800\" title=\"-\"><\/p>","protected":false},"excerpt":{"rendered":"<ul>\n<li>Incluir<strong> 248+<\/strong> piezas<\/li>\n<li>Instrucci\u00f3n PDF en l\u00ednea<\/li>\n<li>Bloque ABS de alta calidad.<\/li>\n<\/ul>","protected":false},"featured_media":22827,"comment_status":"open","ping_status":"closed","template":"","meta":{"_acf_changed":false},"product_cat":[371],"product_tag":[],"class_list":["product","first","instock","shipping-taxable","purchasable","product-type-simple"],"acf":[],"_links":{"self":[{"href":"https:\/\/mouldking.store\/es\/wp-json\/wp\/v2\/product\/22829","targetHints":{"allow":["GET"]}}],"collection":[{"href":"https:\/\/mouldking.store\/es\/wp-json\/wp\/v2\/product"}],"about":[{"href":"https:\/\/mouldking.store\/es\/wp-json\/wp\/v2\/types\/product"}],"replies":[{"embeddable":true,"href":"https:\/\/mouldking.store\/es\/wp-json\/wp\/v2\/comments?post=22829"}],"wp:featuredmedia":[{"embeddable":true,"href":"https:\/\/mouldking.store\/es\/wp-json\/wp\/v2\/media\/22827"}],"wp:attachment":[{"href":"https:\/\/mouldking.store\/es\/wp-json\/wp\/v2\/media?parent=22829"}],"wp:term":[{"taxonomy":"product_cat","embeddable":true,"href":"https:\/\/mouldking.store\/es\/wp-json\/wp\/v2\/product_cat?post=22829"},{"taxonomy":"product_tag","embeddable":true,"href":"https:\/\/mouldking.store\/es\/wp-json\/wp\/v2\/product_tag?post=22829"}],"curies":[{"name":"wp","href":"https:\/\/api.w.org\/{rel}","templated":true}]}}