{"id":22843,"date":"2021-10-10T04:45:39","date_gmt":"2021-10-09T21:45:39","guid":{"rendered":"https:\/\/mouldking.store\/shop\/moc-47343-spinosaurus-skeleton-sea-turtle-alternative-build-for-21320-dinosaur-fossils-creator-by-s7evinde-moc-factory\/"},"modified":"2025-12-25T09:21:05","modified_gmt":"2025-12-25T02:21:05","slug":"moc-47343-spinosaurus-skeleton-sea-turtle-alternative-build-for-21320-dinosaur-fossils-creator-by-s7evinde-moc-factory","status":"publish","type":"product","link":"https:\/\/mouldking.store\/es\/shop\/moc-47343-spinosaurus-skeleton-sea-turtle-alternative-build-for-21320-dinosaur-fossils-creator-by-s7evinde-moc-factory\/","title":{"rendered":"MOC-47343 Spinosaurus Skeleton + Sea Turtle - Versi\u00f3n alternativa para 21320 Dinosaur Fossils Creator de S7evinDE MOC FACTORY"},"content":{"rendered":"<p style=\"text-align: left\">MOC-47343 Spinosaurus Skeleton + Sea Turtle: construcci\u00f3n alternativa para 21320 Dinosaur Fossils Creator de S7evinDE MOC FACTORY es un conjunto de la colecci\u00f3n Creator, dise\u00f1ado por S7evinDE. Este MOC 47343 viene con instrucciones en PDF que son f\u00e1ciles de construir y encontrar las piezas que faltan. El conjunto contiene 657 piezas, lanzado por primera vez en 2021.<\/p>\n<figure id=\"attachment_201642\" aria-describedby=\"caption-attachment-201642\" style=\"width: 800px\" class=\"wp-caption aligncenter\"><a href=\"https:\/\/pay.lpwstore.com\/wp-content\/uploads\/2021\/01\/MOC-47343-Spinosaurus-Skeleton-Sea-Turtle-Alternative-Build-for-21320-Dinosaur-Fossils-Creator-by-S7evinDE-MOC-FACTORY.jpg\" target=\"_blank\" rel=\"noopener\"><img fetchpriority=\"high\" decoding=\"async\" class=\"wp-image-201642 size-full\" title=\"MOC-47343 Spinosaurus Skeleton + Sea Turtle - Construcci\u00f3n alternativa para 21320 Dinosaur Fossils Creator de S7evinDE MOC FACTORY\" src=\"https:\/\/pay.lpwstore.com\/wp-content\/uploads\/2021\/01\/MOC-47343-Spinosaurus-Skeleton-Sea-Turtle-Alternative-Build-for-21320-Dinosaur-Fossils-Creator-by-S7evinDE-MOC-FACTORY.jpg\" alt=\"MOC-47343 Spinosaurus Skeleton + Sea Turtle - Alternative Build for 21320 Dinosaur Fossils Creator by S7evinDE MOC FACTORY\" width=\"800\" height=\"800\" \/><\/a><figcaption id=\"caption-attachment-201642\" class=\"wp-caption-text\">MOC-47343 Spinosaurus Skeleton + Sea Turtle - Versi\u00f3n alternativa para 21320 Dinosaur Fossils Creator de S7evinDE MOC FACTORY<\/figcaption><\/figure>\n<p><img decoding=\"async\" class=\"alignnone size-full wp-image-201643 aligncenter\" src=\"https:\/\/pay.lpwstore.com\/wp-content\/uploads\/2021\/01\/MOC-47343-Spinosaurus-Skeleton-Sea-Turtle-Alternative-Build-for-21320-Dinosaur-Fossils-Creator-by-S7evinDE-MOC-FACTORY-2.jpg\" alt=\"-\" width=\"800\" height=\"800\" title=\"-\"><\/p>","protected":false},"excerpt":{"rendered":"<ul>\n<li>Incluir\u00a0<strong>657+<\/strong>\u00a0piezas<\/li>\n<li>Instrucci\u00f3n PDF en l\u00ednea<\/li>\n<li>Bloque ABS de alta calidad.<\/li>\n<\/ul>","protected":false},"featured_media":22841,"comment_status":"open","ping_status":"closed","template":"","meta":{"_acf_changed":false},"product_cat":[371],"product_tag":[],"class_list":["product","first","instock","shipping-taxable","purchasable","product-type-simple"],"acf":[],"_links":{"self":[{"href":"https:\/\/mouldking.store\/es\/wp-json\/wp\/v2\/product\/22843","targetHints":{"allow":["GET"]}}],"collection":[{"href":"https:\/\/mouldking.store\/es\/wp-json\/wp\/v2\/product"}],"about":[{"href":"https:\/\/mouldking.store\/es\/wp-json\/wp\/v2\/types\/product"}],"replies":[{"embeddable":true,"href":"https:\/\/mouldking.store\/es\/wp-json\/wp\/v2\/comments?post=22843"}],"wp:featuredmedia":[{"embeddable":true,"href":"https:\/\/mouldking.store\/es\/wp-json\/wp\/v2\/media\/22841"}],"wp:attachment":[{"href":"https:\/\/mouldking.store\/es\/wp-json\/wp\/v2\/media?parent=22843"}],"wp:term":[{"taxonomy":"product_cat","embeddable":true,"href":"https:\/\/mouldking.store\/es\/wp-json\/wp\/v2\/product_cat?post=22843"},{"taxonomy":"product_tag","embeddable":true,"href":"https:\/\/mouldking.store\/es\/wp-json\/wp\/v2\/product_tag?post=22843"}],"curies":[{"name":"wp","href":"https:\/\/api.w.org\/{rel}","templated":true}]}}