{"id":22863,"date":"2021-10-10T04:45:57","date_gmt":"2021-10-09T21:45:57","guid":{"rendered":"https:\/\/mouldking.store\/shop\/moc-50565-mercury-starrunner-from-crusader-industries-space-by-osamadabinman-moc-factory\/"},"modified":"2025-12-25T09:21:05","modified_gmt":"2025-12-25T02:21:05","slug":"moc-50565-mercury-starrunner-from-crusader-industries-space-by-osamadabinman-moc-factory","status":"publish","type":"product","link":"https:\/\/mouldking.store\/es\/shop\/moc-50565-mercury-starrunner-from-crusader-industries-space-by-osamadabinman-moc-factory\/","title":{"rendered":"MOC-50565 Mercury Starrunner de Crusader Industries Space por osamadabinman MOC FACTORY"},"content":{"rendered":"<p style=\"text-align: left;\">MOC-50565 Mercury Starrunner de Crusader Industries Space de osamadabinman MOC FACTORY es un set de la colecci\u00f3n Space, dise\u00f1ado por osamadabinman. Este MOC 50565 viene con instrucciones en PDF que es f\u00e1cil de construir y encontrar las piezas que faltan. El conjunto contiene 1187 piezas, lanzado por primera vez en 2021.<\/p>\n<p>&nbsp;<\/p>\n<figure id=\"attachment_202095\" class=\"wp-caption aligncenter\" style=\"width: 800px;\" aria-describedby=\"caption-attachment-202095\"><a href=\"https:\/\/pay.lpwstore.com\/wp-content\/uploads\/2021\/02\/MOC-50565-Mercury-Starrunner-from-Crusader-Industries-Space-by-osamadabinman-MOC-FACTORY.jpg\" target=\"_blank\" rel=\"noopener\"><img fetchpriority=\"high\" decoding=\"async\" class=\"wp-image-202095 size-full\" title=\"MOC-50565 Mercury Starrunner de Crusader Industries Space por osamadabinman MOC FACTORY\" src=\"https:\/\/pay.lpwstore.com\/wp-content\/uploads\/2021\/02\/MOC-50565-Mercury-Starrunner-from-Crusader-Industries-Space-by-osamadabinman-MOC-FACTORY.jpg\" alt=\"MOC-50565 Mercury Starrunner from Crusader Industries Space by osamadabinman MOC FACTORY\" width=\"800\" height=\"800\" \/><\/a><figcaption id=\"caption-attachment-202095\" class=\"wp-caption-text\">MOC-50565 Mercury Starrunner de Crusader Industries Space por osamadabinman MOC FACTORY<\/figcaption><\/figure>\n<p><img decoding=\"async\" class=\"alignnone size-full wp-image-202096 aligncenter\" src=\"https:\/\/pay.lpwstore.com\/wp-content\/uploads\/2021\/02\/MOC-50565-Mercury-Starrunner-from-Crusader-Industries-Space-by-osamadabinman-MOC-FACTORY-2.jpg\" alt=\"-\" width=\"800\" height=\"800\" title=\"-\"> <img decoding=\"async\" class=\"alignnone size-full wp-image-202097 aligncenter\" src=\"https:\/\/pay.lpwstore.com\/wp-content\/uploads\/2021\/02\/MOC-50565-Mercury-Starrunner-from-Crusader-Industries-Space-by-osamadabinman-MOC-FACTORY-3.jpg\" alt=\"-\" width=\"800\" height=\"800\" title=\"-\"> <img loading=\"lazy\" decoding=\"async\" class=\"alignnone size-full wp-image-202098 aligncenter\" src=\"https:\/\/pay.lpwstore.com\/wp-content\/uploads\/2021\/02\/MOC-50565-Mercury-Starrunner-from-Crusader-Industries-Space-by-osamadabinman-MOC-FACTORY-4.jpg\" alt=\"-\" width=\"800\" height=\"800\" title=\"-\"><\/p>","protected":false},"excerpt":{"rendered":"<p><span style=\"font-size: 150%; color: #ff0000;\"><strong>PREVENTA. DISPONIBLE EN ABRIL 2021<\/strong><\/span><\/p>\n<ul>\n<li>Incluir\u00a0<strong>1187+<\/strong>\u00a0piezas<\/li>\n<li>Instrucci\u00f3n PDF en l\u00ednea<\/li>\n<li>Bloque ABS de alta calidad.<\/li>\n<\/ul>","protected":false},"featured_media":22859,"comment_status":"open","ping_status":"closed","template":"","meta":{"_acf_changed":false},"product_cat":[371],"product_tag":[],"class_list":["product","first","instock","shipping-taxable","purchasable","product-type-simple"],"acf":[],"_links":{"self":[{"href":"https:\/\/mouldking.store\/es\/wp-json\/wp\/v2\/product\/22863","targetHints":{"allow":["GET"]}}],"collection":[{"href":"https:\/\/mouldking.store\/es\/wp-json\/wp\/v2\/product"}],"about":[{"href":"https:\/\/mouldking.store\/es\/wp-json\/wp\/v2\/types\/product"}],"replies":[{"embeddable":true,"href":"https:\/\/mouldking.store\/es\/wp-json\/wp\/v2\/comments?post=22863"}],"wp:featuredmedia":[{"embeddable":true,"href":"https:\/\/mouldking.store\/es\/wp-json\/wp\/v2\/media\/22859"}],"wp:attachment":[{"href":"https:\/\/mouldking.store\/es\/wp-json\/wp\/v2\/media?parent=22863"}],"wp:term":[{"taxonomy":"product_cat","embeddable":true,"href":"https:\/\/mouldking.store\/es\/wp-json\/wp\/v2\/product_cat?post=22863"},{"taxonomy":"product_tag","embeddable":true,"href":"https:\/\/mouldking.store\/es\/wp-json\/wp\/v2\/product_tag?post=22863"}],"curies":[{"name":"wp","href":"https:\/\/api.w.org\/{rel}","templated":true}]}}