{"id":22886,"date":"2021-10-10T04:46:30","date_gmt":"2021-10-10T04:46:30","guid":{"rendered":"https:\/\/mouldking.store\/shop\/moc-4704-crawler-grabber-technic-by-nico71-moc-factory\/"},"modified":"2025-12-25T09:21:03","modified_gmt":"2025-12-25T02:21:03","slug":"moc-4704-crawler-grabber-technic-by-nico71-moc-factory","status":"publish","type":"product","link":"https:\/\/mouldking.store\/es\/shop\/moc-4704-crawler-grabber-technic-by-nico71-moc-factory\/","title":{"rendered":"MOC-4704 T\u00e9cnica de captura de orugas de Nico71 MOC FACTORY"},"content":{"rendered":"<p style=\"text-align: left\">MOC-4704 Crawler Grabber Technic de Nico71 MOC FACTORY es un conjunto de la colecci\u00f3n Technic, dise\u00f1ado por Nico71. Este MOC 4704 viene con instrucciones en PDF que son f\u00e1ciles de construir y encontrar las piezas que faltan. El conjunto contiene 873 piezas, lanzado por primera vez en 2021.<\/p>\n<figure id=\"attachment_202225\" aria-describedby=\"caption-attachment-202225\" style=\"width: 800px\" class=\"wp-caption aligncenter\"><a href=\"https:\/\/pay.lpwstore.com\/wp-content\/uploads\/2021\/02\/MOC-4704-Crawler-Grabber-Technic-by-Nico71-MOC-FACTORY.jpg\" target=\"_blank\" rel=\"noopener\"><img fetchpriority=\"high\" decoding=\"async\" class=\"wp-image-202225 size-full\" title=\"MOC-4704 T\u00e9cnica de captura de orugas de Nico71 MOC FACTORY\" src=\"https:\/\/pay.lpwstore.com\/wp-content\/uploads\/2021\/02\/MOC-4704-Crawler-Grabber-Technic-by-Nico71-MOC-FACTORY.jpg\" alt=\"MOC-4704 Crawler Grabber Technic by Nico71 MOC FACTORY\" width=\"800\" height=\"800\" \/><\/a><figcaption id=\"caption-attachment-202225\" class=\"wp-caption-text\">MOC-4704 T\u00e9cnica de captura de orugas de Nico71 MOC FACTORY<\/figcaption><\/figure>\n<p><img decoding=\"async\" class=\"alignnone size-full wp-image-202226 aligncenter\" src=\"https:\/\/pay.lpwstore.com\/wp-content\/uploads\/2021\/02\/MOC-4704-Crawler-Grabber-Technic-by-Nico71-MOC-FACTORY-2.jpg\" alt=\"-\" width=\"800\" height=\"800\" title=\"-\"> <img decoding=\"async\" class=\"alignnone size-full wp-image-202227 aligncenter\" src=\"https:\/\/pay.lpwstore.com\/wp-content\/uploads\/2021\/02\/MOC-4704-Crawler-Grabber-Technic-by-Nico71-MOC-FACTORY-3.jpg\" alt=\"-\" width=\"800\" height=\"800\" title=\"-\"> <img loading=\"lazy\" decoding=\"async\" class=\"alignnone size-full wp-image-202228 aligncenter\" src=\"https:\/\/pay.lpwstore.com\/wp-content\/uploads\/2021\/02\/MOC-4704-Crawler-Grabber-Technic-by-Nico71-MOC-FACTORY-4.jpg\" alt=\"-\" width=\"800\" height=\"800\" title=\"-\"> <img loading=\"lazy\" decoding=\"async\" class=\"alignnone size-full wp-image-202229 aligncenter\" src=\"https:\/\/pay.lpwstore.com\/wp-content\/uploads\/2021\/02\/MOC-4704-Crawler-Grabber-Technic-by-Nico71-MOC-FACTORY-5.jpg\" alt=\"MOC-4704-Crawler-Grabber-Technic-by-Nico71-MOC-FACTORY-5\" width=\"800\" height=\"800\" title=\"-\"><\/p>","protected":false},"excerpt":{"rendered":"<ul>\n<li>Incluir\u00a0<strong>873+<\/strong>\u00a0piezas<\/li>\n<li>Instrucci\u00f3n PDF en l\u00ednea<\/li>\n<li>Bloque ABS de alta calidad.<\/li>\n<li>con funci\u00f3n de potencia<\/li>\n<\/ul>","protected":false},"featured_media":22881,"comment_status":"open","ping_status":"closed","template":"","meta":{"_acf_changed":false},"product_cat":[364],"product_tag":[],"class_list":["product","first","instock","shipping-taxable","purchasable","product-type-simple"],"acf":[],"_links":{"self":[{"href":"https:\/\/mouldking.store\/es\/wp-json\/wp\/v2\/product\/22886","targetHints":{"allow":["GET"]}}],"collection":[{"href":"https:\/\/mouldking.store\/es\/wp-json\/wp\/v2\/product"}],"about":[{"href":"https:\/\/mouldking.store\/es\/wp-json\/wp\/v2\/types\/product"}],"replies":[{"embeddable":true,"href":"https:\/\/mouldking.store\/es\/wp-json\/wp\/v2\/comments?post=22886"}],"wp:featuredmedia":[{"embeddable":true,"href":"https:\/\/mouldking.store\/es\/wp-json\/wp\/v2\/media\/22881"}],"wp:attachment":[{"href":"https:\/\/mouldking.store\/es\/wp-json\/wp\/v2\/media?parent=22886"}],"wp:term":[{"taxonomy":"product_cat","embeddable":true,"href":"https:\/\/mouldking.store\/es\/wp-json\/wp\/v2\/product_cat?post=22886"},{"taxonomy":"product_tag","embeddable":true,"href":"https:\/\/mouldking.store\/es\/wp-json\/wp\/v2\/product_tag?post=22886"}],"curies":[{"name":"wp","href":"https:\/\/api.w.org\/{rel}","templated":true}]}}