{"id":22986,"date":"2021-10-10T04:48:26","date_gmt":"2021-10-09T21:48:26","guid":{"rendered":"https:\/\/mouldking.store\/shop\/moc-59860-ship-at-sea-creator-by-planet-gbc-moc-factory\/"},"modified":"2025-12-25T09:21:02","modified_gmt":"2025-12-25T02:21:02","slug":"moc-59860-ship-at-sea-creator-by-planet-gbc-moc-factory","status":"publish","type":"product","link":"https:\/\/mouldking.store\/es\/shop\/moc-59860-ship-at-sea-creator-by-planet-gbc-moc-factory\/","title":{"rendered":"MOC-59860 Barco en el mar Creador por Planet GBC MOC FACTORY"},"content":{"rendered":"<p style=\"text-align: left\">MOC-59860 Ship at Sea Creator de Planet GBC MOC FACTORY es un conjunto de la colecci\u00f3n Creator, dise\u00f1ado por Planet GBC. Este MOC 59860 viene con instrucciones en PDF que son f\u00e1ciles de construir y encontrar las piezas que faltan. El conjunto contiene 513 piezas, lanzado por primera vez en 2021.<\/p>\n<figure id=\"attachment_202766\" aria-describedby=\"caption-attachment-202766\" style=\"width: 800px\" class=\"wp-caption aligncenter\"><a href=\"https:\/\/pay.lpwstore.com\/wp-content\/uploads\/2021\/02\/MOC-59860-Ship-at-Sea-Creator-by-Planet-GBC-MOC-FACTORY.jpg\" target=\"_blank\" rel=\"noopener\"><img fetchpriority=\"high\" decoding=\"async\" class=\"wp-image-202766 size-full\" title=\"MOC-59860 Barco en el mar Creador por Planet GBC MOC FACTORY\" src=\"https:\/\/pay.lpwstore.com\/wp-content\/uploads\/2021\/02\/MOC-59860-Ship-at-Sea-Creator-by-Planet-GBC-MOC-FACTORY.jpg\" alt=\"MOC-59860 Ship at Sea Creator by Planet GBC MOC FACTORY\" width=\"800\" height=\"800\" \/><\/a><figcaption id=\"caption-attachment-202766\" class=\"wp-caption-text\">MOC-59860 Barco en el mar Creador por Planet GBC MOC FACTORY<\/figcaption><\/figure>","protected":false},"excerpt":{"rendered":"<ul>\n<li>Incluir\u00a0<strong>513+<\/strong>\u00a0piezas<\/li>\n<li>Instrucci\u00f3n PDF en l\u00ednea<\/li>\n<li>Bloque ABS de alta calidad.<\/li>\n<li>Dimensiones: 13 x 11 x 9 cm<\/li>\n<\/ul>","protected":false},"featured_media":22985,"comment_status":"open","ping_status":"closed","template":"","meta":{"_acf_changed":false},"product_cat":[371],"product_tag":[],"class_list":["product","first","instock","shipping-taxable","purchasable","product-type-simple"],"acf":[],"_links":{"self":[{"href":"https:\/\/mouldking.store\/es\/wp-json\/wp\/v2\/product\/22986","targetHints":{"allow":["GET"]}}],"collection":[{"href":"https:\/\/mouldking.store\/es\/wp-json\/wp\/v2\/product"}],"about":[{"href":"https:\/\/mouldking.store\/es\/wp-json\/wp\/v2\/types\/product"}],"replies":[{"embeddable":true,"href":"https:\/\/mouldking.store\/es\/wp-json\/wp\/v2\/comments?post=22986"}],"wp:featuredmedia":[{"embeddable":true,"href":"https:\/\/mouldking.store\/es\/wp-json\/wp\/v2\/media\/22985"}],"wp:attachment":[{"href":"https:\/\/mouldking.store\/es\/wp-json\/wp\/v2\/media?parent=22986"}],"wp:term":[{"taxonomy":"product_cat","embeddable":true,"href":"https:\/\/mouldking.store\/es\/wp-json\/wp\/v2\/product_cat?post=22986"},{"taxonomy":"product_tag","embeddable":true,"href":"https:\/\/mouldking.store\/es\/wp-json\/wp\/v2\/product_tag?post=22986"}],"curies":[{"name":"wp","href":"https:\/\/api.w.org\/{rel}","templated":true}]}}