{"id":23000,"date":"2021-10-10T04:48:38","date_gmt":"2021-10-09T21:48:38","guid":{"rendered":"https:\/\/mouldking.store\/shop\/moc-33235-60092-deep-space-jet-space-by-plastic-ati-moc-factory\/"},"modified":"2025-12-25T09:21:02","modified_gmt":"2025-12-25T02:21:02","slug":"moc-33235-60092-deep-space-jet-space-by-plastic-ati-moc-factory","status":"publish","type":"product","link":"https:\/\/mouldking.store\/es\/shop\/moc-33235-60092-deep-space-jet-space-by-plastic-ati-moc-factory\/","title":{"rendered":"MOC-33235 60092 Deep Space Jet Space de plastic.ati MOC FACTORY"},"content":{"rendered":"<p>MOC-33235 60092 Deep Space Jet Space de plastic.ati MOC FACTORY es un set de la colecci\u00f3n Space, dise\u00f1ado por plastic.ati. Este MOC 33235 viene con instrucciones en PDF que son f\u00e1ciles de construir y encontrar las piezas que faltan. El conjunto contiene 88 piezas, lanzado por primera vez en 2021.<\/p>\n<figure id=\"attachment_202806\" aria-describedby=\"caption-attachment-202806\" style=\"width: 800px\" class=\"wp-caption aligncenter\"><a href=\"https:\/\/pay.lpwstore.com\/wp-content\/uploads\/2021\/02\/MOC-33235-60092-Deep-Space-Jet-Space-by-plastic.ati-MOC-FACTORY.jpg\" target=\"_blank\" rel=\"noopener\"><img fetchpriority=\"high\" decoding=\"async\" class=\"wp-image-202806 size-full\" title=\"MOC-33235 60092 Deep Space Jet Space de plastic.ati MOC FACTORY\" src=\"https:\/\/pay.lpwstore.com\/wp-content\/uploads\/2021\/02\/MOC-33235-60092-Deep-Space-Jet-Space-by-plastic.ati-MOC-FACTORY.jpg\" alt=\"MOC-33235 60092 Deep Space Jet Space by plastic.ati MOC FACTORY\" width=\"800\" height=\"800\" \/><\/a><figcaption id=\"caption-attachment-202806\" class=\"wp-caption-text\">MOC-33235 60092 Deep Space Jet Space de plastic.ati MOC FACTORY<\/figcaption><\/figure>","protected":false},"excerpt":{"rendered":"<ul>\n<li>Incluir\u00a0<strong>88+<\/strong>\u00a0piezas<\/li>\n<li>Instrucci\u00f3n PDF en l\u00ednea<\/li>\n<li>Bloque ABS de alta calidad.<\/li>\n<li>Dimensiones: 11 x 13 x 7 cm<\/li>\n<\/ul>","protected":false},"featured_media":22999,"comment_status":"open","ping_status":"closed","template":"","meta":{"_acf_changed":false},"product_cat":[371],"product_tag":[],"class_list":["product","first","outofstock","shipping-taxable","purchasable","product-type-simple"],"acf":[],"_links":{"self":[{"href":"https:\/\/mouldking.store\/es\/wp-json\/wp\/v2\/product\/23000","targetHints":{"allow":["GET"]}}],"collection":[{"href":"https:\/\/mouldking.store\/es\/wp-json\/wp\/v2\/product"}],"about":[{"href":"https:\/\/mouldking.store\/es\/wp-json\/wp\/v2\/types\/product"}],"replies":[{"embeddable":true,"href":"https:\/\/mouldking.store\/es\/wp-json\/wp\/v2\/comments?post=23000"}],"wp:featuredmedia":[{"embeddable":true,"href":"https:\/\/mouldking.store\/es\/wp-json\/wp\/v2\/media\/22999"}],"wp:attachment":[{"href":"https:\/\/mouldking.store\/es\/wp-json\/wp\/v2\/media?parent=23000"}],"wp:term":[{"taxonomy":"product_cat","embeddable":true,"href":"https:\/\/mouldking.store\/es\/wp-json\/wp\/v2\/product_cat?post=23000"},{"taxonomy":"product_tag","embeddable":true,"href":"https:\/\/mouldking.store\/es\/wp-json\/wp\/v2\/product_tag?post=23000"}],"curies":[{"name":"wp","href":"https:\/\/api.w.org\/{rel}","templated":true}]}}