{"id":23019,"date":"2021-10-10T04:48:54","date_gmt":"2021-10-10T04:48:54","guid":{"rendered":"https:\/\/mouldking.store\/shop\/moc-24137-mr-handy-creator-by-daarken-moc-factory\/"},"modified":"2025-12-25T09:21:01","modified_gmt":"2025-12-25T02:21:01","slug":"moc-24137-mr-handy-creator-by-daarken-moc-factory","status":"publish","type":"product","link":"https:\/\/mouldking.store\/es\/shop\/moc-24137-mr-handy-creator-by-daarken-moc-factory\/","title":{"rendered":"MOC-24137 Mr. Handy Creator por daarken MOC FACTORY"},"content":{"rendered":"<p>MOC-24137 Mr. Handy Creator de daarken MOC FACTORY es un conjunto de la colecci\u00f3n Creator, dise\u00f1ado por daarken. Este MOC 24137 viene con instrucciones en PDF que son f\u00e1ciles de construir y encontrar las piezas que faltan. El conjunto contiene 337 piezas, lanzado por primera vez en 2021.<\/p>\n<figure id=\"attachment_202826\" aria-describedby=\"caption-attachment-202826\" style=\"width: 800px\" class=\"wp-caption aligncenter\"><a href=\"https:\/\/pay.lpwstore.com\/wp-content\/uploads\/2021\/02\/MOC-24137-Mr.-Handy-Creator-by-daarken-MOC-FACTORY.jpg\" target=\"_blank\" rel=\"noopener\"><img fetchpriority=\"high\" decoding=\"async\" class=\"wp-image-202826 size-full\" title=\"MOC-24137 Mr. Handy Creator por daarken MOC FACTORY\" src=\"https:\/\/pay.lpwstore.com\/wp-content\/uploads\/2021\/02\/MOC-24137-Mr.-Handy-Creator-by-daarken-MOC-FACTORY.jpg\" alt=\"MOC-24137 Mr. Handy Creator by daarken MOC FACTORY\" width=\"800\" height=\"800\" \/><\/a><figcaption id=\"caption-attachment-202826\" class=\"wp-caption-text\">MOC-24137 Mr. Handy Creator por daarken MOC FACTORY<\/figcaption><\/figure>","protected":false},"excerpt":{"rendered":"<ul>\n<li>Incluir\u00a0<strong>337+<\/strong>\u00a0piezas<\/li>\n<li>Instrucci\u00f3n PDF en l\u00ednea<\/li>\n<li>Bloque ABS de alta calidad.<\/li>\n<li>Dimensiones: 11 x 13 x 7 cm<\/li>\n<\/ul>","protected":false},"featured_media":23018,"comment_status":"open","ping_status":"closed","template":"","meta":{"_acf_changed":false},"product_cat":[371],"product_tag":[],"class_list":["product","first","instock","shipping-taxable","purchasable","product-type-simple"],"acf":[],"_links":{"self":[{"href":"https:\/\/mouldking.store\/es\/wp-json\/wp\/v2\/product\/23019","targetHints":{"allow":["GET"]}}],"collection":[{"href":"https:\/\/mouldking.store\/es\/wp-json\/wp\/v2\/product"}],"about":[{"href":"https:\/\/mouldking.store\/es\/wp-json\/wp\/v2\/types\/product"}],"replies":[{"embeddable":true,"href":"https:\/\/mouldking.store\/es\/wp-json\/wp\/v2\/comments?post=23019"}],"wp:featuredmedia":[{"embeddable":true,"href":"https:\/\/mouldking.store\/es\/wp-json\/wp\/v2\/media\/23018"}],"wp:attachment":[{"href":"https:\/\/mouldking.store\/es\/wp-json\/wp\/v2\/media?parent=23019"}],"wp:term":[{"taxonomy":"product_cat","embeddable":true,"href":"https:\/\/mouldking.store\/es\/wp-json\/wp\/v2\/product_cat?post=23019"},{"taxonomy":"product_tag","embeddable":true,"href":"https:\/\/mouldking.store\/es\/wp-json\/wp\/v2\/product_tag?post=23019"}],"curies":[{"name":"wp","href":"https:\/\/api.w.org\/{rel}","templated":true}]}}