{"id":23022,"date":"2021-10-10T04:48:56","date_gmt":"2021-10-09T21:48:56","guid":{"rendered":"https:\/\/mouldking.store\/shop\/moc-34295-lego-pop-up-book-technic-sytle-creator-by-ontheedge-moc-factory\/"},"modified":"2025-12-25T09:21:01","modified_gmt":"2025-12-25T02:21:01","slug":"moc-34295-lego-pop-up-book-technic-sytle-creator-by-ontheedge-moc-factory","status":"publish","type":"product","link":"https:\/\/mouldking.store\/es\/shop\/moc-34295-lego-pop-up-book-technic-sytle-creator-by-ontheedge-moc-factory\/","title":{"rendered":"MOC-34295 LEGO Pop-up book Technic sytle Creador por OnTheEdge MOC FACTORY"},"content":{"rendered":"<p style=\"text-align: left\">MOC-34295 LEGO Pop up book Technic sytle Creator de OnTheEdge MOC FACTORY es un conjunto de la colecci\u00f3n Creator, dise\u00f1ado por OnTheEdge. Este MOC 34295 viene con instrucciones en PDF que es f\u00e1cil de construir y encontrar las piezas que faltan. El conjunto contiene 719 piezas, lanzado por primera vez en 2021.<\/p>\n<figure id=\"attachment_202828\" aria-describedby=\"caption-attachment-202828\" style=\"width: 800px\" class=\"wp-caption aligncenter\"><a href=\"https:\/\/pay.lpwstore.com\/wp-content\/uploads\/2021\/02\/MOC-34295-LEGO-Pop-up-book-Technic-sytle-Creator-by-OnTheEdge-MOC-FACTORY.jpg\" target=\"_blank\" rel=\"noopener\"><img fetchpriority=\"high\" decoding=\"async\" class=\"wp-image-202828 size-full\" title=\"MOC-34295 LEGO Pop-up book Technic sytle Creador por OnTheEdge MOC FACTORY\" src=\"https:\/\/pay.lpwstore.com\/wp-content\/uploads\/2021\/02\/MOC-34295-LEGO-Pop-up-book-Technic-sytle-Creator-by-OnTheEdge-MOC-FACTORY.jpg\" alt=\"MOC-34295 LEGO Pop up book Technic sytle Creator by OnTheEdge MOC FACTORY\" width=\"800\" height=\"800\" \/><\/a><figcaption id=\"caption-attachment-202828\" class=\"wp-caption-text\">MOC-34295 LEGO Pop-up book Technic sytle Creador por OnTheEdge MOC FACTORY<\/figcaption><\/figure>\n<p><img decoding=\"async\" class=\"alignnone size-full wp-image-202829 aligncenter\" src=\"https:\/\/pay.lpwstore.com\/wp-content\/uploads\/2021\/02\/MOC-34295-LEGO-Pop-up-book-Technic-sytle-Creator-by-OnTheEdge-MOC-FACTORY-2.jpg\" alt=\"MOC-34295-LEGO-Pop-up-book-Technic-sytle-Creator-by-OnTheEdge-MOC-FACTORY-2\" width=\"800\" height=\"800\" title=\"-\"><\/p>","protected":false},"excerpt":{"rendered":"<ul>\n<li>Incluir\u00a0<strong>719+<\/strong>\u00a0piezas<\/li>\n<li>Instrucci\u00f3n PDF en l\u00ednea<\/li>\n<li>Bloque ABS de alta calidad.<\/li>\n<li>Dimensiones: 21 x 29 x 10 cm<\/li>\n<\/ul>","protected":false},"featured_media":23020,"comment_status":"open","ping_status":"closed","template":"","meta":{"_acf_changed":false},"product_cat":[371],"product_tag":[],"class_list":["product","first","outofstock","shipping-taxable","purchasable","product-type-simple"],"acf":[],"_links":{"self":[{"href":"https:\/\/mouldking.store\/es\/wp-json\/wp\/v2\/product\/23022","targetHints":{"allow":["GET"]}}],"collection":[{"href":"https:\/\/mouldking.store\/es\/wp-json\/wp\/v2\/product"}],"about":[{"href":"https:\/\/mouldking.store\/es\/wp-json\/wp\/v2\/types\/product"}],"replies":[{"embeddable":true,"href":"https:\/\/mouldking.store\/es\/wp-json\/wp\/v2\/comments?post=23022"}],"wp:featuredmedia":[{"embeddable":true,"href":"https:\/\/mouldking.store\/es\/wp-json\/wp\/v2\/media\/23020"}],"wp:attachment":[{"href":"https:\/\/mouldking.store\/es\/wp-json\/wp\/v2\/media?parent=23022"}],"wp:term":[{"taxonomy":"product_cat","embeddable":true,"href":"https:\/\/mouldking.store\/es\/wp-json\/wp\/v2\/product_cat?post=23022"},{"taxonomy":"product_tag","embeddable":true,"href":"https:\/\/mouldking.store\/es\/wp-json\/wp\/v2\/product_tag?post=23022"}],"curies":[{"name":"wp","href":"https:\/\/api.w.org\/{rel}","templated":true}]}}