{"id":23030,"date":"2021-10-10T04:49:01","date_gmt":"2021-10-09T21:49:01","guid":{"rendered":"https:\/\/mouldking.store\/shop\/moc-56076-lego-architecture-advent-calendar-creator-by-klosspalatset-moc-factory\/"},"modified":"2025-12-25T09:21:01","modified_gmt":"2025-12-25T02:21:01","slug":"moc-56076-lego-architecture-advent-calendar-creator-by-klosspalatset-moc-factory","status":"publish","type":"product","link":"https:\/\/mouldking.store\/es\/shop\/moc-56076-lego-architecture-advent-calendar-creator-by-klosspalatset-moc-factory\/","title":{"rendered":"MOC-56076 Lego Architecture Advent Calendar Creator por klosspalatset MOC FACTORY"},"content":{"rendered":"<p>MOC-56076 Lego Architecture Advent Calendar Creator de klosspalatset MOC FACTORY es un conjunto de la colecci\u00f3n Creator, dise\u00f1ado por klosspalatset. Este MOC 56076 viene con instrucciones en PDF que son f\u00e1ciles de construir y encontrar las piezas que faltan. El conjunto contiene 472 piezas, lanzado por primera vez en 2021.<\/p>\n<figure id=\"attachment_202840\" aria-describedby=\"caption-attachment-202840\" style=\"width: 800px\" class=\"wp-caption aligncenter\"><a href=\"https:\/\/pay.lpwstore.com\/wp-content\/uploads\/2021\/02\/MOC-56076-Lego-Architecture-Advent-Calendar-Creator-by-klosspalatset-MOC-FACTORY.jpg\" target=\"_blank\" rel=\"noopener\"><img fetchpriority=\"high\" decoding=\"async\" class=\"wp-image-202840 size-full\" title=\"MOC-56076 Lego Architecture Advent Calendar Creator por klosspalatset MOC FACTORY\" src=\"https:\/\/pay.lpwstore.com\/wp-content\/uploads\/2021\/02\/MOC-56076-Lego-Architecture-Advent-Calendar-Creator-by-klosspalatset-MOC-FACTORY.jpg\" alt=\"MOC-56076 Lego Architecture Advent Calendar Creator by klosspalatset MOC FACTORY\" width=\"800\" height=\"800\" \/><\/a><figcaption id=\"caption-attachment-202840\" class=\"wp-caption-text\">MOC-56076 Lego Architecture Advent Calendar Creator por klosspalatset MOC FACTORY<\/figcaption><\/figure>","protected":false},"excerpt":{"rendered":"<ul>\n<li>Incluir\u00a0<strong>472+<\/strong>\u00a0piezas<\/li>\n<li>Instrucci\u00f3n PDF en l\u00ednea<\/li>\n<li>Bloque ABS de alta calidad.<\/li>\n<li>Dimensiones: 5 x 3,2 x 10 cm<\/li>\n<\/ul>","protected":false},"featured_media":23029,"comment_status":"open","ping_status":"closed","template":"","meta":{"_acf_changed":false},"product_cat":[371],"product_tag":[],"class_list":["product","first","instock","shipping-taxable","purchasable","product-type-simple"],"acf":[],"_links":{"self":[{"href":"https:\/\/mouldking.store\/es\/wp-json\/wp\/v2\/product\/23030","targetHints":{"allow":["GET"]}}],"collection":[{"href":"https:\/\/mouldking.store\/es\/wp-json\/wp\/v2\/product"}],"about":[{"href":"https:\/\/mouldking.store\/es\/wp-json\/wp\/v2\/types\/product"}],"replies":[{"embeddable":true,"href":"https:\/\/mouldking.store\/es\/wp-json\/wp\/v2\/comments?post=23030"}],"wp:featuredmedia":[{"embeddable":true,"href":"https:\/\/mouldking.store\/es\/wp-json\/wp\/v2\/media\/23029"}],"wp:attachment":[{"href":"https:\/\/mouldking.store\/es\/wp-json\/wp\/v2\/media?parent=23030"}],"wp:term":[{"taxonomy":"product_cat","embeddable":true,"href":"https:\/\/mouldking.store\/es\/wp-json\/wp\/v2\/product_cat?post=23030"},{"taxonomy":"product_tag","embeddable":true,"href":"https:\/\/mouldking.store\/es\/wp-json\/wp\/v2\/product_tag?post=23030"}],"curies":[{"name":"wp","href":"https:\/\/api.w.org\/{rel}","templated":true}]}}