{"id":23194,"date":"2021-10-10T04:51:46","date_gmt":"2021-10-09T21:51:46","guid":{"rendered":"https:\/\/mouldking.store\/shop\/moc-22397-die-hard-1979-lapd-chevrolet-impala-police-car-movie-by-mkibs-moc-factory\/"},"modified":"2025-12-25T09:20:53","modified_gmt":"2025-12-25T02:20:53","slug":"moc-22397-die-hard-1979-lapd-chevrolet-impala-police-car-movie-by-mkibs-moc-factory","status":"publish","type":"product","link":"https:\/\/mouldking.store\/es\/shop\/moc-22397-die-hard-1979-lapd-chevrolet-impala-police-car-movie-by-mkibs-moc-factory\/","title":{"rendered":"MOC-22397 Die Hard 1979 LAPD Chevrolet Impala Police Car Movie de mkibs MOC FACTORY"},"content":{"rendered":"<p style=\"text-align: left\">MOC-22397 Die Hard 1979 LAPD Chevrolet Impala Police Car Movie de mkibs MOC FACTORY es un conjunto de la colecci\u00f3n Movie, dise\u00f1ado por mkibs. Este MOC 22397 viene con instrucciones en PDF que es f\u00e1cil de construir y encontrar las piezas que faltan. El conjunto contiene 263 piezas, lanzado por primera vez en 2021.<\/p>\n<figure id=\"attachment_203269\" aria-describedby=\"caption-attachment-203269\" style=\"width: 800px\" class=\"wp-caption aligncenter\"><a href=\"https:\/\/pay.lpwstore.com\/wp-content\/uploads\/2021\/03\/MOC-22397-Die-Hard-1979-LAPD-Chevrolet-Impala-Police-Car-Movie-by-mkibs-MOC-FACTORY.jpg\" target=\"_blank\" rel=\"noopener\"><img fetchpriority=\"high\" decoding=\"async\" class=\"wp-image-203269 size-full\" title=\"MOC-22397 Die Hard 1979 LAPD Chevrolet Impala Police Car Movie de mkibs MOC FACTORY\" src=\"https:\/\/pay.lpwstore.com\/wp-content\/uploads\/2021\/03\/MOC-22397-Die-Hard-1979-LAPD-Chevrolet-Impala-Police-Car-Movie-by-mkibs-MOC-FACTORY.jpg\" alt=\"MOC-22397 Die Hard 1979 LAPD Chevrolet Impala Police Car Movie by mkibs MOC FACTORY\" width=\"800\" height=\"800\" \/><\/a><figcaption id=\"caption-attachment-203269\" class=\"wp-caption-text\">MOC-22397 Die Hard 1979 LAPD Chevrolet Impala Police Car Movie de mkibs MOC FACTORY<\/figcaption><\/figure>\n<p><img decoding=\"async\" class=\"alignnone size-full wp-image-203270 aligncenter\" src=\"https:\/\/pay.lpwstore.com\/wp-content\/uploads\/2021\/03\/MOC-22397-Die-Hard-1979-LAPD-Chevrolet-Impala-Police-Car-Movie-by-mkibs-MOC-FACTORY-2.jpg\" alt=\"-\" width=\"800\" height=\"800\" title=\"-\"> <img decoding=\"async\" class=\"alignnone size-full wp-image-203271 aligncenter\" src=\"https:\/\/pay.lpwstore.com\/wp-content\/uploads\/2021\/03\/MOC-22397-Die-Hard-1979-LAPD-Chevrolet-Impala-Police-Car-Movie-by-mkibs-MOC-FACTORY-3.jpg\" alt=\"-\" width=\"800\" height=\"800\" title=\"-\"> <img loading=\"lazy\" decoding=\"async\" class=\"alignnone size-full wp-image-203272 aligncenter\" src=\"https:\/\/pay.lpwstore.com\/wp-content\/uploads\/2021\/03\/MOC-22397-Die-Hard-1979-LAPD-Chevrolet-Impala-Police-Car-Movie-by-mkibs-MOC-FACTORY-4.jpg\" alt=\"-\" width=\"800\" height=\"800\" title=\"-\"> <img loading=\"lazy\" decoding=\"async\" class=\"alignnone size-full wp-image-203273 aligncenter\" src=\"https:\/\/pay.lpwstore.com\/wp-content\/uploads\/2021\/03\/MOC-22397-Die-Hard-1979-LAPD-Chevrolet-Impala-Police-Car-Movie-by-mkibs-MOC-FACTORY-5.jpg\" alt=\"-\" width=\"800\" height=\"800\" title=\"-\"><\/p>","protected":false},"excerpt":{"rendered":"<ul>\n<li>Incluir\u00a0<strong>263+<\/strong>\u00a0piezas<\/li>\n<li>Instrucci\u00f3n PDF en l\u00ednea<\/li>\n<li>Bloque ABS de alta calidad.<\/li>\n<li>Dimensiones: 18 x 8 x 7 cm<\/li>\n<\/ul>","protected":false},"featured_media":23189,"comment_status":"open","ping_status":"closed","template":"","meta":{"_acf_changed":false},"product_cat":[581],"product_tag":[],"class_list":["product","first","instock","shipping-taxable","purchasable","product-type-simple"],"acf":[],"_links":{"self":[{"href":"https:\/\/mouldking.store\/es\/wp-json\/wp\/v2\/product\/23194","targetHints":{"allow":["GET"]}}],"collection":[{"href":"https:\/\/mouldking.store\/es\/wp-json\/wp\/v2\/product"}],"about":[{"href":"https:\/\/mouldking.store\/es\/wp-json\/wp\/v2\/types\/product"}],"replies":[{"embeddable":true,"href":"https:\/\/mouldking.store\/es\/wp-json\/wp\/v2\/comments?post=23194"}],"wp:featuredmedia":[{"embeddable":true,"href":"https:\/\/mouldking.store\/es\/wp-json\/wp\/v2\/media\/23189"}],"wp:attachment":[{"href":"https:\/\/mouldking.store\/es\/wp-json\/wp\/v2\/media?parent=23194"}],"wp:term":[{"taxonomy":"product_cat","embeddable":true,"href":"https:\/\/mouldking.store\/es\/wp-json\/wp\/v2\/product_cat?post=23194"},{"taxonomy":"product_tag","embeddable":true,"href":"https:\/\/mouldking.store\/es\/wp-json\/wp\/v2\/product_tag?post=23194"}],"curies":[{"name":"wp","href":"https:\/\/api.w.org\/{rel}","templated":true}]}}