{"id":23261,"date":"2021-10-10T04:53:12","date_gmt":"2021-10-10T04:53:12","guid":{"rendered":"https:\/\/mouldking.store\/shop\/moc-2918-man-tgs-8x4-dump-truck-technic-by-m_longer-moc-factory\/"},"modified":"2025-12-25T09:20:52","modified_gmt":"2025-12-25T02:20:52","slug":"moc-2918-man-tgs-8x4-dump-truck-technic-by-m_longer-moc-factory","status":"publish","type":"product","link":"https:\/\/mouldking.store\/es\/shop\/moc-2918-man-tgs-8x4-dump-truck-technic-by-m_longer-moc-factory\/","title":{"rendered":"MOC-2918 MAN TGS 8\u00d74 Cami\u00f3n volquete Technic de M_longer MOC FACTORY"},"content":{"rendered":"<p style=\"text-align: left\">MOC-2918 MAN TGS 8\u00d74 Dump Truck Technic de M_longer MOC FACTORY es un conjunto de la colecci\u00f3n Technic, dise\u00f1ado por M_longer. Este MOC 2918 viene con instrucciones en PDF que son f\u00e1ciles de construir y encontrar las piezas que faltan. El conjunto contiene 2413 piezas, lanzado por primera vez en 2021.<\/p>\n<figure id=\"attachment_203448\" aria-describedby=\"caption-attachment-203448\" style=\"width: 800px\" class=\"wp-caption aligncenter\"><a href=\"https:\/\/pay.lpwstore.com\/wp-content\/uploads\/2021\/03\/MOC-2918-MAN-TGS-8x4-Dump-Truck-Technic-by-M_longer-MOC-FACTORY.jpg\" target=\"_blank\" rel=\"noopener\"><img fetchpriority=\"high\" decoding=\"async\" class=\"wp-image-203448 size-full\" title=\"MOC-2918 MAN TGS 8x4 Cami\u00f3n volquete Technic de M_longer MOC FACTORY\" src=\"https:\/\/pay.lpwstore.com\/wp-content\/uploads\/2021\/03\/MOC-2918-MAN-TGS-8x4-Dump-Truck-Technic-by-M_longer-MOC-FACTORY.jpg\" alt=\"MOC-2918 MAN TGS 8x4 Dump Truck Technic by M_longer MOC FACTORY\" width=\"800\" height=\"800\" \/><\/a><figcaption id=\"caption-attachment-203448\" class=\"wp-caption-text\">MOC-2918 MAN TGS 8\u00d74 Cami\u00f3n volquete Technic de M_longer MOC FACTORY<\/figcaption><\/figure>\n<p><img decoding=\"async\" class=\"alignnone size-full wp-image-203449 aligncenter\" src=\"https:\/\/pay.lpwstore.com\/wp-content\/uploads\/2021\/03\/MOC-2918-MAN-TGS-8x4-Dump-Truck-Technic-by-M_longer-MOC-FACTORY-2.jpg\" alt=\"-\" width=\"800\" height=\"800\" title=\"-\"> <img decoding=\"async\" class=\"alignnone size-full wp-image-203450 aligncenter\" src=\"https:\/\/pay.lpwstore.com\/wp-content\/uploads\/2021\/03\/MOC-2918-MAN-TGS-8x4-Dump-Truck-Technic-by-M_longer-MOC-FACTORY-3.jpg\" alt=\"-\" width=\"800\" height=\"800\" title=\"-\"> <img loading=\"lazy\" decoding=\"async\" class=\"alignnone size-full wp-image-203451 aligncenter\" src=\"https:\/\/pay.lpwstore.com\/wp-content\/uploads\/2021\/03\/MOC-2918-MAN-TGS-8x4-Dump-Truck-Technic-by-M_longer-MOC-FACTORY-4.jpg\" alt=\"-\" width=\"800\" height=\"800\" title=\"-\"><\/p>","protected":false},"excerpt":{"rendered":"<ul>\n<li>Incluir\u00a0<strong>2413+<\/strong>\u00a0piezas<\/li>\n<li>Instrucci\u00f3n PDF en l\u00ednea<\/li>\n<li>Bloque ABS de alta calidad.<\/li>\n<li>Dimensiones: 53 x 16 x 23 cm<\/li>\n<\/ul>","protected":false},"featured_media":23257,"comment_status":"open","ping_status":"closed","template":"","meta":{"_acf_changed":false},"product_cat":[364],"product_tag":[],"class_list":["product","first","instock","shipping-taxable","purchasable","product-type-simple"],"acf":[],"_links":{"self":[{"href":"https:\/\/mouldking.store\/es\/wp-json\/wp\/v2\/product\/23261","targetHints":{"allow":["GET"]}}],"collection":[{"href":"https:\/\/mouldking.store\/es\/wp-json\/wp\/v2\/product"}],"about":[{"href":"https:\/\/mouldking.store\/es\/wp-json\/wp\/v2\/types\/product"}],"replies":[{"embeddable":true,"href":"https:\/\/mouldking.store\/es\/wp-json\/wp\/v2\/comments?post=23261"}],"wp:featuredmedia":[{"embeddable":true,"href":"https:\/\/mouldking.store\/es\/wp-json\/wp\/v2\/media\/23257"}],"wp:attachment":[{"href":"https:\/\/mouldking.store\/es\/wp-json\/wp\/v2\/media?parent=23261"}],"wp:term":[{"taxonomy":"product_cat","embeddable":true,"href":"https:\/\/mouldking.store\/es\/wp-json\/wp\/v2\/product_cat?post=23261"},{"taxonomy":"product_tag","embeddable":true,"href":"https:\/\/mouldking.store\/es\/wp-json\/wp\/v2\/product_tag?post=23261"}],"curies":[{"name":"wp","href":"https:\/\/api.w.org\/{rel}","templated":true}]}}