{"id":23302,"date":"2021-10-10T04:53:53","date_gmt":"2021-10-09T21:53:53","guid":{"rendered":"https:\/\/mouldking.store\/shop\/moc-57273-nebulon-b-escort-frigate-star-wars-by-jedimasterels-moc-factory\/"},"modified":"2025-12-25T09:20:45","modified_gmt":"2025-12-25T02:20:45","slug":"moc-57273-nebulon-b-escort-frigate-star-wars-by-jedimasterels-moc-factory","status":"publish","type":"product","link":"https:\/\/mouldking.store\/es\/shop\/moc-57273-nebulon-b-escort-frigate-star-wars-by-jedimasterels-moc-factory\/","title":{"rendered":"MOC-57273 Fragata de escolta Nebulon-B Star Wars de Jedimasterels MOC FACTORY"},"content":{"rendered":"<p style=\"text-align: left\">MOC-57273 Nebulon-B Escort Frigate Star Wars de Jedimasterels MOC FACTORY es un set de la colecci\u00f3n Star Wars, dise\u00f1ado por Jedimasterels. Este MOC 57273 viene con instrucciones en PDF que son f\u00e1ciles de construir y encontrar las piezas que faltan. El conjunto contiene 1988 piezas, lanzadas por primera vez en 2021.<\/p>\n<figure id=\"attachment_203549\" aria-describedby=\"caption-attachment-203549\" style=\"width: 800px\" class=\"wp-caption aligncenter\"><a href=\"https:\/\/pay.lpwstore.com\/wp-content\/uploads\/2021\/03\/MOC-57273-Nebulon-B-Escort-Frigate-Star-Wars-by-Jedimasterels-MOC-FACTORY.jpg\" target=\"_blank\" rel=\"noopener\"><img fetchpriority=\"high\" decoding=\"async\" class=\"wp-image-203549 size-full\" title=\"MOC-57273 Fragata de escolta Nebulon-B Star Wars de Jedimasterels MOC FACTORY\" src=\"https:\/\/pay.lpwstore.com\/wp-content\/uploads\/2021\/03\/MOC-57273-Nebulon-B-Escort-Frigate-Star-Wars-by-Jedimasterels-MOC-FACTORY.jpg\" alt=\"MOC-57273 Nebulon-B Escort Frigate Star Wars by Jedimasterels MOC FACTORY\" width=\"800\" height=\"800\" \/><\/a><figcaption id=\"caption-attachment-203549\" class=\"wp-caption-text\">MOC-57273 Fragata de escolta Nebulon-B Star Wars de Jedimasterels MOC FACTORY<\/figcaption><\/figure>\n<p><img decoding=\"async\" class=\"alignnone size-full wp-image-203550 aligncenter\" src=\"https:\/\/pay.lpwstore.com\/wp-content\/uploads\/2021\/03\/MOC-57273-Nebulon-B-Escort-Frigate-Star-Wars-by-Jedimasterels-MOC-FACTORY-2.jpg\" alt=\"-\" width=\"800\" height=\"800\" title=\"-\"> <img decoding=\"async\" class=\"alignnone size-full wp-image-203551 aligncenter\" src=\"https:\/\/pay.lpwstore.com\/wp-content\/uploads\/2021\/03\/MOC-57273-Nebulon-B-Escort-Frigate-Star-Wars-by-Jedimasterels-MOC-FACTORY-3.jpg\" alt=\"-\" width=\"800\" height=\"800\" title=\"-\"> <img loading=\"lazy\" decoding=\"async\" class=\"alignnone size-full wp-image-203552 aligncenter\" src=\"https:\/\/pay.lpwstore.com\/wp-content\/uploads\/2021\/03\/MOC-57273-Nebulon-B-Escort-Frigate-Star-Wars-by-Jedimasterels-MOC-FACTORY-4.jpg\" alt=\"-\" width=\"800\" height=\"800\" title=\"-\"> <img loading=\"lazy\" decoding=\"async\" class=\"alignnone size-full wp-image-203553 aligncenter\" src=\"https:\/\/pay.lpwstore.com\/wp-content\/uploads\/2021\/03\/MOC-57273-Nebulon-B-Escort-Frigate-Star-Wars-by-Jedimasterels-MOC-FACTORY-5.jpg\" alt=\"-\" width=\"800\" height=\"800\" title=\"-\"><\/p>","protected":false},"excerpt":{"rendered":"<ul>\n<li>Incluir <strong>1988+<\/strong> piezas<\/li>\n<li>Instrucci\u00f3n PDF en l\u00ednea<\/li>\n<li>Bloque ABS de alta calidad.<\/li>\n<li>Dimensiones: 38 x 14 x 16 cm<\/li>\n<\/ul>","protected":false},"featured_media":23297,"comment_status":"open","ping_status":"closed","template":"","meta":{"_acf_changed":false},"product_cat":[415],"product_tag":[],"class_list":["product","first","instock","shipping-taxable","purchasable","product-type-simple"],"acf":[],"_links":{"self":[{"href":"https:\/\/mouldking.store\/es\/wp-json\/wp\/v2\/product\/23302","targetHints":{"allow":["GET"]}}],"collection":[{"href":"https:\/\/mouldking.store\/es\/wp-json\/wp\/v2\/product"}],"about":[{"href":"https:\/\/mouldking.store\/es\/wp-json\/wp\/v2\/types\/product"}],"replies":[{"embeddable":true,"href":"https:\/\/mouldking.store\/es\/wp-json\/wp\/v2\/comments?post=23302"}],"wp:featuredmedia":[{"embeddable":true,"href":"https:\/\/mouldking.store\/es\/wp-json\/wp\/v2\/media\/23297"}],"wp:attachment":[{"href":"https:\/\/mouldking.store\/es\/wp-json\/wp\/v2\/media?parent=23302"}],"wp:term":[{"taxonomy":"product_cat","embeddable":true,"href":"https:\/\/mouldking.store\/es\/wp-json\/wp\/v2\/product_cat?post=23302"},{"taxonomy":"product_tag","embeddable":true,"href":"https:\/\/mouldking.store\/es\/wp-json\/wp\/v2\/product_tag?post=23302"}],"curies":[{"name":"wp","href":"https:\/\/api.w.org\/{rel}","templated":true}]}}