{"id":23324,"date":"2021-10-10T04:54:13","date_gmt":"2021-10-09T21:54:13","guid":{"rendered":"https:\/\/mouldking.store\/shop\/moc-50399-anvil-hornet-in-heartseeker-colors-space-by-osamadabinman-moc-factory\/"},"modified":"2025-12-25T09:20:44","modified_gmt":"2025-12-25T02:20:44","slug":"moc-50399-anvil-hornet-in-heartseeker-colors-space-by-osamadabinman-moc-factory","status":"publish","type":"product","link":"https:\/\/mouldking.store\/es\/shop\/moc-50399-anvil-hornet-in-heartseeker-colors-space-by-osamadabinman-moc-factory\/","title":{"rendered":"MOC-50399 Anvil Hornet en colores Heartseeker Space de osamadabinman MOC FACTORY"},"content":{"rendered":"<p style=\"text-align: left\">MOC-50399 Anvil Hornet en colores Heartseeker Space de osamadabinman MOC FACTORY es un conjunto de la colecci\u00f3n Space, dise\u00f1ado por osamadabinman. Este MOC 50399 viene con instrucciones en PDF que son f\u00e1ciles de construir y encontrar las piezas que faltan. El conjunto contiene 676 piezas, lanzado por primera vez en 2021.<\/p>\n<figure id=\"attachment_203586\" aria-describedby=\"caption-attachment-203586\" style=\"width: 800px\" class=\"wp-caption aligncenter\"><a href=\"https:\/\/pay.lpwstore.com\/wp-content\/uploads\/2021\/03\/MOC-50399-Anvil-Hornet-in-heartseeker-colors-Space-by-osamadabinman-MOC-FACTORY.jpg\" target=\"_blank\" rel=\"noopener\"><img fetchpriority=\"high\" decoding=\"async\" class=\"wp-image-203586 size-full\" title=\"MOC-50399 Anvil Hornet en colores Heartseeker Space de osamadabinman MOC FACTORY\" src=\"https:\/\/pay.lpwstore.com\/wp-content\/uploads\/2021\/03\/MOC-50399-Anvil-Hornet-in-heartseeker-colors-Space-by-osamadabinman-MOC-FACTORY.jpg\" alt=\"MOC-50399 Anvil Hornet in heartseeker colors Space by osamadabinman MOC FACTORY\" width=\"800\" height=\"800\" \/><\/a><figcaption id=\"caption-attachment-203586\" class=\"wp-caption-text\">MOC-50399 Anvil Hornet en colores Heartseeker Space de osamadabinman MOC FACTORY<\/figcaption><\/figure>\n<p><img decoding=\"async\" class=\"alignnone size-full wp-image-203587 aligncenter\" src=\"https:\/\/pay.lpwstore.com\/wp-content\/uploads\/2021\/03\/MOC-50399-Anvil-Hornet-in-heartseeker-colors-Space-by-osamadabinman-MOC-FACTORY-2.jpg\" alt=\"MOC-50399-Anvil-Hornet-in-heartseeker-colors-Space-by-osamadabinman-MOC-FACTORY-2\" width=\"800\" height=\"800\" title=\"-\"><\/p>","protected":false},"excerpt":{"rendered":"<ul>\n<li>Incluir <strong>676+<\/strong> piezas<\/li>\n<li>Instrucci\u00f3n PDF en l\u00ednea<\/li>\n<li>Bloque ABS de alta calidad.<\/li>\n<li>Dimensiones: 32 x 31 x 7 cm<\/li>\n<\/ul>","protected":false},"featured_media":23322,"comment_status":"open","ping_status":"closed","template":"","meta":{"_acf_changed":false},"product_cat":[371],"product_tag":[],"class_list":["product","first","outofstock","shipping-taxable","purchasable","product-type-simple"],"acf":[],"_links":{"self":[{"href":"https:\/\/mouldking.store\/es\/wp-json\/wp\/v2\/product\/23324","targetHints":{"allow":["GET"]}}],"collection":[{"href":"https:\/\/mouldking.store\/es\/wp-json\/wp\/v2\/product"}],"about":[{"href":"https:\/\/mouldking.store\/es\/wp-json\/wp\/v2\/types\/product"}],"replies":[{"embeddable":true,"href":"https:\/\/mouldking.store\/es\/wp-json\/wp\/v2\/comments?post=23324"}],"wp:featuredmedia":[{"embeddable":true,"href":"https:\/\/mouldking.store\/es\/wp-json\/wp\/v2\/media\/23322"}],"wp:attachment":[{"href":"https:\/\/mouldking.store\/es\/wp-json\/wp\/v2\/media?parent=23324"}],"wp:term":[{"taxonomy":"product_cat","embeddable":true,"href":"https:\/\/mouldking.store\/es\/wp-json\/wp\/v2\/product_cat?post=23324"},{"taxonomy":"product_tag","embeddable":true,"href":"https:\/\/mouldking.store\/es\/wp-json\/wp\/v2\/product_tag?post=23324"}],"curies":[{"name":"wp","href":"https:\/\/api.w.org\/{rel}","templated":true}]}}