{"id":23337,"date":"2021-10-10T04:54:31","date_gmt":"2021-10-10T04:54:31","guid":{"rendered":"https:\/\/mouldking.store\/shop\/moc-39562-ucs-speeder-bike-star-wars-by-neon5-moc-factory\/"},"modified":"2025-12-25T09:20:44","modified_gmt":"2025-12-25T02:20:44","slug":"moc-39562-ucs-speeder-bike-star-wars-by-neon5-moc-factory","status":"publish","type":"product","link":"https:\/\/mouldking.store\/es\/shop\/moc-39562-ucs-speeder-bike-star-wars-by-neon5-moc-factory\/","title":{"rendered":"MOC-39562 UCS Speeder Bike Star Wars de Neon5 MOC FACTORY"},"content":{"rendered":"<p>MOC-39562 UCS Speeder Bike Star Wars de Neon5 MOC FACTORY es un conjunto de la colecci\u00f3n Star Wars, dise\u00f1ado por Neon5. Este MOC 39562 viene con instrucciones en PDF que es f\u00e1cil de construir y encontrar las piezas que faltan. El conjunto contiene 302 piezas, lanzado por primera vez en 2021.<\/p>\n<figure id=\"attachment_203602\" aria-describedby=\"caption-attachment-203602\" style=\"width: 800px\" class=\"wp-caption aligncenter\"><a href=\"https:\/\/pay.lpwstore.com\/wp-content\/uploads\/2021\/03\/MOC-39562-UCS-Speeder-Bike-Star-Wars-by-Neon5-MOC-FACTORY.jpg\" target=\"_blank\" rel=\"noopener\"><img fetchpriority=\"high\" decoding=\"async\" class=\"wp-image-203602 size-full\" title=\"MOC-39562 UCS Speeder Bike Star Wars de Neon5 MOC FACTORY\" src=\"https:\/\/pay.lpwstore.com\/wp-content\/uploads\/2021\/03\/MOC-39562-UCS-Speeder-Bike-Star-Wars-by-Neon5-MOC-FACTORY.jpg\" alt=\"MOC-39562 UCS Speeder Bike Star Wars by Neon5 MOC FACTORY\" width=\"800\" height=\"800\" \/><\/a><figcaption id=\"caption-attachment-203602\" class=\"wp-caption-text\">MOC-39562 UCS Speeder Bike Star Wars de Neon5 MOC FACTORY<\/figcaption><\/figure>","protected":false},"excerpt":{"rendered":"<ul>\n<li>Incluir\u00a0<strong>302+<\/strong>\u00a0piezas<\/li>\n<li>Instrucci\u00f3n PDF en l\u00ednea<\/li>\n<li>Bloque ABS de alta calidad.<\/li>\n<li>Dimensiones: 27 x 6 x 6 cm<\/li>\n<\/ul>","protected":false},"featured_media":23336,"comment_status":"open","ping_status":"closed","template":"","meta":{"_acf_changed":false},"product_cat":[415],"product_tag":[],"class_list":["product","first","instock","shipping-taxable","purchasable","product-type-simple"],"acf":[],"_links":{"self":[{"href":"https:\/\/mouldking.store\/es\/wp-json\/wp\/v2\/product\/23337","targetHints":{"allow":["GET"]}}],"collection":[{"href":"https:\/\/mouldking.store\/es\/wp-json\/wp\/v2\/product"}],"about":[{"href":"https:\/\/mouldking.store\/es\/wp-json\/wp\/v2\/types\/product"}],"replies":[{"embeddable":true,"href":"https:\/\/mouldking.store\/es\/wp-json\/wp\/v2\/comments?post=23337"}],"wp:featuredmedia":[{"embeddable":true,"href":"https:\/\/mouldking.store\/es\/wp-json\/wp\/v2\/media\/23336"}],"wp:attachment":[{"href":"https:\/\/mouldking.store\/es\/wp-json\/wp\/v2\/media?parent=23337"}],"wp:term":[{"taxonomy":"product_cat","embeddable":true,"href":"https:\/\/mouldking.store\/es\/wp-json\/wp\/v2\/product_cat?post=23337"},{"taxonomy":"product_tag","embeddable":true,"href":"https:\/\/mouldking.store\/es\/wp-json\/wp\/v2\/product_tag?post=23337"}],"curies":[{"name":"wp","href":"https:\/\/api.w.org\/{rel}","templated":true}]}}