{"id":23377,"date":"2021-10-10T04:55:10","date_gmt":"2021-10-10T04:55:10","guid":{"rendered":"https:\/\/mouldking.store\/shop\/moc-61167-11011-flowers-creator-by-theluckyone-moc-factory\/"},"modified":"2025-12-25T09:20:44","modified_gmt":"2025-12-25T02:20:44","slug":"moc-61167-11011-flowers-creator-by-theluckyone-moc-factory","status":"publish","type":"product","link":"https:\/\/mouldking.store\/es\/shop\/moc-61167-11011-flowers-creator-by-theluckyone-moc-factory\/","title":{"rendered":"MOC-61167 11011 Creador de flores por TheLuckyOne MOC FACTORY"},"content":{"rendered":"<p>MOC-61167 11011 Flowers Creator de TheLuckyOne MOC FACTORY es un conjunto de la colecci\u00f3n Creator, dise\u00f1ado por TheLuckyOne. Este MOC 61167 viene con instrucciones en PDF que son f\u00e1ciles de construir y encontrar las piezas que faltan. El conjunto contiene 145 piezas, lanzado por primera vez en 2021.<\/p>\n<figure id=\"attachment_203652\" aria-describedby=\"caption-attachment-203652\" style=\"width: 800px\" class=\"wp-caption aligncenter\"><a href=\"https:\/\/pay.lpwstore.com\/wp-content\/uploads\/2021\/03\/MOC-61167-11011-Flowers-Creator-by-TheLuckyOne-MOC-FACTORY.jpg\" target=\"_blank\" rel=\"noopener\"><img fetchpriority=\"high\" decoding=\"async\" class=\"wp-image-203652 size-full\" title=\"MOC-61167 11011 Creador de flores por TheLuckyOne MOC FACTORY\" src=\"https:\/\/pay.lpwstore.com\/wp-content\/uploads\/2021\/03\/MOC-61167-11011-Flowers-Creator-by-TheLuckyOne-MOC-FACTORY.jpg\" alt=\"MOC-61167 11011 Flowers Creator by TheLuckyOne MOC FACTORY\" width=\"800\" height=\"800\" \/><\/a><figcaption id=\"caption-attachment-203652\" class=\"wp-caption-text\">MOC-61167 11011 Creador de flores por TheLuckyOne MOC FACTORY<\/figcaption><\/figure>","protected":false},"excerpt":{"rendered":"<ul>\n<li>Incluir\u00a0<strong>145+<\/strong>\u00a0piezas<\/li>\n<li>Instrucci\u00f3n PDF en l\u00ednea<\/li>\n<li>Bloque ABS de alta calidad.<\/li>\n<li>Dimensiones: 7 x 5 x 5 cm<\/li>\n<\/ul>","protected":false},"featured_media":23376,"comment_status":"open","ping_status":"closed","template":"","meta":{"_acf_changed":false},"product_cat":[371],"product_tag":[],"class_list":["product","first","instock","shipping-taxable","purchasable","product-type-simple"],"acf":[],"_links":{"self":[{"href":"https:\/\/mouldking.store\/es\/wp-json\/wp\/v2\/product\/23377","targetHints":{"allow":["GET"]}}],"collection":[{"href":"https:\/\/mouldking.store\/es\/wp-json\/wp\/v2\/product"}],"about":[{"href":"https:\/\/mouldking.store\/es\/wp-json\/wp\/v2\/types\/product"}],"replies":[{"embeddable":true,"href":"https:\/\/mouldking.store\/es\/wp-json\/wp\/v2\/comments?post=23377"}],"wp:featuredmedia":[{"embeddable":true,"href":"https:\/\/mouldking.store\/es\/wp-json\/wp\/v2\/media\/23376"}],"wp:attachment":[{"href":"https:\/\/mouldking.store\/es\/wp-json\/wp\/v2\/media?parent=23377"}],"wp:term":[{"taxonomy":"product_cat","embeddable":true,"href":"https:\/\/mouldking.store\/es\/wp-json\/wp\/v2\/product_cat?post=23377"},{"taxonomy":"product_tag","embeddable":true,"href":"https:\/\/mouldking.store\/es\/wp-json\/wp\/v2\/product_tag?post=23377"}],"curies":[{"name":"wp","href":"https:\/\/api.w.org\/{rel}","templated":true}]}}