{"id":23395,"date":"2021-10-10T04:55:29","date_gmt":"2021-10-09T21:55:29","guid":{"rendered":"https:\/\/mouldking.store\/shop\/moc-30815-egg-sculpture-creator-by-runtemund-moc-factory\/"},"modified":"2025-12-25T09:20:43","modified_gmt":"2025-12-25T02:20:43","slug":"moc-30815-egg-sculpture-creator-by-runtemund-moc-factory","status":"publish","type":"product","link":"https:\/\/mouldking.store\/es\/shop\/moc-30815-egg-sculpture-creator-by-runtemund-moc-factory\/","title":{"rendered":"MOC-30815 Creador de esculturas de huevos de Runtemund MOC FACTORY"},"content":{"rendered":"<p>MOC-30815 Egg Sculpture Creator de Runtemund MOC FACTORY es un conjunto de la colecci\u00f3n Creator, dise\u00f1ado por Runtemund. Este MOC 30815 viene con instrucciones en PDF que es f\u00e1cil de construir y encontrar las piezas que faltan. El conjunto contiene 201 piezas, lanzado por primera vez en 2021.<\/p>\n<figure id=\"attachment_203673\" aria-describedby=\"caption-attachment-203673\" style=\"width: 800px\" class=\"wp-caption aligncenter\"><a href=\"https:\/\/pay.lpwstore.com\/wp-content\/uploads\/2021\/03\/MOC-30815-Egg-Sculpture-Creator-by-Runtemund-MOC-FACTORY.jpg\" target=\"_blank\" rel=\"noopener\"><img fetchpriority=\"high\" decoding=\"async\" class=\"wp-image-203673 size-full\" title=\"MOC-30815 Creador de esculturas de huevos de Runtemund MOC FACTORY\" src=\"https:\/\/pay.lpwstore.com\/wp-content\/uploads\/2021\/03\/MOC-30815-Egg-Sculpture-Creator-by-Runtemund-MOC-FACTORY.jpg\" alt=\"MOC-30815 Egg Sculpture Creator by Runtemund MOC FACTORY\" width=\"800\" height=\"800\" \/><\/a><figcaption id=\"caption-attachment-203673\" class=\"wp-caption-text\">MOC-30815 Creador de esculturas de huevos de Runtemund MOC FACTORY<\/figcaption><\/figure>","protected":false},"excerpt":{"rendered":"<ul>\n<li>Incluir\u00a0<strong>201+<\/strong>\u00a0piezas<\/li>\n<li>Instrucci\u00f3n PDF en l\u00ednea<\/li>\n<li>Bloque ABS de alta calidad.<\/li>\n<li>Dimensiones: 11 x 11 x 14 cm<\/li>\n<\/ul>","protected":false},"featured_media":23394,"comment_status":"open","ping_status":"closed","template":"","meta":{"_acf_changed":false},"product_cat":[371],"product_tag":[],"class_list":["product","first","instock","shipping-taxable","purchasable","product-type-simple"],"acf":[],"_links":{"self":[{"href":"https:\/\/mouldking.store\/es\/wp-json\/wp\/v2\/product\/23395","targetHints":{"allow":["GET"]}}],"collection":[{"href":"https:\/\/mouldking.store\/es\/wp-json\/wp\/v2\/product"}],"about":[{"href":"https:\/\/mouldking.store\/es\/wp-json\/wp\/v2\/types\/product"}],"replies":[{"embeddable":true,"href":"https:\/\/mouldking.store\/es\/wp-json\/wp\/v2\/comments?post=23395"}],"wp:featuredmedia":[{"embeddable":true,"href":"https:\/\/mouldking.store\/es\/wp-json\/wp\/v2\/media\/23394"}],"wp:attachment":[{"href":"https:\/\/mouldking.store\/es\/wp-json\/wp\/v2\/media?parent=23395"}],"wp:term":[{"taxonomy":"product_cat","embeddable":true,"href":"https:\/\/mouldking.store\/es\/wp-json\/wp\/v2\/product_cat?post=23395"},{"taxonomy":"product_tag","embeddable":true,"href":"https:\/\/mouldking.store\/es\/wp-json\/wp\/v2\/product_tag?post=23395"}],"curies":[{"name":"wp","href":"https:\/\/api.w.org\/{rel}","templated":true}]}}