{"id":23425,"date":"2021-10-10T04:56:05","date_gmt":"2021-10-09T21:56:05","guid":{"rendered":"https:\/\/mouldking.store\/shop\/moc-3906-modular-flower-shop-modular-building-by-mestari-moc-factory\/"},"modified":"2025-12-25T09:20:41","modified_gmt":"2025-12-25T02:20:41","slug":"moc-3906-modular-flower-shop-modular-building-by-mestari-moc-factory","status":"publish","type":"product","link":"https:\/\/mouldking.store\/es\/shop\/moc-3906-modular-flower-shop-modular-building-by-mestari-moc-factory\/","title":{"rendered":"MOC-3906 Modular Flower Shop Edificio modular de Mestari MOC FACTORY"},"content":{"rendered":"<p style=\"text-align: left\">MOC-3906 Modular Flower Shop Modular Building de Mestari MOC FACTORY es un conjunto de la colecci\u00f3n Modular Building, dise\u00f1ado por Mestari. Este MOC 3906 viene con instrucciones en PDF que son f\u00e1ciles de construir y encontrar las piezas que faltan. El conjunto contiene 1523 piezas, lanzado por primera vez en 2021.<\/p>\n<figure id=\"attachment_203810\" aria-describedby=\"caption-attachment-203810\" style=\"width: 800px\" class=\"wp-caption aligncenter\"><a href=\"https:\/\/pay.lpwstore.com\/wp-content\/uploads\/2021\/03\/MOC-3906-Modular-Flower-Shop-Modular-Building-by-Mestari-MOC-FACTORY.jpg\" target=\"_blank\" rel=\"noopener\"><img fetchpriority=\"high\" decoding=\"async\" class=\"wp-image-203810 size-full\" title=\"MOC-3906 Modular Flower Shop Edificio modular de Mestari MOC FACTORY\" src=\"https:\/\/pay.lpwstore.com\/wp-content\/uploads\/2021\/03\/MOC-3906-Modular-Flower-Shop-Modular-Building-by-Mestari-MOC-FACTORY.jpg\" alt=\"MOC-3906 Modular Flower Shop Modular Building by Mestari MOC FACTORY\" width=\"800\" height=\"800\" \/><\/a><figcaption id=\"caption-attachment-203810\" class=\"wp-caption-text\">MOC-3906 Modular Flower Shop Edificio modular de Mestari MOC FACTORY<\/figcaption><\/figure>\n<p><img decoding=\"async\" class=\"alignnone size-full wp-image-203811 aligncenter\" src=\"https:\/\/pay.lpwstore.com\/wp-content\/uploads\/2021\/03\/MOC-3906-Modular-Flower-Shop-Modular-Building-by-Mestari-MOC-FACTORY-2.jpg\" alt=\"MOC-3906-Modular-Flower-Shop-Modular-Building-by-Mestari-MOC-FACTORY-2\" width=\"800\" height=\"800\" title=\"-\"><\/p>","protected":false},"excerpt":{"rendered":"<ul>\n<li>Incluir <strong>1523+<\/strong> piezas<\/li>\n<li>Instrucci\u00f3n PDF en l\u00ednea<\/li>\n<li>Bloque ABS de alta calidad.<\/li>\n<li>Dimensiones: 28 x 28 x 18 cm<\/li>\n<\/ul>","protected":false},"featured_media":23423,"comment_status":"open","ping_status":"closed","template":"","meta":{"_acf_changed":false},"product_cat":[390],"product_tag":[],"class_list":["product","first","instock","shipping-taxable","purchasable","product-type-simple"],"acf":[],"_links":{"self":[{"href":"https:\/\/mouldking.store\/es\/wp-json\/wp\/v2\/product\/23425","targetHints":{"allow":["GET"]}}],"collection":[{"href":"https:\/\/mouldking.store\/es\/wp-json\/wp\/v2\/product"}],"about":[{"href":"https:\/\/mouldking.store\/es\/wp-json\/wp\/v2\/types\/product"}],"replies":[{"embeddable":true,"href":"https:\/\/mouldking.store\/es\/wp-json\/wp\/v2\/comments?post=23425"}],"wp:featuredmedia":[{"embeddable":true,"href":"https:\/\/mouldking.store\/es\/wp-json\/wp\/v2\/media\/23423"}],"wp:attachment":[{"href":"https:\/\/mouldking.store\/es\/wp-json\/wp\/v2\/media?parent=23425"}],"wp:term":[{"taxonomy":"product_cat","embeddable":true,"href":"https:\/\/mouldking.store\/es\/wp-json\/wp\/v2\/product_cat?post=23425"},{"taxonomy":"product_tag","embeddable":true,"href":"https:\/\/mouldking.store\/es\/wp-json\/wp\/v2\/product_tag?post=23425"}],"curies":[{"name":"wp","href":"https:\/\/api.w.org\/{rel}","templated":true}]}}