{"id":23443,"date":"2021-10-10T04:56:21","date_gmt":"2021-10-09T21:56:21","guid":{"rendered":"https:\/\/mouldking.store\/shop\/moc-49804-micro-battlestar-galactica-space-by-neroz-moc-factory\/"},"modified":"2025-12-25T09:20:41","modified_gmt":"2025-12-25T02:20:41","slug":"moc-49804-micro-battlestar-galactica-space-by-neroz-moc-factory","status":"publish","type":"product","link":"https:\/\/mouldking.store\/es\/shop\/moc-49804-micro-battlestar-galactica-space-by-neroz-moc-factory\/","title":{"rendered":"MOC-49804 Micro Battlestar Galactica Space de neroz MOC FACTORY"},"content":{"rendered":"<p style=\"text-align: left\">MOC-49804 Micro Battlestar Galactica Space de neroz MOC FACTORY es un conjunto de la colecci\u00f3n Space, dise\u00f1ado por neroz. Este MOC 49804 viene con instrucciones en PDF que es f\u00e1cil de construir y encontrar las piezas que faltan. El conjunto contiene 189 piezas, lanzado por primera vez en 2021.<\/p>\n<figure id=\"attachment_203826\" aria-describedby=\"caption-attachment-203826\" style=\"width: 800px\" class=\"wp-caption aligncenter\"><a href=\"https:\/\/pay.lpwstore.com\/wp-content\/uploads\/2021\/03\/MOC-49804-Micro-Battlestar-Galactica-Space-by-neroz-MOC-FACTORY.jpg\" target=\"_blank\" rel=\"noopener\"><img fetchpriority=\"high\" decoding=\"async\" class=\"wp-image-203826 size-full\" title=\"MOC-49804 Micro Battlestar Galactica Space de neroz MOC FACTORY\" src=\"https:\/\/pay.lpwstore.com\/wp-content\/uploads\/2021\/03\/MOC-49804-Micro-Battlestar-Galactica-Space-by-neroz-MOC-FACTORY.jpg\" alt=\"MOC-49804 Micro Battlestar Galactica Space by neroz MOC FACTORY\" width=\"800\" height=\"800\" \/><\/a><figcaption id=\"caption-attachment-203826\" class=\"wp-caption-text\">MOC-49804 Micro Battlestar Galactica Space de neroz MOC FACTORY<\/figcaption><\/figure>\n<p><img decoding=\"async\" class=\"alignnone size-full wp-image-203827 aligncenter\" src=\"https:\/\/pay.lpwstore.com\/wp-content\/uploads\/2021\/03\/MOC-49804-Micro-Battlestar-Galactica-Space-by-neroz-MOC-FACTORY-2.jpg\" alt=\"-\" width=\"800\" height=\"800\" title=\"-\"> <img decoding=\"async\" class=\"alignnone size-full wp-image-203828 aligncenter\" src=\"https:\/\/pay.lpwstore.com\/wp-content\/uploads\/2021\/03\/MOC-49804-Micro-Battlestar-Galactica-Space-by-neroz-MOC-FACTORY-3.jpg\" alt=\"-\" width=\"800\" height=\"800\" title=\"-\"> <img loading=\"lazy\" decoding=\"async\" class=\"alignnone size-full wp-image-203829 aligncenter\" src=\"https:\/\/pay.lpwstore.com\/wp-content\/uploads\/2021\/03\/MOC-49804-Micro-Battlestar-Galactica-Space-by-neroz-MOC-FACTORY-4.jpg\" alt=\"-\" width=\"800\" height=\"800\" title=\"-\"> <img loading=\"lazy\" decoding=\"async\" class=\"alignnone size-full wp-image-203830 aligncenter\" src=\"https:\/\/pay.lpwstore.com\/wp-content\/uploads\/2021\/03\/MOC-49804-Micro-Battlestar-Galactica-Space-by-neroz-MOC-FACTORY-5.jpg\" alt=\"-\" width=\"800\" height=\"800\" title=\"-\"><\/p>","protected":false},"excerpt":{"rendered":"<ul>\n<li>Incluir\u00a0<strong>189+<\/strong>\u00a0piezas<\/li>\n<li>Instrucci\u00f3n PDF en l\u00ednea<\/li>\n<li>Bloque ABS de alta calidad.<\/li>\n<li>Dimensiones: 20 x 8 x 4 cm<\/li>\n<\/ul>","protected":false},"featured_media":23438,"comment_status":"open","ping_status":"closed","template":"","meta":{"_acf_changed":false},"product_cat":[371],"product_tag":[],"class_list":["product","first","instock","shipping-taxable","purchasable","product-type-simple"],"acf":[],"_links":{"self":[{"href":"https:\/\/mouldking.store\/es\/wp-json\/wp\/v2\/product\/23443","targetHints":{"allow":["GET"]}}],"collection":[{"href":"https:\/\/mouldking.store\/es\/wp-json\/wp\/v2\/product"}],"about":[{"href":"https:\/\/mouldking.store\/es\/wp-json\/wp\/v2\/types\/product"}],"replies":[{"embeddable":true,"href":"https:\/\/mouldking.store\/es\/wp-json\/wp\/v2\/comments?post=23443"}],"wp:featuredmedia":[{"embeddable":true,"href":"https:\/\/mouldking.store\/es\/wp-json\/wp\/v2\/media\/23438"}],"wp:attachment":[{"href":"https:\/\/mouldking.store\/es\/wp-json\/wp\/v2\/media?parent=23443"}],"wp:term":[{"taxonomy":"product_cat","embeddable":true,"href":"https:\/\/mouldking.store\/es\/wp-json\/wp\/v2\/product_cat?post=23443"},{"taxonomy":"product_tag","embeddable":true,"href":"https:\/\/mouldking.store\/es\/wp-json\/wp\/v2\/product_tag?post=23443"}],"curies":[{"name":"wp","href":"https:\/\/api.w.org\/{rel}","templated":true}]}}