{"id":23463,"date":"2021-10-10T04:56:38","date_gmt":"2021-10-09T21:56:38","guid":{"rendered":"https:\/\/mouldking.store\/shop\/moc-54840-10214-tower-bridge-alternative-modular-school-modular-building-by-alberto-vax-moc-factory\/"},"modified":"2025-12-25T09:20:40","modified_gmt":"2025-12-25T02:20:40","slug":"moc-54840-10214-tower-bridge-alternative-modular-school-modular-building-by-alberto-vax-moc-factory","status":"publish","type":"product","link":"https:\/\/mouldking.store\/es\/shop\/moc-54840-10214-tower-bridge-alternative-modular-school-modular-building-by-alberto-vax-moc-factory\/","title":{"rendered":"MOC-54840 10214 Alternativa al Puente de la Torre \u2013 Escuela Modular Edificio Modular por alberto.vax MOC FACTORY"},"content":{"rendered":"<p style=\"text-align: left\">MOC-54840 10214 Alternativa al Tower Bridge \u2013 Modular School Modular Building de alberto.vax MOC FACTORY es un conjunto de la colecci\u00f3n Modular Building, dise\u00f1ado por alberto.vax. Este MOC 54840 viene con instrucciones en PDF que son f\u00e1ciles de construir y encontrar las piezas que faltan. El conjunto contiene 2654 piezas, lanzado por primera vez en 2021.<\/p>\n<figure id=\"attachment_204049\" aria-describedby=\"caption-attachment-204049\" style=\"width: 800px\" class=\"wp-caption aligncenter\"><a href=\"https:\/\/pay.lpwstore.com\/wp-content\/uploads\/2021\/03\/MOC-54840-10214-Tower-Bridge-alternative-Modular-School-Modular-Building-by-alberto.vax-MOC-FACTORY.jpg\" target=\"_blank\" rel=\"noopener\"><img fetchpriority=\"high\" decoding=\"async\" class=\"wp-image-204049 size-full\" title=\"MOC-54840 10214 Tower Bridge alternativa - Escuela modular Edificio modular por alberto.vax MOC FACTORY\" src=\"https:\/\/pay.lpwstore.com\/wp-content\/uploads\/2021\/03\/MOC-54840-10214-Tower-Bridge-alternative-Modular-School-Modular-Building-by-alberto.vax-MOC-FACTORY.jpg\" alt=\"MOC-54840 10214 Tower Bridge alternative - Modular School Modular Building by alberto.vax MOC FACTORY\" width=\"800\" height=\"800\" \/><\/a><figcaption id=\"caption-attachment-204049\" class=\"wp-caption-text\">MOC-54840 10214 Alternativa al Puente de la Torre \u2013 Escuela Modular Edificio Modular por alberto.vax MOC FACTORY<\/figcaption><\/figure>\n<p><img decoding=\"async\" class=\"alignnone size-full wp-image-204050 aligncenter\" src=\"https:\/\/pay.lpwstore.com\/wp-content\/uploads\/2021\/03\/MOC-54840-10214-Tower-Bridge-alternative-Modular-School-Modular-Building-by-alberto-2.jpg\" alt=\"MOC-54840-10214-Tower-Bridge-alternative---Modular-School-Modular-Building-by-alberto-2\" width=\"800\" height=\"800\" title=\"-\"><\/p>","protected":false},"excerpt":{"rendered":"<div class=\"product-short-description\">\n<ul>\n<li>Incluir\u00a0<strong>2654+<\/strong>\u00a0piezas<\/li>\n<li>Instrucci\u00f3n PDF en l\u00ednea<\/li>\n<li>Bloque ABS de alta calidad.<\/li>\n<li>Dimensiones: 26 x 26 x 26 cm<\/li>\n<\/ul>\n<\/div>","protected":false},"featured_media":23461,"comment_status":"open","ping_status":"closed","template":"","meta":{"_acf_changed":false},"product_cat":[390],"product_tag":[],"class_list":["product","first","instock","shipping-taxable","purchasable","product-type-simple"],"acf":[],"_links":{"self":[{"href":"https:\/\/mouldking.store\/es\/wp-json\/wp\/v2\/product\/23463","targetHints":{"allow":["GET"]}}],"collection":[{"href":"https:\/\/mouldking.store\/es\/wp-json\/wp\/v2\/product"}],"about":[{"href":"https:\/\/mouldking.store\/es\/wp-json\/wp\/v2\/types\/product"}],"replies":[{"embeddable":true,"href":"https:\/\/mouldking.store\/es\/wp-json\/wp\/v2\/comments?post=23463"}],"wp:featuredmedia":[{"embeddable":true,"href":"https:\/\/mouldking.store\/es\/wp-json\/wp\/v2\/media\/23461"}],"wp:attachment":[{"href":"https:\/\/mouldking.store\/es\/wp-json\/wp\/v2\/media?parent=23463"}],"wp:term":[{"taxonomy":"product_cat","embeddable":true,"href":"https:\/\/mouldking.store\/es\/wp-json\/wp\/v2\/product_cat?post=23463"},{"taxonomy":"product_tag","embeddable":true,"href":"https:\/\/mouldking.store\/es\/wp-json\/wp\/v2\/product_tag?post=23463"}],"curies":[{"name":"wp","href":"https:\/\/api.w.org\/{rel}","templated":true}]}}