{"id":23480,"date":"2021-10-10T04:56:56","date_gmt":"2021-10-09T21:56:56","guid":{"rendered":"https:\/\/mouldking.store\/shop\/moc-62184-bonsai-tree-creator-by-gr33tje13-moc-factory\/"},"modified":"2025-12-25T09:20:40","modified_gmt":"2025-12-25T02:20:40","slug":"moc-62184-bonsai-tree-creator-by-gr33tje13-moc-factory","status":"publish","type":"product","link":"https:\/\/mouldking.store\/es\/shop\/moc-62184-bonsai-tree-creator-by-gr33tje13-moc-factory\/","title":{"rendered":"MOC-62184 Bonsai Tree Creator por Gr33tje13 MOC FACTORY"},"content":{"rendered":"<p style=\"text-align: left\">MOC-62184 Bonsai Tree Creator de Gr33tje13 MOC FACTORY es un conjunto de la colecci\u00f3n Creator, dise\u00f1ado por Gr33tje13. Este MOC 62184 viene con instrucciones en PDF que son f\u00e1ciles de construir y encontrar las piezas que faltan. El conjunto contiene 647 piezas, lanzado por primera vez en 2021.<\/p>\n<figure id=\"attachment_204069\" aria-describedby=\"caption-attachment-204069\" style=\"width: 800px\" class=\"wp-caption aligncenter\"><a href=\"https:\/\/pay.lpwstore.com\/wp-content\/uploads\/2021\/03\/MOC-62184-Bonsai-Tree-Creator-by-Gr33tje13-MOC-FACTORY.jpg\" target=\"_blank\" rel=\"noopener\"><img fetchpriority=\"high\" decoding=\"async\" class=\"wp-image-204069 size-full\" title=\"MOC-62184 Bonsai Tree Creator por Gr33tje13 MOC FACTORY\" src=\"https:\/\/pay.lpwstore.com\/wp-content\/uploads\/2021\/03\/MOC-62184-Bonsai-Tree-Creator-by-Gr33tje13-MOC-FACTORY.jpg\" alt=\"MOC-62184 Bonsai Tree Creator by Gr33tje13 MOC FACTORY\" width=\"800\" height=\"800\" \/><\/a><figcaption id=\"caption-attachment-204069\" class=\"wp-caption-text\">MOC-62184 Bonsai Tree Creator por Gr33tje13 MOC FACTORY<\/figcaption><\/figure>\n<p><img decoding=\"async\" class=\"alignnone size-full wp-image-204070 aligncenter\" src=\"https:\/\/pay.lpwstore.com\/wp-content\/uploads\/2021\/03\/MOC-62184-Bonsai-Tree-Creator-by-Gr33tje13-MOC-FACTORY-2.jpg\" alt=\"-\" width=\"800\" height=\"800\" title=\"-\"><\/p>","protected":false},"excerpt":{"rendered":"<ul>\n<li>Incluir\u00a0<strong>647+<\/strong>\u00a0piezas<\/li>\n<li>Instrucci\u00f3n PDF en l\u00ednea<\/li>\n<li>Bloque ABS de alta calidad.<\/li>\n<li>Dimensiones: 33 x 22 x 18 cm<\/li>\n<\/ul>","protected":false},"featured_media":23478,"comment_status":"open","ping_status":"closed","template":"","meta":{"_acf_changed":false},"product_cat":[371],"product_tag":[],"class_list":["product","first","instock","shipping-taxable","purchasable","product-type-simple"],"acf":[],"_links":{"self":[{"href":"https:\/\/mouldking.store\/es\/wp-json\/wp\/v2\/product\/23480","targetHints":{"allow":["GET"]}}],"collection":[{"href":"https:\/\/mouldking.store\/es\/wp-json\/wp\/v2\/product"}],"about":[{"href":"https:\/\/mouldking.store\/es\/wp-json\/wp\/v2\/types\/product"}],"replies":[{"embeddable":true,"href":"https:\/\/mouldking.store\/es\/wp-json\/wp\/v2\/comments?post=23480"}],"wp:featuredmedia":[{"embeddable":true,"href":"https:\/\/mouldking.store\/es\/wp-json\/wp\/v2\/media\/23478"}],"wp:attachment":[{"href":"https:\/\/mouldking.store\/es\/wp-json\/wp\/v2\/media?parent=23480"}],"wp:term":[{"taxonomy":"product_cat","embeddable":true,"href":"https:\/\/mouldking.store\/es\/wp-json\/wp\/v2\/product_cat?post=23480"},{"taxonomy":"product_tag","embeddable":true,"href":"https:\/\/mouldking.store\/es\/wp-json\/wp\/v2\/product_tag?post=23480"}],"curies":[{"name":"wp","href":"https:\/\/api.w.org\/{rel}","templated":true}]}}