{"id":23520,"date":"2021-10-10T04:57:34","date_gmt":"2021-10-09T21:57:34","guid":{"rendered":"https:\/\/mouldking.store\/shop\/moc-61366-los-angeles-class-nuclear-submarine-military-by-veyniac-moc-factory\/"},"modified":"2025-12-25T09:20:39","modified_gmt":"2025-12-25T02:20:39","slug":"moc-61366-los-angeles-class-nuclear-submarine-military-by-veyniac-moc-factory","status":"publish","type":"product","link":"https:\/\/mouldking.store\/es\/shop\/moc-61366-los-angeles-class-nuclear-submarine-military-by-veyniac-moc-factory\/","title":{"rendered":"MOC-61366 Submarino nuclear clase Los \u00c1ngeles Militar de veyniac MOC FACTORY"},"content":{"rendered":"<p style=\"text-align: left\">MOC-61366 Los Angeles-Class Nuclear Submarine Military de veyniac MOC FACTORY es un set de la colecci\u00f3n Military, dise\u00f1ado por veyniac. Este MOC 61366 viene con instrucciones en PDF que son f\u00e1ciles de construir y encontrar las piezas que faltan. El conjunto contiene 563 piezas, lanzado por primera vez en 2021.<\/p>\n<figure id=\"attachment_204161\" class=\"wp-caption aligncenter\" style=\"width: 800px\" aria-describedby=\"caption-attachment-204161\"><a href=\"https:\/\/pay.lpwstore.com\/wp-content\/uploads\/2021\/03\/MOC-61366-Los-Angeles-Class-Nuclear-Submarine-Military-by-veyniac-MOC-FACTORY.jpg\" target=\"_blank\" rel=\"noopener\"><img fetchpriority=\"high\" decoding=\"async\" class=\"wp-image-204161 size-full\" title=\"MOC-61366 Submarino nuclear clase Los \u00c1ngeles Militar de veyniac MOC FACTORY\" src=\"https:\/\/pay.lpwstore.com\/wp-content\/uploads\/2021\/03\/MOC-61366-Los-Angeles-Class-Nuclear-Submarine-Military-by-veyniac-MOC-FACTORY.jpg\" alt=\"MOC-61366 Los Angeles-Class Nuclear Submarine Military by veyniac MOC FACTORY\" width=\"800\" height=\"800\" \/><\/a><figcaption id=\"caption-attachment-204161\" class=\"wp-caption-text\">MOC-61366 Submarino nuclear clase Los \u00c1ngeles Militar de veyniac MOC FACTORY<\/figcaption><\/figure>\n<p><img decoding=\"async\" class=\"alignnone size-full wp-image-204162 aligncenter\" src=\"https:\/\/pay.lpwstore.com\/wp-content\/uploads\/2021\/03\/MOC-61366-Los-Angeles-Class-Nuclear-Submarine-Military-by-veyniac-MOC-FACTORY-2.jpg\" alt=\"-\" width=\"800\" height=\"800\" title=\"-\"> <img decoding=\"async\" class=\"alignnone size-full wp-image-204163 aligncenter\" src=\"https:\/\/pay.lpwstore.com\/wp-content\/uploads\/2021\/03\/MOC-61366-Los-Angeles-Class-Nuclear-Submarine-Military-by-veyniac-MOC-FACTORY-3.jpg\" alt=\"-\" width=\"800\" height=\"800\" title=\"-\"> <img loading=\"lazy\" decoding=\"async\" class=\"alignnone size-full wp-image-204164 aligncenter\" src=\"https:\/\/pay.lpwstore.com\/wp-content\/uploads\/2021\/03\/MOC-61366-Los-Angeles-Class-Nuclear-Submarine-Military-by-veyniac-MOC-FACTORY-4.jpg\" alt=\"-\" width=\"800\" height=\"800\" title=\"-\"><\/p>","protected":false},"excerpt":{"rendered":"<ul>\n<li>Incluir\u00a0<strong>563+<\/strong>\u00a0piezas<\/li>\n<li>Instrucci\u00f3n PDF en l\u00ednea<\/li>\n<li>Bloque ABS de alta calidad.<\/li>\n<li>Dimensiones: 45 x 8 x 14 cm<\/li>\n<\/ul>","protected":false},"featured_media":23516,"comment_status":"open","ping_status":"closed","template":"","meta":{"_acf_changed":false},"product_cat":[372],"product_tag":[],"class_list":["product","first","outofstock","shipping-taxable","purchasable","product-type-simple"],"acf":[],"_links":{"self":[{"href":"https:\/\/mouldking.store\/es\/wp-json\/wp\/v2\/product\/23520","targetHints":{"allow":["GET"]}}],"collection":[{"href":"https:\/\/mouldking.store\/es\/wp-json\/wp\/v2\/product"}],"about":[{"href":"https:\/\/mouldking.store\/es\/wp-json\/wp\/v2\/types\/product"}],"replies":[{"embeddable":true,"href":"https:\/\/mouldking.store\/es\/wp-json\/wp\/v2\/comments?post=23520"}],"wp:featuredmedia":[{"embeddable":true,"href":"https:\/\/mouldking.store\/es\/wp-json\/wp\/v2\/media\/23516"}],"wp:attachment":[{"href":"https:\/\/mouldking.store\/es\/wp-json\/wp\/v2\/media?parent=23520"}],"wp:term":[{"taxonomy":"product_cat","embeddable":true,"href":"https:\/\/mouldking.store\/es\/wp-json\/wp\/v2\/product_cat?post=23520"},{"taxonomy":"product_tag","embeddable":true,"href":"https:\/\/mouldking.store\/es\/wp-json\/wp\/v2\/product_tag?post=23520"}],"curies":[{"name":"wp","href":"https:\/\/api.w.org\/{rel}","templated":true}]}}