{"id":23551,"date":"2021-10-10T04:58:10","date_gmt":"2021-10-09T21:58:10","guid":{"rendered":"https:\/\/mouldking.store\/shop\/moc-61784-totoro-movie-by-superesc-moc-factory\/"},"modified":"2025-12-25T09:20:38","modified_gmt":"2025-12-25T02:20:38","slug":"moc-61784-totoro-movie-by-superesc-moc-factory","status":"publish","type":"product","link":"https:\/\/mouldking.store\/es\/shop\/moc-61784-totoro-movie-by-superesc-moc-factory\/","title":{"rendered":"MOC-61784 Pel\u00edcula Totoro de Superesc MOC FACTORY"},"content":{"rendered":"<p style=\"text-align: left;\">MOC-61784 Totoro Movie de Superesc MOC FACTORY es un set de la colecci\u00f3n Movie, dise\u00f1ado por Superesc. Este MOC 61784 viene con instrucciones en PDF que es f\u00e1cil de construir y encontrar las piezas que faltan. El conjunto contiene 261 piezas, lanzado por primera vez en 2021.<\/p>\n<figure id=\"attachment_204223\" class=\"wp-caption aligncenter\" style=\"width: 800px;\" aria-describedby=\"caption-attachment-204223\"><a href=\"https:\/\/pay.lpwstore.com\/wp-content\/uploads\/2021\/03\/MOC-61784-Totoro-Movie-by-Superesc-MOC-FACTORY.jpg\" target=\"_blank\" rel=\"noopener\"><img fetchpriority=\"high\" decoding=\"async\" class=\"wp-image-204223 size-full\" title=\"MOC-61784 Pel\u00edcula Totoro de Superesc MOC FACTORY\" src=\"https:\/\/pay.lpwstore.com\/wp-content\/uploads\/2021\/03\/MOC-61784-Totoro-Movie-by-Superesc-MOC-FACTORY.jpg\" alt=\"MOC-61784 Totoro Movie by Superesc MOC FACTORY\" width=\"800\" height=\"800\" \/><\/a><figcaption id=\"caption-attachment-204223\" class=\"wp-caption-text\">MOC-61784 Pel\u00edcula Totoro de Superesc MOC FACTORY<\/figcaption><\/figure>\n<p><img decoding=\"async\" class=\"alignnone size-full wp-image-204224 aligncenter\" src=\"https:\/\/pay.lpwstore.com\/wp-content\/uploads\/2021\/03\/MOC-61784-Totoro-Movie-by-Superesc-MOC-FACTORY-2.jpg\" alt=\"-\" width=\"800\" height=\"800\" title=\"-\"> <img decoding=\"async\" class=\"alignnone size-full wp-image-204225 aligncenter\" src=\"https:\/\/pay.lpwstore.com\/wp-content\/uploads\/2021\/03\/MOC-61784-Totoro-Movie-by-Superesc-MOC-FACTORY-3.jpg\" alt=\"-\" width=\"800\" height=\"800\" title=\"-\"><\/p>","protected":false},"excerpt":{"rendered":"<ul>\n<li>Incluir\u00a0<strong>261+<\/strong>\u00a0piezas<\/li>\n<li>Instrucci\u00f3n PDF en l\u00ednea<\/li>\n<li>Bloque ABS de alta calidad.<\/li>\n<li>Dimensiones: 14 x 8 x 10 cm<\/li>\n<\/ul>","protected":false},"featured_media":23548,"comment_status":"open","ping_status":"closed","template":"","meta":{"_acf_changed":false},"product_cat":[581,13850],"product_tag":[],"class_list":["product","first","instock","shipping-taxable","purchasable","product-type-simple"],"acf":[],"_links":{"self":[{"href":"https:\/\/mouldking.store\/es\/wp-json\/wp\/v2\/product\/23551","targetHints":{"allow":["GET"]}}],"collection":[{"href":"https:\/\/mouldking.store\/es\/wp-json\/wp\/v2\/product"}],"about":[{"href":"https:\/\/mouldking.store\/es\/wp-json\/wp\/v2\/types\/product"}],"replies":[{"embeddable":true,"href":"https:\/\/mouldking.store\/es\/wp-json\/wp\/v2\/comments?post=23551"}],"wp:featuredmedia":[{"embeddable":true,"href":"https:\/\/mouldking.store\/es\/wp-json\/wp\/v2\/media\/23548"}],"wp:attachment":[{"href":"https:\/\/mouldking.store\/es\/wp-json\/wp\/v2\/media?parent=23551"}],"wp:term":[{"taxonomy":"product_cat","embeddable":true,"href":"https:\/\/mouldking.store\/es\/wp-json\/wp\/v2\/product_cat?post=23551"},{"taxonomy":"product_tag","embeddable":true,"href":"https:\/\/mouldking.store\/es\/wp-json\/wp\/v2\/product_tag?post=23551"}],"curies":[{"name":"wp","href":"https:\/\/api.w.org\/{rel}","templated":true}]}}