{"id":23643,"date":"2021-10-10T04:59:51","date_gmt":"2021-10-10T04:59:51","guid":{"rendered":"https:\/\/mouldking.store\/shop\/moc-34933-bugatti-eb-110-centodieci-hommage-technic-by-the-one-from-the-swabian-moc-factory\/"},"modified":"2025-12-25T09:20:31","modified_gmt":"2025-12-25T02:20:31","slug":"moc-34933-bugatti-eb-110-centodieci-hommage-technic-by-the-one-from-the-swabian-moc-factory","status":"publish","type":"product","link":"https:\/\/mouldking.store\/es\/shop\/moc-34933-bugatti-eb-110-centodieci-hommage-technic-by-the-one-from-the-swabian-moc-factory\/","title":{"rendered":"MOC-34933 Bugatti EB 110 Centodieci Hommage Technic by The one from the Swabian MOC FACTORY"},"content":{"rendered":"<p style=\"text-align: left\">MOC-34933 Bugatti EB 110 Centodieci Hommage Technic by The one from the Swabian MOC FACTORY is a set in Technic collection, designed by The one from the Swabian. This MOC 34933 comes with PDF instruction which is easy to build and find the missing pieces. The set contains 4150 pieces, first released in 2021.<\/p>\n<p style=\"text-align: left\"><strong>NOTA:<\/strong><\/p>\n<ul style=\"text-align: center\">\n<li style=\"text-align: left\"><strong>El color de las partes individuales no se corresponde con el de las partes del dibujo, lo que no afecta la apariencia.<\/strong><\/li>\n<li style=\"text-align: left\"><strong>Compre con cuidado para aquellos que no est\u00e1n preocupados por la precisi\u00f3n, la diferencia de color de las piezas dom\u00e9sticas.<\/strong><\/li>\n<\/ul>\n<figure id=\"attachment_204515\" aria-describedby=\"caption-attachment-204515\" style=\"width: 800px\" class=\"wp-caption aligncenter\"><a href=\"https:\/\/pay.lpwstore.com\/wp-content\/uploads\/2021\/03\/MOC-34933-Bugatti-EB-110-Centodieci-Hommage-Technic-by-The-one-from-the-Swabian-MOC-FACTORY.jpg\" target=\"_blank\" rel=\"noopener\"><img fetchpriority=\"high\" decoding=\"async\" class=\"wp-image-204515 size-full\" title=\"MOC-34933 Bugatti EB 110 Centodieci Hommage Technic by The one from the Swabian MOC FACTORY\" src=\"https:\/\/pay.lpwstore.com\/wp-content\/uploads\/2021\/03\/MOC-34933-Bugatti-EB-110-Centodieci-Hommage-Technic-by-The-one-from-the-Swabian-MOC-FACTORY.jpg\" alt=\"MOC-34933 Bugatti EB 110 Centodieci Hommage Technic by The one from the Swabian MOC FACTORY\" width=\"800\" height=\"800\" \/><\/a><figcaption id=\"caption-attachment-204515\" class=\"wp-caption-text\">MOC-34933 Bugatti EB 110 Centodieci Hommage Technic by The one from the Swabian MOC FACTORY<\/figcaption><\/figure>\n<p><img decoding=\"async\" class=\"alignnone size-full wp-image-204516 aligncenter\" src=\"https:\/\/pay.lpwstore.com\/wp-content\/uploads\/2021\/03\/MOC-34933-Bugatti-EB-110-Centodieci-Hommage-Technic-by-The-one-from-the-Swabian-MOC-FACTORY-2.jpg\" alt=\"-\" width=\"800\" height=\"800\" title=\"-\"> <img decoding=\"async\" class=\"alignnone size-full wp-image-204517 aligncenter\" src=\"https:\/\/pay.lpwstore.com\/wp-content\/uploads\/2021\/03\/MOC-34933-Bugatti-EB-110-Centodieci-Hommage-Technic-by-The-one-from-the-Swabian-MOC-FACTORY-3.jpg\" alt=\"-\" width=\"800\" height=\"800\" title=\"-\"> <img loading=\"lazy\" decoding=\"async\" class=\"alignnone size-full wp-image-204518 aligncenter\" src=\"https:\/\/pay.lpwstore.com\/wp-content\/uploads\/2021\/03\/MOC-34933-Bugatti-EB-110-Centodieci-Hommage-Technic-by-The-one-from-the-Swabian-MOC-FACTORY-4.jpg\" alt=\"-\" width=\"800\" height=\"800\" title=\"-\"><\/p>","protected":false},"excerpt":{"rendered":"<ul>\n<li>Incluir\u00a0<strong>4150+<\/strong>\u00a0piezas<\/li>\n<li>Instrucci\u00f3n PDF en l\u00ednea<\/li>\n<li>Bloque ABS de alta calidad.<\/li>\n<\/ul>","protected":false},"featured_media":23639,"comment_status":"open","ping_status":"closed","template":"","meta":{"_acf_changed":false},"product_cat":[364],"product_tag":[],"class_list":["product","first","outofstock","shipping-taxable","purchasable","product-type-simple"],"acf":[],"_links":{"self":[{"href":"https:\/\/mouldking.store\/es\/wp-json\/wp\/v2\/product\/23643","targetHints":{"allow":["GET"]}}],"collection":[{"href":"https:\/\/mouldking.store\/es\/wp-json\/wp\/v2\/product"}],"about":[{"href":"https:\/\/mouldking.store\/es\/wp-json\/wp\/v2\/types\/product"}],"replies":[{"embeddable":true,"href":"https:\/\/mouldking.store\/es\/wp-json\/wp\/v2\/comments?post=23643"}],"wp:featuredmedia":[{"embeddable":true,"href":"https:\/\/mouldking.store\/es\/wp-json\/wp\/v2\/media\/23639"}],"wp:attachment":[{"href":"https:\/\/mouldking.store\/es\/wp-json\/wp\/v2\/media?parent=23643"}],"wp:term":[{"taxonomy":"product_cat","embeddable":true,"href":"https:\/\/mouldking.store\/es\/wp-json\/wp\/v2\/product_cat?post=23643"},{"taxonomy":"product_tag","embeddable":true,"href":"https:\/\/mouldking.store\/es\/wp-json\/wp\/v2\/product_tag?post=23643"}],"curies":[{"name":"wp","href":"https:\/\/api.w.org\/{rel}","templated":true}]}}