{"id":23691,"date":"2021-10-10T05:01:05","date_gmt":"2021-10-10T05:01:05","guid":{"rendered":"https:\/\/mouldking.store\/shop\/moc-47178-alfa-romeo-racing-orlen-f1-c39-18-scale-technic-by-lukas2020-moc-factory\/"},"modified":"2025-12-25T09:20:30","modified_gmt":"2025-12-25T02:20:30","slug":"moc-47178-alfa-romeo-racing-orlen-f1-c39-18-scale-technic-by-lukas2020-moc-factory","status":"publish","type":"product","link":"https:\/\/mouldking.store\/es\/shop\/moc-47178-alfa-romeo-racing-orlen-f1-c39-18-scale-technic-by-lukas2020-moc-factory\/","title":{"rendered":"MOC-47178 Alfa Romeo Racing Orlen F1 C39 Technic a escala 1:8 de Lukas2020 MOC FACTORY"},"content":{"rendered":"<p style=\"text-align: left\">MOC-47178 Alfa Romeo Racing Orlen F1 C39 1:8 Scale Technic by Lukas2020 MOC FACTORY is a set in Technic collection, designed by Lukas2020. This MOC 47178 comes with PDF instruction which is easy to build and find the missing pieces. The set contains 2206 pieces, first released in 2021.<\/p>\n<p style=\"text-align: left\"><strong>NOTA:<\/strong><\/p>\n<ul style=\"text-align: center\">\n<li style=\"text-align: left\"><strong>El color de las partes individuales no se corresponde con el de las partes del dibujo, lo que no afecta la apariencia.<\/strong><\/li>\n<li style=\"text-align: left\"><strong>Compre con cuidado para aquellos que no est\u00e1n preocupados por la precisi\u00f3n, la diferencia de color de las piezas dom\u00e9sticas.<\/strong><\/li>\n<\/ul>\n<figure id=\"attachment_204585\" aria-describedby=\"caption-attachment-204585\" style=\"width: 800px\" class=\"wp-caption aligncenter\"><a href=\"https:\/\/pay.lpwstore.com\/wp-content\/uploads\/2021\/03\/MOC-47178-Alfa-Romeo-Racing-Orlen-F1-C39-18-Scale-Technic-by-Lukas2020-MOC-FACTORY.jpg\" target=\"_blank\" rel=\"noopener\"><img fetchpriority=\"high\" decoding=\"async\" class=\"wp-image-204585 size-full\" title=\"MOC-47178 Alfa Romeo Racing Orlen F1 C39 Technic a escala 1:8 de Lukas2020 MOC FACTORY\" src=\"https:\/\/pay.lpwstore.com\/wp-content\/uploads\/2021\/03\/MOC-47178-Alfa-Romeo-Racing-Orlen-F1-C39-18-Scale-Technic-by-Lukas2020-MOC-FACTORY.jpg\" alt=\"MOC-47178 Alfa Romeo Racing Orlen F1 C39 1:8 Scale Technic by Lukas2020 MOC FACTORY\" width=\"800\" height=\"800\" \/><\/a><figcaption id=\"caption-attachment-204585\" class=\"wp-caption-text\">MOC-47178 Alfa Romeo Racing Orlen F1 C39 Technic a escala 1:8 de Lukas2020 MOC FACTORY<\/figcaption><\/figure>\n<p><img decoding=\"async\" class=\"alignnone size-full wp-image-204586 aligncenter\" src=\"https:\/\/pay.lpwstore.com\/wp-content\/uploads\/2021\/03\/MOC-47178-Alfa-Romeo-Racing-Orlen-F1-C39-18-Scale-Technic-by-Lukas2020-MOC-FACTORY-2.jpg\" alt=\"-\" width=\"800\" height=\"800\" title=\"-\"> <img decoding=\"async\" class=\"alignnone size-full wp-image-204587 aligncenter\" src=\"https:\/\/pay.lpwstore.com\/wp-content\/uploads\/2021\/03\/MOC-47178-Alfa-Romeo-Racing-Orlen-F1-C39-18-Scale-Technic-by-Lukas2020-MOC-FACTORY-3.jpg\" alt=\"-\" width=\"800\" height=\"800\" title=\"-\"> <img loading=\"lazy\" decoding=\"async\" class=\"alignnone size-full wp-image-204588 aligncenter\" src=\"https:\/\/pay.lpwstore.com\/wp-content\/uploads\/2021\/03\/MOC-47178-Alfa-Romeo-Racing-Orlen-F1-C39-18-Scale-Technic-by-Lukas2020-MOC-FACTORY-4.jpg\" alt=\"-\" width=\"800\" height=\"800\" title=\"-\"> <img loading=\"lazy\" decoding=\"async\" class=\"alignnone size-full wp-image-204589 aligncenter\" src=\"https:\/\/pay.lpwstore.com\/wp-content\/uploads\/2021\/03\/MOC-47178-Alfa-Romeo-Racing-Orlen-F1-C39-18-Scale-Technic-by-Lukas2020-MOC-FACTORY-5.jpg\" alt=\"-\" width=\"800\" height=\"800\" title=\"-\"><\/p>","protected":false},"excerpt":{"rendered":"<ul>\n<li>Incluir\u00a0<strong>2206+<\/strong>\u00a0piezas<\/li>\n<li>Instrucci\u00f3n PDF en l\u00ednea<\/li>\n<li>Bloque ABS de alta calidad.<\/li>\n<\/ul>","protected":false},"featured_media":23686,"comment_status":"open","ping_status":"closed","template":"","meta":{"_acf_changed":false},"product_cat":[364],"product_tag":[],"class_list":["product","first","outofstock","shipping-taxable","purchasable","product-type-simple"],"acf":[],"_links":{"self":[{"href":"https:\/\/mouldking.store\/es\/wp-json\/wp\/v2\/product\/23691","targetHints":{"allow":["GET"]}}],"collection":[{"href":"https:\/\/mouldking.store\/es\/wp-json\/wp\/v2\/product"}],"about":[{"href":"https:\/\/mouldking.store\/es\/wp-json\/wp\/v2\/types\/product"}],"replies":[{"embeddable":true,"href":"https:\/\/mouldking.store\/es\/wp-json\/wp\/v2\/comments?post=23691"}],"wp:featuredmedia":[{"embeddable":true,"href":"https:\/\/mouldking.store\/es\/wp-json\/wp\/v2\/media\/23686"}],"wp:attachment":[{"href":"https:\/\/mouldking.store\/es\/wp-json\/wp\/v2\/media?parent=23691"}],"wp:term":[{"taxonomy":"product_cat","embeddable":true,"href":"https:\/\/mouldking.store\/es\/wp-json\/wp\/v2\/product_cat?post=23691"},{"taxonomy":"product_tag","embeddable":true,"href":"https:\/\/mouldking.store\/es\/wp-json\/wp\/v2\/product_tag?post=23691"}],"curies":[{"name":"wp","href":"https:\/\/api.w.org\/{rel}","templated":true}]}}