{"id":23727,"date":"2021-10-10T05:01:54","date_gmt":"2021-10-10T05:01:54","guid":{"rendered":"https:\/\/mouldking.store\/shop\/moc-2475-tractor-truck-technic-by-lucioswitch81-moc-factory\/"},"modified":"2025-12-25T09:20:29","modified_gmt":"2025-12-25T02:20:29","slug":"moc-2475-tractor-truck-technic-by-lucioswitch81-moc-factory","status":"publish","type":"product","link":"https:\/\/mouldking.store\/es\/shop\/moc-2475-tractor-truck-technic-by-lucioswitch81-moc-factory\/","title":{"rendered":"MOC-2475 Tractor Truck Technic de Lucioswitch81 MOC FACTORY"},"content":{"rendered":"<p style=\"text-align: left\">MOC-2475 Tractor Truck Technic de Lucioswitch81 MOC FACTORY es un conjunto de la colecci\u00f3n Technic, dise\u00f1ado por Lucioswitch81. Este MOC 2475 viene con instrucciones en PDF que son f\u00e1ciles de construir y encontrar las piezas que faltan. El conjunto contiene 4511 piezas, lanzado por primera vez en 2021.<\/p>\n<figure id=\"attachment_204645\" aria-describedby=\"caption-attachment-204645\" style=\"width: 800px\" class=\"wp-caption aligncenter\"><a href=\"https:\/\/pay.lpwstore.com\/wp-content\/uploads\/2021\/03\/MOC-2475-Tractor-Truck-Technic-by-Lucioswitch81-MOC-FACTORY.jpg\" target=\"_blank\" rel=\"noopener\"><img fetchpriority=\"high\" decoding=\"async\" class=\"wp-image-204645 size-full\" title=\"MOC-2475 Tractor Truck Technic de Lucioswitch81 MOC FACTORY\" src=\"https:\/\/pay.lpwstore.com\/wp-content\/uploads\/2021\/03\/MOC-2475-Tractor-Truck-Technic-by-Lucioswitch81-MOC-FACTORY.jpg\" alt=\"MOC-2475 Tractor Truck Technic by Lucioswitch81 MOC FACTORY\" width=\"800\" height=\"800\" \/><\/a><figcaption id=\"caption-attachment-204645\" class=\"wp-caption-text\">MOC-2475 Tractor Truck Technic de Lucioswitch81 MOC FACTORY<\/figcaption><\/figure>\n<p><img decoding=\"async\" class=\"alignnone size-full wp-image-204646 aligncenter\" src=\"https:\/\/pay.lpwstore.com\/wp-content\/uploads\/2021\/03\/MOC-2475-Tractor-Truck-Technic-by-Lucioswitch81-MOC-FACTORY-2.jpg\" alt=\"-\" width=\"800\" height=\"800\" title=\"-\"> <img decoding=\"async\" class=\"alignnone size-full wp-image-204647 aligncenter\" src=\"https:\/\/pay.lpwstore.com\/wp-content\/uploads\/2021\/03\/MOC-2475-Tractor-Truck-Technic-by-Lucioswitch81-MOC-FACTORY-3.jpg\" alt=\"-\" width=\"800\" height=\"800\" title=\"-\"><\/p>","protected":false},"excerpt":{"rendered":"<ul>\n<li>Incluir\u00a0<strong>4511+<\/strong>\u00a0piezas<\/li>\n<li>Instrucci\u00f3n PDF en l\u00ednea<\/li>\n<li>Bloque ABS de alta calidad.<\/li>\n<li>sin motor<\/li>\n<\/ul>","protected":false},"featured_media":23724,"comment_status":"open","ping_status":"closed","template":"","meta":{"_acf_changed":false},"product_cat":[364],"product_tag":[],"class_list":["product","first","outofstock","shipping-taxable","purchasable","product-type-simple"],"acf":[],"_links":{"self":[{"href":"https:\/\/mouldking.store\/es\/wp-json\/wp\/v2\/product\/23727","targetHints":{"allow":["GET"]}}],"collection":[{"href":"https:\/\/mouldking.store\/es\/wp-json\/wp\/v2\/product"}],"about":[{"href":"https:\/\/mouldking.store\/es\/wp-json\/wp\/v2\/types\/product"}],"replies":[{"embeddable":true,"href":"https:\/\/mouldking.store\/es\/wp-json\/wp\/v2\/comments?post=23727"}],"wp:featuredmedia":[{"embeddable":true,"href":"https:\/\/mouldking.store\/es\/wp-json\/wp\/v2\/media\/23724"}],"wp:attachment":[{"href":"https:\/\/mouldking.store\/es\/wp-json\/wp\/v2\/media?parent=23727"}],"wp:term":[{"taxonomy":"product_cat","embeddable":true,"href":"https:\/\/mouldking.store\/es\/wp-json\/wp\/v2\/product_cat?post=23727"},{"taxonomy":"product_tag","embeddable":true,"href":"https:\/\/mouldking.store\/es\/wp-json\/wp\/v2\/product_tag?post=23727"}],"curies":[{"name":"wp","href":"https:\/\/api.w.org\/{rel}","templated":true}]}}