{"id":23755,"date":"2021-10-10T05:02:30","date_gmt":"2021-10-10T05:02:30","guid":{"rendered":"https:\/\/mouldking.store\/shop\/moc-38557-corvette-c7-z06-42056-b-model-technic-by-geyserbricks-moc-factory\/"},"modified":"2025-12-25T09:20:21","modified_gmt":"2025-12-25T02:20:21","slug":"moc-38557-corvette-c7-z06-42056-b-model-technic-by-geyserbricks-moc-factory","status":"publish","type":"product","link":"https:\/\/mouldking.store\/es\/shop\/moc-38557-corvette-c7-z06-42056-b-model-technic-by-geyserbricks-moc-factory\/","title":{"rendered":"MOC-38557 Corbeta C7 Z06 | 42056 modelo B Technic de GeyserBricks MOC FACTORY"},"content":{"rendered":"<p style=\"text-align: left\">MOC-38557 Corbeta C7 Z06 | 42056 B-model Technic de GeyserBricks MOC FACTORY es un conjunto de la colecci\u00f3n Technic, dise\u00f1ado por GeyserBricks. Este MOC 38557 viene con instrucciones en PDF que es f\u00e1cil de construir y encontrar las piezas que faltan. El conjunto contiene 1908 piezas, lanzado por primera vez en 2021.<\/p>\n<figure id=\"attachment_204676\" aria-describedby=\"caption-attachment-204676\" style=\"width: 800px\" class=\"wp-caption alignnone\"><a href=\"https:\/\/pay.lpwstore.com\/wp-content\/uploads\/2021\/03\/MOC-38557-Corvette-C7-Z06-42056-B-model-Technic-by-GeyserBricks-MOC-FACTORY.jpg\" target=\"_blank\" rel=\"noopener\"><img fetchpriority=\"high\" decoding=\"async\" class=\"wp-image-204676 size-full\" title=\"MOC-38557 Corbeta C7 Z06 | 42056 modelo B Technic de GeyserBricks MOC FACTORY\" src=\"https:\/\/pay.lpwstore.com\/wp-content\/uploads\/2021\/03\/MOC-38557-Corvette-C7-Z06-42056-B-model-Technic-by-GeyserBricks-MOC-FACTORY.jpg\" alt=\"MOC-38557 Corvette C7 Z06 | 42056 B-model Technic by GeyserBricks MOC FACTORY\" width=\"800\" height=\"800\" \/><\/a><figcaption id=\"caption-attachment-204676\" class=\"wp-caption-text\">MOC-38557 Corbeta C7 Z06 | 42056 modelo B Technic de GeyserBricks MOC FACTORY<\/figcaption><\/figure>\n<p style=\"text-align: center\"><img decoding=\"async\" class=\"alignnone size-full wp-image-204677\" src=\"https:\/\/pay.lpwstore.com\/wp-content\/uploads\/2021\/03\/MOC-38557-Corvette-C7-Z06-42056-B-model-Technic-by-GeyserBricks-MOC-FACTORY-2.jpg\" alt=\"-\" width=\"800\" height=\"800\" title=\"-\"> <img decoding=\"async\" class=\"alignnone size-full wp-image-204678\" src=\"https:\/\/pay.lpwstore.com\/wp-content\/uploads\/2021\/03\/MOC-38557-Corvette-C7-Z06-42056-B-model-Technic-by-GeyserBricks-MOC-FACTORY-3.jpg\" alt=\"-\" width=\"800\" height=\"800\" title=\"-\"> <img loading=\"lazy\" decoding=\"async\" class=\"alignnone size-full wp-image-204679\" src=\"https:\/\/pay.lpwstore.com\/wp-content\/uploads\/2021\/03\/MOC-38557-Corvette-C7-Z06-42056-B-model-Technic-by-GeyserBricks-MOC-FACTORY-4.jpg\" alt=\"-\" width=\"800\" height=\"800\" title=\"-\"> <img loading=\"lazy\" decoding=\"async\" class=\"alignnone size-full wp-image-204680\" src=\"https:\/\/pay.lpwstore.com\/wp-content\/uploads\/2021\/03\/MOC-38557-Corvette-C7-Z06-42056-B-model-Technic-by-GeyserBricks-MOC-FACTORY-5.jpg\" alt=\"-\" width=\"800\" height=\"800\" title=\"-\"><\/p>\n<p style=\"text-align: center\">","protected":false},"excerpt":{"rendered":"<ul>\n<li>Incluir\u00a0<strong>1908+<\/strong>\u00a0piezas<\/li>\n<li>Instrucci\u00f3n PDF en l\u00ednea<\/li>\n<li>Bloque ABS de alta calidad.<\/li>\n<li>sin motor<\/li>\n<\/ul>","protected":false},"featured_media":23750,"comment_status":"open","ping_status":"closed","template":"","meta":{"_acf_changed":false},"product_cat":[364],"product_tag":[],"class_list":["product","first","outofstock","shipping-taxable","purchasable","product-type-simple"],"acf":[],"_links":{"self":[{"href":"https:\/\/mouldking.store\/es\/wp-json\/wp\/v2\/product\/23755","targetHints":{"allow":["GET"]}}],"collection":[{"href":"https:\/\/mouldking.store\/es\/wp-json\/wp\/v2\/product"}],"about":[{"href":"https:\/\/mouldking.store\/es\/wp-json\/wp\/v2\/types\/product"}],"replies":[{"embeddable":true,"href":"https:\/\/mouldking.store\/es\/wp-json\/wp\/v2\/comments?post=23755"}],"wp:featuredmedia":[{"embeddable":true,"href":"https:\/\/mouldking.store\/es\/wp-json\/wp\/v2\/media\/23750"}],"wp:attachment":[{"href":"https:\/\/mouldking.store\/es\/wp-json\/wp\/v2\/media?parent=23755"}],"wp:term":[{"taxonomy":"product_cat","embeddable":true,"href":"https:\/\/mouldking.store\/es\/wp-json\/wp\/v2\/product_cat?post=23755"},{"taxonomy":"product_tag","embeddable":true,"href":"https:\/\/mouldking.store\/es\/wp-json\/wp\/v2\/product_tag?post=23755"}],"curies":[{"name":"wp","href":"https:\/\/api.w.org\/{rel}","templated":true}]}}