{"id":23764,"date":"2021-10-10T05:02:39","date_gmt":"2021-10-10T05:02:39","guid":{"rendered":"https:\/\/mouldking.store\/shop\/moc-70537-chevrolet-silverado-k30-pickup-technic-by-filsawgood-moc-factory\/"},"modified":"2025-12-25T09:20:21","modified_gmt":"2025-12-25T02:20:21","slug":"moc-70537-chevrolet-silverado-k30-pickup-technic-by-filsawgood-moc-factory","status":"publish","type":"product","link":"https:\/\/mouldking.store\/es\/shop\/moc-70537-chevrolet-silverado-k30-pickup-technic-by-filsawgood-moc-factory\/","title":{"rendered":"MOC-70537 Chevrolet Silverado K30 pickup Technic de filsawgood MOC FACTORY"},"content":{"rendered":"<p>MOC-70537 Chevrolet Silverado K30 pickup Technic de filsawgood MOC FACTORY es un conjunto de la colecci\u00f3n Technic, dise\u00f1ado por filsawgood. Este MOC 70537 viene con instrucciones en PDF que son f\u00e1ciles de construir y encontrar las piezas que faltan. El conjunto contiene 1689 piezas, lanzado por primera vez en 2021.<\/p>\n<figure id=\"attachment_204727\" aria-describedby=\"caption-attachment-204727\" style=\"width: 800px\" class=\"wp-caption aligncenter\"><a href=\"https:\/\/pay.lpwstore.com\/wp-content\/uploads\/2021\/03\/MOC-70537-Chevrolet-Silverado-K30-pickup-Technic-by-filsawgood-MOC-FACTORY.jpg\" target=\"_blank\" rel=\"noopener\"><img fetchpriority=\"high\" decoding=\"async\" class=\"wp-image-204727 size-full\" title=\"MOC-70537 Chevrolet Silverado K30 pickup Technic de filsawgood MOC FACTORY\" src=\"https:\/\/pay.lpwstore.com\/wp-content\/uploads\/2021\/03\/MOC-70537-Chevrolet-Silverado-K30-pickup-Technic-by-filsawgood-MOC-FACTORY.jpg\" alt=\"MOC-70537 Chevrolet Silverado K30 pickup Technic by filsawgood MOC FACTORY\" width=\"800\" height=\"800\" \/><\/a><figcaption id=\"caption-attachment-204727\" class=\"wp-caption-text\">MOC-70537 Chevrolet Silverado K30 pickup Technic de filsawgood MOC FACTORY<\/figcaption><\/figure>","protected":false},"excerpt":{"rendered":"<ul>\n<li>Incluir\u00a0<strong>1689+<\/strong>\u00a0piezas<\/li>\n<li>Instrucci\u00f3n PDF en l\u00ednea<\/li>\n<li>Bloque ABS de alta calidad.<\/li>\n<li>sin motor<\/li>\n<\/ul>","protected":false},"featured_media":23763,"comment_status":"open","ping_status":"closed","template":"","meta":{"_acf_changed":false},"product_cat":[364],"product_tag":[],"class_list":["product","first","outofstock","shipping-taxable","purchasable","product-type-simple"],"acf":[],"_links":{"self":[{"href":"https:\/\/mouldking.store\/es\/wp-json\/wp\/v2\/product\/23764","targetHints":{"allow":["GET"]}}],"collection":[{"href":"https:\/\/mouldking.store\/es\/wp-json\/wp\/v2\/product"}],"about":[{"href":"https:\/\/mouldking.store\/es\/wp-json\/wp\/v2\/types\/product"}],"replies":[{"embeddable":true,"href":"https:\/\/mouldking.store\/es\/wp-json\/wp\/v2\/comments?post=23764"}],"wp:featuredmedia":[{"embeddable":true,"href":"https:\/\/mouldking.store\/es\/wp-json\/wp\/v2\/media\/23763"}],"wp:attachment":[{"href":"https:\/\/mouldking.store\/es\/wp-json\/wp\/v2\/media?parent=23764"}],"wp:term":[{"taxonomy":"product_cat","embeddable":true,"href":"https:\/\/mouldking.store\/es\/wp-json\/wp\/v2\/product_cat?post=23764"},{"taxonomy":"product_tag","embeddable":true,"href":"https:\/\/mouldking.store\/es\/wp-json\/wp\/v2\/product_tag?post=23764"}],"curies":[{"name":"wp","href":"https:\/\/api.w.org\/{rel}","templated":true}]}}