{"id":23775,"date":"2021-10-10T05:02:49","date_gmt":"2021-10-10T05:02:49","guid":{"rendered":"https:\/\/mouldking.store\/shop\/moc-63853-wheeled-harbour-crane-42082-rough-terrain-crane-c-model-technic-by-klimax-moc-factory\/"},"modified":"2025-12-25T09:20:20","modified_gmt":"2025-12-25T02:20:20","slug":"moc-63853-wheeled-harbour-crane-42082-rough-terrain-crane-c-model-technic-by-klimax-moc-factory","status":"publish","type":"product","link":"https:\/\/mouldking.store\/es\/shop\/moc-63853-wheeled-harbour-crane-42082-rough-terrain-crane-c-model-technic-by-klimax-moc-factory\/","title":{"rendered":"MOC-63853 Gr\u00faa de puerto con ruedas (42082 Gr\u00faa todoterreno modelo c) T\u00e9cnica de klimax MOC FACTORY"},"content":{"rendered":"<p style=\"text-align: left\">MOC-63853 Gr\u00faa de puerto con ruedas (42082 Gr\u00faa para terrenos dif\u00edciles modelo c) Technic de klimax MOC FACTORY es un conjunto de la colecci\u00f3n Technic, dise\u00f1ado por klimax. Este MOC 63853 viene con instrucciones en PDF que son f\u00e1ciles de construir y encontrar las piezas que faltan. El conjunto contiene 3310 piezas, lanzado por primera vez en 2021.<\/p>\n<figure id=\"attachment_204738\" aria-describedby=\"caption-attachment-204738\" style=\"width: 800px\" class=\"wp-caption aligncenter\"><a href=\"https:\/\/pay.lpwstore.com\/wp-content\/uploads\/2021\/03\/MOC-63853-Wheeled-Harbour-Crane-42082-Rough-Terrain-Crane-c-model-Technic-by-klimax-MOC-FACTORY.jpg\" target=\"_blank\" rel=\"noopener\"><img fetchpriority=\"high\" decoding=\"async\" class=\"wp-image-204738 size-full\" title=\"MOC-63853 Gr\u00faa de puerto con ruedas (42082 Gr\u00faa todoterreno modelo c) T\u00e9cnica de klimax MOC FACTORY\" src=\"https:\/\/pay.lpwstore.com\/wp-content\/uploads\/2021\/03\/MOC-63853-Wheeled-Harbour-Crane-42082-Rough-Terrain-Crane-c-model-Technic-by-klimax-MOC-FACTORY.jpg\" alt=\"MOC-63853 Wheeled Harbour Crane (42082 Rough Terrain Crane c-model) Technic by klimax MOC FACTORY\" width=\"800\" height=\"800\" \/><\/a><figcaption id=\"caption-attachment-204738\" class=\"wp-caption-text\">MOC-63853 Gr\u00faa de puerto con ruedas (42082 Gr\u00faa todoterreno modelo c) T\u00e9cnica de klimax MOC FACTORY<\/figcaption><\/figure>\n<p><img decoding=\"async\" class=\"alignnone size-full wp-image-204737 aligncenter\" src=\"https:\/\/pay.lpwstore.com\/wp-content\/uploads\/2021\/03\/MOC-63853-4.jpg\" alt=\"-\" width=\"800\" height=\"800\" title=\"-\"> <img decoding=\"async\" class=\"alignnone size-full wp-image-204736 aligncenter\" src=\"https:\/\/pay.lpwstore.com\/wp-content\/uploads\/2021\/03\/MOC-63853-3.jpg\" alt=\"-\" width=\"800\" height=\"800\" title=\"-\"> <img loading=\"lazy\" decoding=\"async\" class=\"alignnone size-full wp-image-204735 aligncenter\" src=\"https:\/\/pay.lpwstore.com\/wp-content\/uploads\/2021\/03\/MOC-63853-2.jpg\" alt=\"-\" width=\"800\" height=\"800\" title=\"-\"><\/p>","protected":false},"excerpt":{"rendered":"<ul>\n<li>Incluir\u00a0<strong>3310+<\/strong>\u00a0piezas<\/li>\n<li>Instrucci\u00f3n PDF en l\u00ednea<\/li>\n<li>Bloque ABS de alta calidad.<\/li>\n<li>sin motor<\/li>\n<\/ul>","protected":false},"featured_media":23771,"comment_status":"open","ping_status":"closed","template":"","meta":{"_acf_changed":false},"product_cat":[364],"product_tag":[],"class_list":["product","first","outofstock","shipping-taxable","purchasable","product-type-simple"],"acf":[],"_links":{"self":[{"href":"https:\/\/mouldking.store\/es\/wp-json\/wp\/v2\/product\/23775","targetHints":{"allow":["GET"]}}],"collection":[{"href":"https:\/\/mouldking.store\/es\/wp-json\/wp\/v2\/product"}],"about":[{"href":"https:\/\/mouldking.store\/es\/wp-json\/wp\/v2\/types\/product"}],"replies":[{"embeddable":true,"href":"https:\/\/mouldking.store\/es\/wp-json\/wp\/v2\/comments?post=23775"}],"wp:featuredmedia":[{"embeddable":true,"href":"https:\/\/mouldking.store\/es\/wp-json\/wp\/v2\/media\/23771"}],"wp:attachment":[{"href":"https:\/\/mouldking.store\/es\/wp-json\/wp\/v2\/media?parent=23775"}],"wp:term":[{"taxonomy":"product_cat","embeddable":true,"href":"https:\/\/mouldking.store\/es\/wp-json\/wp\/v2\/product_cat?post=23775"},{"taxonomy":"product_tag","embeddable":true,"href":"https:\/\/mouldking.store\/es\/wp-json\/wp\/v2\/product_tag?post=23775"}],"curies":[{"name":"wp","href":"https:\/\/api.w.org\/{rel}","templated":true}]}}