{"id":23791,"date":"2021-10-10T05:03:05","date_gmt":"2021-10-09T22:03:05","guid":{"rendered":"https:\/\/mouldking.store\/shop\/moc-62624-nissan-skyline-r32-gtr-technic-by-gray_gear-moc-factory\/"},"modified":"2025-12-25T09:20:20","modified_gmt":"2025-12-25T02:20:20","slug":"moc-62624-nissan-skyline-r32-gtr-technic-by-gray_gear-moc-factory","status":"publish","type":"product","link":"https:\/\/mouldking.store\/es\/shop\/moc-62624-nissan-skyline-r32-gtr-technic-by-gray_gear-moc-factory\/","title":{"rendered":"MOC-62624 Nissan Skyline R32 GTR Technic de Gray_Gear MOC FACTORY"},"content":{"rendered":"<p style=\"text-align: left\">MOC-62624 Nissan Skyline R32 GTR Technic de Gray_Gear MOC FACTORY es un conjunto de la colecci\u00f3n Technic, dise\u00f1ado por Gray_Gear. Este MOC 62624 viene con instrucciones en PDF que es f\u00e1cil de construir y encontrar las piezas que faltan. El conjunto contiene 3634 piezas, lanzado por primera vez en 2021.<\/p>\n<p><strong>NOTA:<\/strong><\/p>\n<ul>\n<li><strong>El color de las partes individuales no se corresponde con el de las partes del dibujo, lo que no afecta la apariencia.<\/strong><\/li>\n<li><strong>Compre con cuidado para aquellos que no est\u00e1n preocupados por la precisi\u00f3n, la diferencia de color de las piezas dom\u00e9sticas.<\/strong><\/li>\n<\/ul>\n<figure id=\"attachment_204818\" aria-describedby=\"caption-attachment-204818\" style=\"width: 800px\" class=\"wp-caption aligncenter\"><a href=\"https:\/\/pay.lpwstore.com\/wp-content\/uploads\/2021\/04\/MOC-62624-Nissan-Skyline-R32-GTR-Technic-by-Gray_Gear-MOC-FACTORY.jpg\" target=\"_blank\" rel=\"noopener\"><img fetchpriority=\"high\" decoding=\"async\" class=\"wp-image-204818 size-full\" title=\"MOC-62624 Nissan Skyline R32 GTR Technic de Gray_Gear MOC FACTORY\" src=\"https:\/\/pay.lpwstore.com\/wp-content\/uploads\/2021\/04\/MOC-62624-Nissan-Skyline-R32-GTR-Technic-by-Gray_Gear-MOC-FACTORY.jpg\" alt=\"MOC-62624 Nissan Skyline R32 GTR Technic by Gray_Gear MOC FACTORY\" width=\"800\" height=\"800\" \/><\/a><figcaption id=\"caption-attachment-204818\" class=\"wp-caption-text\">MOC-62624 Nissan Skyline R32 GTR Technic de Gray_Gear MOC FACTORY<\/figcaption><\/figure>\n<p><img decoding=\"async\" class=\"alignnone size-full wp-image-204819 aligncenter\" src=\"https:\/\/pay.lpwstore.com\/wp-content\/uploads\/2021\/04\/MOC-62624-Nissan-Skyline-R32-GTR-Technic-by-Gray_Gear-MOC-FACTORY-2.jpg\" alt=\"-\" width=\"800\" height=\"800\" title=\"-\"> <img decoding=\"async\" class=\"alignnone size-full wp-image-204820 aligncenter\" src=\"https:\/\/pay.lpwstore.com\/wp-content\/uploads\/2021\/04\/MOC-62624-Nissan-Skyline-R32-GTR-Technic-by-Gray_Gear-MOC-FACTORY-4.jpg\" alt=\"-\" width=\"800\" height=\"800\" title=\"-\"> <img loading=\"lazy\" decoding=\"async\" class=\"alignnone size-full wp-image-204821 aligncenter\" src=\"https:\/\/pay.lpwstore.com\/wp-content\/uploads\/2021\/04\/MOC-62624-Nissan-Skyline-R32-GTR-Technic-by-Gray_Gear-MOC-FACTORY-5.jpg\" alt=\"-\" width=\"800\" height=\"800\" title=\"-\"><\/p>","protected":false},"excerpt":{"rendered":"<ul>\n<li>Incluir <strong>3634+<\/strong> piezas<\/li>\n<li>Instrucci\u00f3n PDF en l\u00ednea<\/li>\n<li>Bloque ABS de alta calidad.<\/li>\n<li>sin motor<\/li>\n<\/ul>","protected":false},"featured_media":23787,"comment_status":"open","ping_status":"closed","template":"","meta":{"_acf_changed":false},"product_cat":[1360,364],"product_tag":[],"class_list":["product","first","instock","shipping-taxable","purchasable","product-type-simple"],"acf":[],"_links":{"self":[{"href":"https:\/\/mouldking.store\/es\/wp-json\/wp\/v2\/product\/23791","targetHints":{"allow":["GET"]}}],"collection":[{"href":"https:\/\/mouldking.store\/es\/wp-json\/wp\/v2\/product"}],"about":[{"href":"https:\/\/mouldking.store\/es\/wp-json\/wp\/v2\/types\/product"}],"replies":[{"embeddable":true,"href":"https:\/\/mouldking.store\/es\/wp-json\/wp\/v2\/comments?post=23791"}],"wp:featuredmedia":[{"embeddable":true,"href":"https:\/\/mouldking.store\/es\/wp-json\/wp\/v2\/media\/23787"}],"wp:attachment":[{"href":"https:\/\/mouldking.store\/es\/wp-json\/wp\/v2\/media?parent=23791"}],"wp:term":[{"taxonomy":"product_cat","embeddable":true,"href":"https:\/\/mouldking.store\/es\/wp-json\/wp\/v2\/product_cat?post=23791"},{"taxonomy":"product_tag","embeddable":true,"href":"https:\/\/mouldking.store\/es\/wp-json\/wp\/v2\/product_tag?post=23791"}],"curies":[{"name":"wp","href":"https:\/\/api.w.org\/{rel}","templated":true}]}}