{"id":23804,"date":"2021-10-10T05:03:14","date_gmt":"2021-10-09T22:03:14","guid":{"rendered":"https:\/\/mouldking.store\/shop\/moc-59883-lego-technic-12m-bus-technic-by-emmebrick-moc-factory\/"},"modified":"2025-12-25T09:20:20","modified_gmt":"2025-12-25T02:20:20","slug":"moc-59883-lego-technic-12m-bus-technic-by-emmebrick-moc-factory","status":"publish","type":"product","link":"https:\/\/mouldking.store\/es\/shop\/moc-59883-lego-technic-12m-bus-technic-by-emmebrick-moc-factory\/","title":{"rendered":"MOC-59883 Lego Technic Autob\u00fas de 12 m Technic de Emmebrick MOC FACTORY"},"content":{"rendered":"<p style=\"text-align: left\">MOC-59883 Lego Technic 12m Bus Technic by Emmebrick MOC FACTORY is a set in Technic collection, designed by Emmebrick. This MOC 59883 comes with PDF instruction which is easy to build and find the missing pieces. The set contains 3569 pieces, first released in 2021.<\/p>\n<p style=\"text-align: left\"><strong>NOTA:<\/strong><\/p>\n<ul style=\"text-align: center\">\n<li style=\"text-align: left\"><strong>El color de las partes individuales no se corresponde con el de las partes del dibujo, lo que no afecta la apariencia.<\/strong><\/li>\n<li style=\"text-align: left\"><strong>Compre con cuidado para aquellos que no est\u00e1n preocupados por la precisi\u00f3n, la diferencia de color de las piezas dom\u00e9sticas.<\/strong><\/li>\n<\/ul>\n<figure id=\"attachment_204833\" aria-describedby=\"caption-attachment-204833\" style=\"width: 800px\" class=\"wp-caption aligncenter\"><a href=\"https:\/\/pay.lpwstore.com\/wp-content\/uploads\/2021\/04\/MOC-59883-Lego-Technic-12m-Bus-Technic-by-Emmebrick-MOC-FACTORY.jpg\" target=\"_blank\" rel=\"noopener\"><img fetchpriority=\"high\" decoding=\"async\" class=\"wp-image-204833 size-full\" title=\"MOC-59883 Lego Technic Autob\u00fas de 12 m Technic de Emmebrick MOC FACTORY\" src=\"https:\/\/pay.lpwstore.com\/wp-content\/uploads\/2021\/04\/MOC-59883-Lego-Technic-12m-Bus-Technic-by-Emmebrick-MOC-FACTORY.jpg\" alt=\"MOC-59883 Lego Technic 12m Bus Technic by Emmebrick MOC FACTORY\" width=\"800\" height=\"800\" \/><\/a><figcaption id=\"caption-attachment-204833\" class=\"wp-caption-text\">MOC-59883 Lego Technic Autob\u00fas de 12 m Technic de Emmebrick MOC FACTORY<\/figcaption><\/figure>\n<p><img decoding=\"async\" class=\"alignnone size-full wp-image-204834 aligncenter\" src=\"https:\/\/pay.lpwstore.com\/wp-content\/uploads\/2021\/04\/MOC-59883-Lego-Technic-12m-Bus-Technic-by-Emmebrick-MOC-FACTORY-2.jpg\" alt=\"-\" width=\"800\" height=\"800\" title=\"-\"> <img decoding=\"async\" class=\"alignnone size-full wp-image-204835 aligncenter\" src=\"https:\/\/pay.lpwstore.com\/wp-content\/uploads\/2021\/04\/MOC-59883-Lego-Technic-12m-Bus-Technic-by-Emmebrick-MOC-FACTORY-3.jpg\" alt=\"-\" width=\"800\" height=\"800\" title=\"-\"> <img loading=\"lazy\" decoding=\"async\" class=\"alignnone size-full wp-image-204836 aligncenter\" src=\"https:\/\/pay.lpwstore.com\/wp-content\/uploads\/2021\/04\/MOC-59883-Lego-Technic-12m-Bus-Technic-by-Emmebrick-MOC-FACTORY-4.jpg\" alt=\"-\" width=\"800\" height=\"800\" title=\"-\"> <img loading=\"lazy\" decoding=\"async\" class=\"alignnone size-full wp-image-204837 aligncenter\" src=\"https:\/\/pay.lpwstore.com\/wp-content\/uploads\/2021\/04\/MOC-59883-Lego-Technic-12m-Bus-Technic-by-Emmebrick-MOC-FACTORY-5.jpg\" alt=\"-\" width=\"800\" height=\"800\" title=\"-\"> <img loading=\"lazy\" decoding=\"async\" class=\"alignnone size-full wp-image-204838 aligncenter\" src=\"https:\/\/pay.lpwstore.com\/wp-content\/uploads\/2021\/04\/MOC-59883-Lego-Technic-12m-Bus-Technic-by-Emmebrick-MOC-FACTORY-6.jpg\" alt=\"-\" width=\"800\" height=\"800\" title=\"-\"><\/p>","protected":false},"excerpt":{"rendered":"<ul>\n<li>Incluir\u00a0<strong>3659+<\/strong>\u00a0piezas<\/li>\n<li>Instrucci\u00f3n PDF en l\u00ednea<\/li>\n<li>Bloque ABS de alta calidad.<\/li>\n<li>sin motor<\/li>\n<\/ul>","protected":false},"featured_media":23798,"comment_status":"open","ping_status":"closed","template":"","meta":{"_acf_changed":false},"product_cat":[364],"product_tag":[],"class_list":["product","first","instock","shipping-taxable","purchasable","product-type-simple"],"acf":[],"_links":{"self":[{"href":"https:\/\/mouldking.store\/es\/wp-json\/wp\/v2\/product\/23804","targetHints":{"allow":["GET"]}}],"collection":[{"href":"https:\/\/mouldking.store\/es\/wp-json\/wp\/v2\/product"}],"about":[{"href":"https:\/\/mouldking.store\/es\/wp-json\/wp\/v2\/types\/product"}],"replies":[{"embeddable":true,"href":"https:\/\/mouldking.store\/es\/wp-json\/wp\/v2\/comments?post=23804"}],"wp:featuredmedia":[{"embeddable":true,"href":"https:\/\/mouldking.store\/es\/wp-json\/wp\/v2\/media\/23798"}],"wp:attachment":[{"href":"https:\/\/mouldking.store\/es\/wp-json\/wp\/v2\/media?parent=23804"}],"wp:term":[{"taxonomy":"product_cat","embeddable":true,"href":"https:\/\/mouldking.store\/es\/wp-json\/wp\/v2\/product_cat?post=23804"},{"taxonomy":"product_tag","embeddable":true,"href":"https:\/\/mouldking.store\/es\/wp-json\/wp\/v2\/product_tag?post=23804"}],"curies":[{"name":"wp","href":"https:\/\/api.w.org\/{rel}","templated":true}]}}