{"id":23819,"date":"2021-10-10T05:03:33","date_gmt":"2021-10-10T05:03:33","guid":{"rendered":"https:\/\/mouldking.store\/shop\/moc-65435-mars-2020-vignette-space-by-spacexplorer-mocs-moc-factory\/"},"modified":"2025-12-25T09:20:20","modified_gmt":"2025-12-25T02:20:20","slug":"moc-65435-mars-2020-vignette-space-by-spacexplorer-mocs-moc-factory","status":"publish","type":"product","link":"https:\/\/mouldking.store\/es\/shop\/moc-65435-mars-2020-vignette-space-by-spacexplorer-mocs-moc-factory\/","title":{"rendered":"MOC-65435 Mars 2020 Vignette Space de SpaceXplorer MOC F\u00c1BRICA DE MOC"},"content":{"rendered":"<p style=\"text-align: left\">MOC-65435 Mars 2020 Vignette Space de SpaceXplorer MOCs MOC FACTORY es un conjunto en la colecci\u00f3n Space, dise\u00f1ado por SpaceXplorer MOCs. Este MOC 65435 viene con instrucciones en PDF que son f\u00e1ciles de construir y encontrar las piezas que faltan. El conjunto contiene 79 piezas, lanzado por primera vez en 2021.<\/p>\n<figure id=\"attachment_204903\" aria-describedby=\"caption-attachment-204903\" style=\"width: 800px\" class=\"wp-caption aligncenter\"><a href=\"https:\/\/pay.lpwstore.com\/wp-content\/uploads\/2021\/04\/MOC-65435-Mars-2020-Vignette-Space-by-SpaceXplorer-MOCs-MOC-FACTORY.jpg\" target=\"_blank\" rel=\"noopener\"><img fetchpriority=\"high\" decoding=\"async\" class=\"wp-image-204903 size-full\" title=\"MOC-65435 Mars 2020 Vignette Space de SpaceXplorer MOC F\u00c1BRICA DE MOC\" src=\"https:\/\/pay.lpwstore.com\/wp-content\/uploads\/2021\/04\/MOC-65435-Mars-2020-Vignette-Space-by-SpaceXplorer-MOCs-MOC-FACTORY.jpg\" alt=\"MOC-65435 Mars 2020 Vignette Space by SpaceXplorer MOCs MOC FACTORY\" width=\"800\" height=\"800\" \/><\/a><figcaption id=\"caption-attachment-204903\" class=\"wp-caption-text\">MOC-65435 Mars 2020 Vignette Space de SpaceXplorer MOC F\u00c1BRICA DE MOC<\/figcaption><\/figure>\n<p><img decoding=\"async\" class=\"alignnone size-full wp-image-204904 aligncenter\" src=\"https:\/\/pay.lpwstore.com\/wp-content\/uploads\/2021\/04\/MOC-65435-Mars-2020-Vignette-Space-by-SpaceXplorer-MOCs-MOC-FACTORY-2.jpg\" alt=\"-\" width=\"800\" height=\"800\" title=\"-\"> <img decoding=\"async\" class=\"alignnone size-full wp-image-204905 aligncenter\" src=\"https:\/\/pay.lpwstore.com\/wp-content\/uploads\/2021\/04\/MOC-65435-Mars-2020-Vignette-Space-by-SpaceXplorer-MOCs-MOC-FACTORY-3.jpg\" alt=\"-\" width=\"800\" height=\"800\" title=\"-\"> <img loading=\"lazy\" decoding=\"async\" class=\"alignnone size-full wp-image-204906 aligncenter\" src=\"https:\/\/pay.lpwstore.com\/wp-content\/uploads\/2021\/04\/MOC-65435-Mars-2020-Vignette-Space-by-SpaceXplorer-MOCs-MOC-FACTORY-4.jpg\" alt=\"-\" width=\"800\" height=\"800\" title=\"-\"><\/p>","protected":false},"excerpt":{"rendered":"<ul>\n<li>Incluir\u00a0<strong>79+<\/strong>\u00a0piezas<\/li>\n<li>Instrucci\u00f3n PDF en l\u00ednea<\/li>\n<li>Bloque ABS de alta calidad.<\/li>\n<li>Dimensiones: 6,4 x 6,4 x 7 cm<\/li>\n<\/ul>","protected":false},"featured_media":23815,"comment_status":"open","ping_status":"closed","template":"","meta":{"_acf_changed":false},"product_cat":[371],"product_tag":[],"class_list":["product","first","instock","shipping-taxable","purchasable","product-type-simple"],"acf":[],"_links":{"self":[{"href":"https:\/\/mouldking.store\/es\/wp-json\/wp\/v2\/product\/23819","targetHints":{"allow":["GET"]}}],"collection":[{"href":"https:\/\/mouldking.store\/es\/wp-json\/wp\/v2\/product"}],"about":[{"href":"https:\/\/mouldking.store\/es\/wp-json\/wp\/v2\/types\/product"}],"replies":[{"embeddable":true,"href":"https:\/\/mouldking.store\/es\/wp-json\/wp\/v2\/comments?post=23819"}],"wp:featuredmedia":[{"embeddable":true,"href":"https:\/\/mouldking.store\/es\/wp-json\/wp\/v2\/media\/23815"}],"wp:attachment":[{"href":"https:\/\/mouldking.store\/es\/wp-json\/wp\/v2\/media?parent=23819"}],"wp:term":[{"taxonomy":"product_cat","embeddable":true,"href":"https:\/\/mouldking.store\/es\/wp-json\/wp\/v2\/product_cat?post=23819"},{"taxonomy":"product_tag","embeddable":true,"href":"https:\/\/mouldking.store\/es\/wp-json\/wp\/v2\/product_tag?post=23819"}],"curies":[{"name":"wp","href":"https:\/\/api.w.org\/{rel}","templated":true}]}}