{"id":23862,"date":"2021-10-10T05:04:37","date_gmt":"2021-10-10T05:04:37","guid":{"rendered":"https:\/\/mouldking.store\/shop\/moc-56226-tie-ln-starfighter-ucs-slim-cockpit-star-wars-by-thomin-moc-factory\/"},"modified":"2025-12-25T09:20:19","modified_gmt":"2025-12-25T02:20:19","slug":"moc-56226-tie-ln-starfighter-ucs-slim-cockpit-star-wars-by-thomin-moc-factory","status":"publish","type":"product","link":"https:\/\/mouldking.store\/es\/shop\/moc-56226-tie-ln-starfighter-ucs-slim-cockpit-star-wars-by-thomin-moc-factory\/","title":{"rendered":"MOC-56226 TIE \/ LN Starfighter UCS (cabina delgada) Star Wars de thomin MOC FACTORY"},"content":{"rendered":"<p style=\"text-align: left;\">MOC-56226 TIE \/ LN Starfighter UCS (slim cockpit) Star Wars de thomin MOC FACTORY es un set de la colecci\u00f3n Star Wars, dise\u00f1ado por thomin. Este MOC 56226 viene con instrucciones en PDF que son f\u00e1ciles de construir y encontrar las piezas que faltan. El conjunto contiene 1266 piezas, lanzado por primera vez en 2021.<\/p>\n<p style=\"text-align: left;\"><strong>NOTA:<\/strong><\/p>\n<ul style=\"text-align: center;\">\n<li style=\"text-align: left;\"><strong>El color de las partes individuales no se corresponde con el de las partes del dibujo, lo que no afecta la apariencia.<\/strong><\/li>\n<li style=\"text-align: left;\"><strong>Compre con cuidado para aquellos que no est\u00e1n preocupados por la precisi\u00f3n, la diferencia de color de las piezas dom\u00e9sticas.<\/strong><\/li>\n<\/ul>\n<figure id=\"attachment_204959\" class=\"wp-caption aligncenter\" style=\"width: 800px;\" aria-describedby=\"caption-attachment-204959\"><figcaption id=\"caption-attachment-204959\" class=\"wp-caption-text\">MOC-56226 TIE \/ LN Starfighter UCS (cabina delgada) Star Wars de thomin MOC FACTORY<\/figcaption><\/figure>\n<p>&nbsp;<\/p>\n<p>&nbsp;<\/p>\n<p>&nbsp;<\/p>","protected":false},"excerpt":{"rendered":"<ul>\n<li>Incluir\u00a0<strong>1266+<\/strong>\u00a0piezas<\/li>\n<li>Instrucci\u00f3n PDF en l\u00ednea<\/li>\n<li>Bloque ABS de alta calidad.<\/li>\n<li>Organizar el tiempo: 4-7 semanas<\/li>\n<\/ul>","protected":false},"featured_media":23857,"comment_status":"open","ping_status":"closed","template":"","meta":{"_acf_changed":false},"product_cat":[415],"product_tag":[],"class_list":["product","first","instock","shipping-taxable","purchasable","product-type-simple"],"acf":[],"_links":{"self":[{"href":"https:\/\/mouldking.store\/es\/wp-json\/wp\/v2\/product\/23862","targetHints":{"allow":["GET"]}}],"collection":[{"href":"https:\/\/mouldking.store\/es\/wp-json\/wp\/v2\/product"}],"about":[{"href":"https:\/\/mouldking.store\/es\/wp-json\/wp\/v2\/types\/product"}],"replies":[{"embeddable":true,"href":"https:\/\/mouldking.store\/es\/wp-json\/wp\/v2\/comments?post=23862"}],"wp:featuredmedia":[{"embeddable":true,"href":"https:\/\/mouldking.store\/es\/wp-json\/wp\/v2\/media\/23857"}],"wp:attachment":[{"href":"https:\/\/mouldking.store\/es\/wp-json\/wp\/v2\/media?parent=23862"}],"wp:term":[{"taxonomy":"product_cat","embeddable":true,"href":"https:\/\/mouldking.store\/es\/wp-json\/wp\/v2\/product_cat?post=23862"},{"taxonomy":"product_tag","embeddable":true,"href":"https:\/\/mouldking.store\/es\/wp-json\/wp\/v2\/product_tag?post=23862"}],"curies":[{"name":"wp","href":"https:\/\/api.w.org\/{rel}","templated":true}]}}