{"id":23895,"date":"2021-10-10T05:05:32","date_gmt":"2021-10-10T05:05:32","guid":{"rendered":"https:\/\/mouldking.store\/shop\/moc-71664-episode-5-ending-rebel-fleet-star-wars-by-jellco-moc-factory\/"},"modified":"2025-12-25T09:20:19","modified_gmt":"2025-12-25T02:20:19","slug":"moc-71664-episode-5-ending-rebel-fleet-star-wars-by-jellco-moc-factory","status":"publish","type":"product","link":"https:\/\/mouldking.store\/es\/shop\/moc-71664-episode-5-ending-rebel-fleet-star-wars-by-jellco-moc-factory\/","title":{"rendered":"MOC-71664 EPISODE 5 : Ending&#8230; REBEL FLEET Star Wars by jellco MOC FACTORY"},"content":{"rendered":"<p style=\"text-align: left\">MOC-71664 EPISODE 5 : Ending&#8230; REBEL FLEET Star Wars by jellco MOC FACTORY is a set in Star Wars collection, designed by jellco. This MOC 71664 comes with PDF instruction which is easy to build and find the missing pieces. The set contains 2064 pieces, first released in 2021.<\/p>\n<p style=\"text-align: left\"><strong>NOTA:<\/strong><\/p>\n<ul style=\"text-align: center\">\n<li style=\"text-align: left\"><strong>El color de las partes individuales no se corresponde con el de las partes del dibujo, lo que no afecta la apariencia.<\/strong><\/li>\n<li style=\"text-align: left\"><strong>Compre con cuidado para aquellos que no est\u00e1n preocupados por la precisi\u00f3n, la diferencia de color de las piezas dom\u00e9sticas.<\/strong><\/li>\n<\/ul>\n<figure id=\"attachment_205070\" aria-describedby=\"caption-attachment-205070\" style=\"width: 800px\" class=\"wp-caption aligncenter\"><a href=\"https:\/\/pay.lpwstore.com\/wp-content\/uploads\/2021\/04\/MOC-71664-EPISODE-5-Ending...-REBEL-FLEET-Star-Wars-by-jellco-MOC-FACTORY.jpg\" target=\"_blank\" rel=\"noopener\"><img fetchpriority=\"high\" decoding=\"async\" class=\"wp-image-205070 size-full\" title=\"MOC-71664 EPISODIO 5: Final... FLOTA REBELDE Star Wars por jellco MOC FACTORY\" src=\"https:\/\/pay.lpwstore.com\/wp-content\/uploads\/2021\/04\/MOC-71664-EPISODE-5-Ending...-REBEL-FLEET-Star-Wars-by-jellco-MOC-FACTORY.jpg\" alt=\"MOC-71664 EPISODE 5 : Ending... REBEL FLEET Star Wars by jellco MOC FACTORY\" width=\"800\" height=\"800\" \/><\/a><figcaption id=\"caption-attachment-205070\" class=\"wp-caption-text\">MOC-71664 EPISODE 5 : Ending&#8230; REBEL FLEET Star Wars by jellco MOC FACTORY<\/figcaption><\/figure>\n<p><img decoding=\"async\" class=\"alignnone size-full wp-image-205069 aligncenter\" src=\"https:\/\/pay.lpwstore.com\/wp-content\/uploads\/2021\/04\/MOC-71664-EPISODE-5-Ending...-2jpg.jpg\" alt=\"-\" width=\"800\" height=\"800\" title=\"-\"> <img decoding=\"async\" class=\"alignnone size-full wp-image-205071 aligncenter\" src=\"https:\/\/pay.lpwstore.com\/wp-content\/uploads\/2021\/04\/MOC-71664-EPISODE-5-Ending..-3.jpg\" alt=\"-\" width=\"800\" height=\"800\" title=\"-\"> <img loading=\"lazy\" decoding=\"async\" class=\"alignnone size-full wp-image-205072 aligncenter\" src=\"https:\/\/pay.lpwstore.com\/wp-content\/uploads\/2021\/04\/MOC-71664-EPISODE-5-Ending.4.jpg\" alt=\"-\" width=\"800\" height=\"800\" title=\"-\"> <img loading=\"lazy\" decoding=\"async\" class=\"alignnone size-full wp-image-205073 aligncenter\" src=\"https:\/\/pay.lpwstore.com\/wp-content\/uploads\/2021\/04\/MOC-71664-EPISODE-5-Ending-7.jpg\" alt=\"-\" width=\"800\" height=\"800\" title=\"-\"><\/p>","protected":false},"excerpt":{"rendered":"<ul>\n<li>Incluir\u00a0<strong>2064+<\/strong>\u00a0piezas<\/li>\n<li>Instrucci\u00f3n PDF en l\u00ednea<\/li>\n<li>Bloque ABS de alta calidad.<\/li>\n<\/ul>","protected":false},"author":83,"featured_media":23890,"comment_status":"open","ping_status":"closed","template":"","meta":{"_acf_changed":false},"product_cat":[415],"product_tag":[],"class_list":["product","first","outofstock","shipping-taxable","purchasable","product-type-simple"],"acf":[],"_links":{"self":[{"href":"https:\/\/mouldking.store\/es\/wp-json\/wp\/v2\/product\/23895","targetHints":{"allow":["GET"]}}],"collection":[{"href":"https:\/\/mouldking.store\/es\/wp-json\/wp\/v2\/product"}],"about":[{"href":"https:\/\/mouldking.store\/es\/wp-json\/wp\/v2\/types\/product"}],"author":[{"embeddable":true,"href":"https:\/\/mouldking.store\/es\/wp-json\/wp\/v2\/users\/83"}],"replies":[{"embeddable":true,"href":"https:\/\/mouldking.store\/es\/wp-json\/wp\/v2\/comments?post=23895"}],"wp:featuredmedia":[{"embeddable":true,"href":"https:\/\/mouldking.store\/es\/wp-json\/wp\/v2\/media\/23890"}],"wp:attachment":[{"href":"https:\/\/mouldking.store\/es\/wp-json\/wp\/v2\/media?parent=23895"}],"wp:term":[{"taxonomy":"product_cat","embeddable":true,"href":"https:\/\/mouldking.store\/es\/wp-json\/wp\/v2\/product_cat?post=23895"},{"taxonomy":"product_tag","embeddable":true,"href":"https:\/\/mouldking.store\/es\/wp-json\/wp\/v2\/product_tag?post=23895"}],"curies":[{"name":"wp","href":"https:\/\/api.w.org\/{rel}","templated":true}]}}