{"id":23913,"date":"2021-10-10T05:05:38","date_gmt":"2021-10-10T05:05:38","guid":{"rendered":"https:\/\/mouldking.store\/shop\/moc-22002-taxi-driver-1975-nyc-checker-taxi-cab-technic-by-mkibs-moc-factory\/"},"modified":"2025-12-25T09:20:19","modified_gmt":"2025-12-25T02:20:19","slug":"moc-22002-taxi-driver-1975-nyc-checker-taxi-cab-technic-by-mkibs-moc-factory","status":"publish","type":"product","link":"https:\/\/mouldking.store\/es\/shop\/moc-22002-taxi-driver-1975-nyc-checker-taxi-cab-technic-by-mkibs-moc-factory\/","title":{"rendered":"MOC-22002 Taxi Driver 1975 NYC Checker Taxi Cab Technic de mkibs MOC FACTORY"},"content":{"rendered":"<p style=\"text-align: center\">MOC-22002 Taxi Driver 1975 NYC Checker Taxi Cab Technic de mkibs MOC FACTORY es un conjunto de la colecci\u00f3n Technic, dise\u00f1ado por mkibs. Este MOC 22002 viene con instrucciones en PDF que es f\u00e1cil de construir y encontrar las piezas que faltan. El conjunto contiene 430 piezas, lanzado por primera vez en 2021.<\/p>\n<figure id=\"attachment_205095\" aria-describedby=\"caption-attachment-205095\" style=\"width: 800px\" class=\"wp-caption aligncenter\"><a href=\"https:\/\/pay.lpwstore.com\/wp-content\/uploads\/2021\/04\/MOC-22002-Taxi-Driver-1975-NYC-Checker-Taxi-Cab-Technic-by-mkibs-MOC-FACTORY.jpg\" target=\"_blank\" rel=\"noopener\"><img fetchpriority=\"high\" decoding=\"async\" class=\"wp-image-205095 size-full\" title=\"MOC-22002 Taxi Driver 1975 NYC Checker Taxi Cab Technic de mkibs MOC FACTORY\" src=\"https:\/\/pay.lpwstore.com\/wp-content\/uploads\/2021\/04\/MOC-22002-Taxi-Driver-1975-NYC-Checker-Taxi-Cab-Technic-by-mkibs-MOC-FACTORY.jpg\" alt=\"MOC-22002 Taxi Driver 1975 NYC Checker Taxi Cab Technic by mkibs MOC FACTORY\" width=\"800\" height=\"800\" \/><\/a><figcaption id=\"caption-attachment-205095\" class=\"wp-caption-text\">MOC-22002 Taxi Driver 1975 NYC Checker Taxi Cab Technic de mkibs MOC FACTORY<\/figcaption><\/figure>\n<p><img decoding=\"async\" class=\"alignnone size-full wp-image-205096 aligncenter\" src=\"https:\/\/pay.lpwstore.com\/wp-content\/uploads\/2021\/04\/MOC-22002-Taxi-Driver-1975-NYC-Checker-Taxi-Cab-Technic-by-mkibs-MOC-FACTORY-2.jpg\" alt=\"-\" width=\"800\" height=\"800\" title=\"-\"> <img decoding=\"async\" class=\"alignnone size-full wp-image-205097 aligncenter\" src=\"https:\/\/pay.lpwstore.com\/wp-content\/uploads\/2021\/04\/MOC-22002-Taxi-Driver-1975-NYC-Checker-Taxi-Cab-Technic-by-mkibs-MOC-FACTORY-3.jpg\" alt=\"-\" width=\"800\" height=\"800\" title=\"-\"><\/p>","protected":false},"excerpt":{"rendered":"<ul>\n<li>Incluir\u00a0<strong>430+<\/strong>\u00a0piezas<\/li>\n<li>Instrucci\u00f3n PDF en l\u00ednea<\/li>\n<li>Bloque ABS de alta calidad.<\/li>\n<li>Dimensiones: 20 x 6 x 6 cm<\/li>\n<\/ul>","protected":false},"featured_media":23910,"comment_status":"open","ping_status":"closed","template":"","meta":{"_acf_changed":false},"product_cat":[364],"product_tag":[],"class_list":["product","first","instock","shipping-taxable","purchasable","product-type-simple"],"acf":[],"_links":{"self":[{"href":"https:\/\/mouldking.store\/es\/wp-json\/wp\/v2\/product\/23913","targetHints":{"allow":["GET"]}}],"collection":[{"href":"https:\/\/mouldking.store\/es\/wp-json\/wp\/v2\/product"}],"about":[{"href":"https:\/\/mouldking.store\/es\/wp-json\/wp\/v2\/types\/product"}],"replies":[{"embeddable":true,"href":"https:\/\/mouldking.store\/es\/wp-json\/wp\/v2\/comments?post=23913"}],"wp:featuredmedia":[{"embeddable":true,"href":"https:\/\/mouldking.store\/es\/wp-json\/wp\/v2\/media\/23910"}],"wp:attachment":[{"href":"https:\/\/mouldking.store\/es\/wp-json\/wp\/v2\/media?parent=23913"}],"wp:term":[{"taxonomy":"product_cat","embeddable":true,"href":"https:\/\/mouldking.store\/es\/wp-json\/wp\/v2\/product_cat?post=23913"},{"taxonomy":"product_tag","embeddable":true,"href":"https:\/\/mouldking.store\/es\/wp-json\/wp\/v2\/product_tag?post=23913"}],"curies":[{"name":"wp","href":"https:\/\/api.w.org\/{rel}","templated":true}]}}