{"id":23915,"date":"2021-10-10T05:05:38","date_gmt":"2021-10-10T05:05:38","guid":{"rendered":"https:\/\/mouldking.store\/shop\/moc-36588-jefferson-memorial-creator-by-klosspalatset-moc-factory\/"},"modified":"2025-12-25T09:20:19","modified_gmt":"2025-12-25T02:20:19","slug":"moc-36588-jefferson-memorial-creator-by-klosspalatset-moc-factory","status":"publish","type":"product","link":"https:\/\/mouldking.store\/es\/shop\/moc-36588-jefferson-memorial-creator-by-klosspalatset-moc-factory\/","title":{"rendered":"MOC-36588 Jefferson Memorial Creador por klosspalatset MOC FACTORY"},"content":{"rendered":"<p>MOC-36588 Jefferson Memorial Creator de klosspalatset MOC FACTORY es un conjunto de la colecci\u00f3n Creator, dise\u00f1ado por klosspalatset. Este MOC 36588 viene con instrucciones en PDF que es f\u00e1cil de construir y encontrar las piezas que faltan. El conjunto contiene 367 piezas, lanzado por primera vez en 2021.<\/p>\n<figure id=\"attachment_205099\" aria-describedby=\"caption-attachment-205099\" style=\"width: 800px\" class=\"wp-caption aligncenter\"><a href=\"https:\/\/pay.lpwstore.com\/wp-content\/uploads\/2021\/04\/MOC-36588-Jefferson-Memorial-Creator-by-klosspalatset-MOC-FACTORY.jpg\" target=\"_blank\" rel=\"noopener\"><img fetchpriority=\"high\" decoding=\"async\" class=\"wp-image-205099 size-full\" title=\"MOC-36588 Jefferson Memorial Creador por klosspalatset MOC FACTORY\" src=\"https:\/\/pay.lpwstore.com\/wp-content\/uploads\/2021\/04\/MOC-36588-Jefferson-Memorial-Creator-by-klosspalatset-MOC-FACTORY.jpg\" alt=\"MOC-36588 Jefferson Memorial Creator by klosspalatset MOC FACTORY\" width=\"800\" height=\"800\" \/><\/a><figcaption id=\"caption-attachment-205099\" class=\"wp-caption-text\">MOC-36588 Jefferson Memorial Creador por klosspalatset MOC FACTORY<\/figcaption><\/figure>","protected":false},"excerpt":{"rendered":"<ul>\n<li>Incluir\u00a0<strong>367+<\/strong>\u00a0piezas<\/li>\n<li>Instrucci\u00f3n PDF en l\u00ednea<\/li>\n<li>Bloque ABS de alta calidad.<\/li>\n<li>Dimensiones: 14 x 14 x 7 cm<\/li>\n<\/ul>","protected":false},"featured_media":23914,"comment_status":"open","ping_status":"closed","template":"","meta":{"_acf_changed":false},"product_cat":[371],"product_tag":[],"class_list":["product","first","instock","shipping-taxable","purchasable","product-type-simple"],"acf":[],"_links":{"self":[{"href":"https:\/\/mouldking.store\/es\/wp-json\/wp\/v2\/product\/23915","targetHints":{"allow":["GET"]}}],"collection":[{"href":"https:\/\/mouldking.store\/es\/wp-json\/wp\/v2\/product"}],"about":[{"href":"https:\/\/mouldking.store\/es\/wp-json\/wp\/v2\/types\/product"}],"replies":[{"embeddable":true,"href":"https:\/\/mouldking.store\/es\/wp-json\/wp\/v2\/comments?post=23915"}],"wp:featuredmedia":[{"embeddable":true,"href":"https:\/\/mouldking.store\/es\/wp-json\/wp\/v2\/media\/23914"}],"wp:attachment":[{"href":"https:\/\/mouldking.store\/es\/wp-json\/wp\/v2\/media?parent=23915"}],"wp:term":[{"taxonomy":"product_cat","embeddable":true,"href":"https:\/\/mouldking.store\/es\/wp-json\/wp\/v2\/product_cat?post=23915"},{"taxonomy":"product_tag","embeddable":true,"href":"https:\/\/mouldking.store\/es\/wp-json\/wp\/v2\/product_tag?post=23915"}],"curies":[{"name":"wp","href":"https:\/\/api.w.org\/{rel}","templated":true}]}}