{"id":23975,"date":"2021-10-10T05:05:58","date_gmt":"2021-10-10T05:05:58","guid":{"rendered":"https:\/\/mouldking.store\/shop\/moc-67575-case-quadtrac-620-technic-by-klein-creations-moc-factory\/"},"modified":"2025-12-25T09:20:07","modified_gmt":"2025-12-25T02:20:07","slug":"moc-67575-case-quadtrac-620-technic-by-klein-creations-moc-factory","status":"publish","type":"product","link":"https:\/\/mouldking.store\/es\/shop\/moc-67575-case-quadtrac-620-technic-by-klein-creations-moc-factory\/","title":{"rendered":"MOC-67575 CASE QuadTrac 620 Technic by Klein.Creations MOC FACTORY"},"content":{"rendered":"<p style=\"text-align: left\">MOC-67575 CASE QuadTrac 620 Technic by Klein.Creations MOC FACTORY is a set in Technic collection, designed by Klein.Creations. This MOC 67575 comes with PDF instruction which is easy to build and find the missing pieces. The set contains 2869 pieces, first released in 2021.<\/p>\n<p style=\"text-align: left\"><strong>NOTA:<\/strong><\/p>\n<ul style=\"text-align: center\">\n<li style=\"text-align: left\"><strong>El color de las partes individuales no se corresponde con el de las partes del dibujo, lo que no afecta la apariencia.<\/strong><\/li>\n<li style=\"text-align: left\"><strong>Compre con cuidado para aquellos que no est\u00e1n preocupados por la precisi\u00f3n, la diferencia de color de las piezas dom\u00e9sticas.<\/strong><\/li>\n<\/ul>\n<figure id=\"attachment_205225\" aria-describedby=\"caption-attachment-205225\" style=\"width: 800px\" class=\"wp-caption aligncenter\"><a href=\"https:\/\/pay.lpwstore.com\/wp-content\/uploads\/2021\/04\/MOC-67575-CASE-QuadTrac-620-Technic-by-Klein.Creations-MOC-FACTORY.jpg\" target=\"_blank\" rel=\"noopener\"><img fetchpriority=\"high\" decoding=\"async\" class=\"wp-image-205225 size-full\" title=\"MOC-67575 CASE QuadTrac 620 Technic by Klein.Creations MOC FACTORY\" src=\"https:\/\/pay.lpwstore.com\/wp-content\/uploads\/2021\/04\/MOC-67575-CASE-QuadTrac-620-Technic-by-Klein.Creations-MOC-FACTORY.jpg\" alt=\"MOC-67575 CASE QuadTrac 620 Technic by Klein.Creations MOC FACTORY\" width=\"800\" height=\"800\" \/><\/a><figcaption id=\"caption-attachment-205225\" class=\"wp-caption-text\">MOC-67575 CASE QuadTrac 620 Technic by Klein.Creations MOC FACTORY<\/figcaption><\/figure>\n<p><img decoding=\"async\" class=\"alignnone size-full wp-image-205226 aligncenter\" src=\"https:\/\/pay.lpwstore.com\/wp-content\/uploads\/2021\/04\/MOC-67575-CASE-QuadTrac-620-Technic-by-Klein-2.jpg\" alt=\"-\" width=\"800\" height=\"800\" title=\"-\"> <img decoding=\"async\" class=\"alignnone size-full wp-image-205227 aligncenter\" src=\"https:\/\/pay.lpwstore.com\/wp-content\/uploads\/2021\/04\/MOC-67575-CASE-QuadTrac-620-Technic-by-Klein-3.jpg\" alt=\"-\" width=\"800\" height=\"800\" title=\"-\"> <img loading=\"lazy\" decoding=\"async\" class=\"alignnone size-full wp-image-205228 aligncenter\" src=\"https:\/\/pay.lpwstore.com\/wp-content\/uploads\/2021\/04\/MOC-67575-CASE-QuadTrac-620-Technic-by-Klein-4.jpg\" alt=\"-\" width=\"800\" height=\"800\" title=\"-\"><\/p>","protected":false},"excerpt":{"rendered":"<ul>\n<li>Incluir <strong>2869+<\/strong> piezas<\/li>\n<li>Instrucci\u00f3n PDF en l\u00ednea<\/li>\n<li>Bloque ABS de alta calidad.<\/li>\n<li>sin motor<\/li>\n<\/ul>","protected":false},"featured_media":23971,"comment_status":"open","ping_status":"closed","template":"","meta":{"_acf_changed":false},"product_cat":[364],"product_tag":[],"class_list":["product","first","outofstock","shipping-taxable","purchasable","product-type-simple"],"acf":[],"_links":{"self":[{"href":"https:\/\/mouldking.store\/es\/wp-json\/wp\/v2\/product\/23975","targetHints":{"allow":["GET"]}}],"collection":[{"href":"https:\/\/mouldking.store\/es\/wp-json\/wp\/v2\/product"}],"about":[{"href":"https:\/\/mouldking.store\/es\/wp-json\/wp\/v2\/types\/product"}],"replies":[{"embeddable":true,"href":"https:\/\/mouldking.store\/es\/wp-json\/wp\/v2\/comments?post=23975"}],"wp:featuredmedia":[{"embeddable":true,"href":"https:\/\/mouldking.store\/es\/wp-json\/wp\/v2\/media\/23971"}],"wp:attachment":[{"href":"https:\/\/mouldking.store\/es\/wp-json\/wp\/v2\/media?parent=23975"}],"wp:term":[{"taxonomy":"product_cat","embeddable":true,"href":"https:\/\/mouldking.store\/es\/wp-json\/wp\/v2\/product_cat?post=23975"},{"taxonomy":"product_tag","embeddable":true,"href":"https:\/\/mouldking.store\/es\/wp-json\/wp\/v2\/product_tag?post=23975"}],"curies":[{"name":"wp","href":"https:\/\/api.w.org\/{rel}","templated":true}]}}