{"id":24111,"date":"2021-10-10T05:08:43","date_gmt":"2021-10-10T05:08:43","guid":{"rendered":"https:\/\/mouldking.store\/shop\/moc-24028-ucs-tie-interceptor-star-wars-by-wheelsspinnin-moc-factory\/"},"modified":"2025-12-25T09:20:01","modified_gmt":"2025-12-25T02:20:01","slug":"moc-24028-ucs-tie-interceptor-star-wars-by-wheelsspinnin-moc-factory","status":"publish","type":"product","link":"https:\/\/mouldking.store\/es\/shop\/moc-24028-ucs-tie-interceptor-star-wars-by-wheelsspinnin-moc-factory\/","title":{"rendered":"MOC-24028 UCS TIE Interceptor Star Wars de Wheelsspinnin MOC FACTORY"},"content":{"rendered":"<p>MOC-24028 UCS TIE Interceptor Star Wars de wheelsspinnin MOC FACTORY es un set de la colecci\u00f3n Star Wars, dise\u00f1ado por wheelsspinnin. Este MOC 24028 viene con instrucciones en PDF que son f\u00e1ciles de construir y encontrar las piezas que faltan. El conjunto contiene 1612 piezas, lanzado por primera vez en 2021.<\/p>\n<p><strong>NOTA:<\/strong><\/p>\n<ul>\n<li><strong>El color de las partes individuales no se corresponde con el de las partes del dibujo, lo que no afecta la apariencia.<\/strong><\/li>\n<li><strong>Compre con cuidado para aquellos que no est\u00e1n preocupados por la precisi\u00f3n, la diferencia de color de las piezas dom\u00e9sticas.<\/strong><\/li>\n<li><strong>Es posible que el cliente deba pagar el cargo de aduana adicional al recibir la mercanc\u00eda.<\/strong><\/li>\n<\/ul>\n<figure id=\"attachment_205566\" aria-describedby=\"caption-attachment-205566\" style=\"width: 800px\" class=\"wp-caption aligncenter\"><a href=\"https:\/\/pay.lpwstore.com\/wp-content\/uploads\/2021\/04\/MOC-24028-UCS-TIE-Interceptor-Star-Wars-by-wheelsspinnin-MOC-FACTORY.jpg\" target=\"_blank\" rel=\"noopener\"><img fetchpriority=\"high\" decoding=\"async\" class=\"wp-image-205566 size-full\" title=\"MOC-24028 UCS TIE Interceptor Star Wars de Wheelsspinnin MOC FACTORY\" src=\"https:\/\/pay.lpwstore.com\/wp-content\/uploads\/2021\/04\/MOC-24028-UCS-TIE-Interceptor-Star-Wars-by-wheelsspinnin-MOC-FACTORY.jpg\" alt=\"MOC-24028 UCS TIE Interceptor Star Wars by wheelsspinnin MOC FACTORY\" width=\"800\" height=\"800\" \/><\/a><figcaption id=\"caption-attachment-205566\" class=\"wp-caption-text\">MOC-24028 UCS TIE Interceptor Star Wars de Wheelsspinnin MOC FACTORY<\/figcaption><\/figure>","protected":false},"excerpt":{"rendered":"<ul>\n<li>Incluir\u00a0<strong>1612+<\/strong>\u00a0piezas<\/li>\n<li>Instrucci\u00f3n PDF en l\u00ednea<\/li>\n<li>Bloque ABS de alta calidad.<\/li>\n<\/ul>","protected":false},"featured_media":24110,"comment_status":"open","ping_status":"closed","template":"","meta":{"_acf_changed":false},"product_cat":[415],"product_tag":[],"class_list":["product","first","outofstock","shipping-taxable","purchasable","product-type-simple"],"acf":[],"_links":{"self":[{"href":"https:\/\/mouldking.store\/es\/wp-json\/wp\/v2\/product\/24111","targetHints":{"allow":["GET"]}}],"collection":[{"href":"https:\/\/mouldking.store\/es\/wp-json\/wp\/v2\/product"}],"about":[{"href":"https:\/\/mouldking.store\/es\/wp-json\/wp\/v2\/types\/product"}],"replies":[{"embeddable":true,"href":"https:\/\/mouldking.store\/es\/wp-json\/wp\/v2\/comments?post=24111"}],"wp:featuredmedia":[{"embeddable":true,"href":"https:\/\/mouldking.store\/es\/wp-json\/wp\/v2\/media\/24110"}],"wp:attachment":[{"href":"https:\/\/mouldking.store\/es\/wp-json\/wp\/v2\/media?parent=24111"}],"wp:term":[{"taxonomy":"product_cat","embeddable":true,"href":"https:\/\/mouldking.store\/es\/wp-json\/wp\/v2\/product_cat?post=24111"},{"taxonomy":"product_tag","embeddable":true,"href":"https:\/\/mouldking.store\/es\/wp-json\/wp\/v2\/product_tag?post=24111"}],"curies":[{"name":"wp","href":"https:\/\/api.w.org\/{rel}","templated":true}]}}