{"id":24127,"date":"2021-10-10T05:08:47","date_gmt":"2021-10-09T22:08:47","guid":{"rendered":"https:\/\/mouldking.store\/shop\/moc-51015-nasa-mars-helicopter-ingenuity-space-by-perijove-moc-factory\/"},"modified":"2025-12-25T09:20:00","modified_gmt":"2025-12-25T02:20:00","slug":"moc-51015-nasa-mars-helicopter-ingenuity-space-by-perijove-moc-factory","status":"publish","type":"product","link":"https:\/\/mouldking.store\/es\/shop\/moc-51015-nasa-mars-helicopter-ingenuity-space-by-perijove-moc-factory\/","title":{"rendered":"MOC-51015 NASA Mars Helicopter Ingenuity Space de Perijove MOC FACTORY"},"content":{"rendered":"<p style=\"text-align: left\">MOC-51015 NASA Mars Helicopter Ingenuity Space de Perijove MOC FACTORY es un set de la colecci\u00f3n Space, dise\u00f1ado por Perijove. Este MOC 51015 viene con instrucciones en PDF que son f\u00e1ciles de construir y encontrar las piezas que faltan. El conjunto contiene 729 piezas, lanzado por primera vez en 2021.<\/p>\n<figure id=\"attachment_205615\" aria-describedby=\"caption-attachment-205615\" style=\"width: 800px\" class=\"wp-caption aligncenter\"><a href=\"https:\/\/pay.lpwstore.com\/wp-content\/uploads\/2021\/04\/MOC-51015-NASA-Mars-Helicopter-Ingenuity-Space-by-Perijove-MOC-FACTORY.jpg\" target=\"_blank\" rel=\"noopener\"><img fetchpriority=\"high\" decoding=\"async\" class=\"wp-image-205615 size-full\" title=\"MOC-51015 NASA Mars Helicopter Ingenuity Space de Perijove MOC FACTORY\" src=\"https:\/\/pay.lpwstore.com\/wp-content\/uploads\/2021\/04\/MOC-51015-NASA-Mars-Helicopter-Ingenuity-Space-by-Perijove-MOC-FACTORY.jpg\" alt=\"MOC-51015 NASA Mars Helicopter Ingenuity Space by Perijove MOC FACTORY\" width=\"800\" height=\"800\" \/><\/a><figcaption id=\"caption-attachment-205615\" class=\"wp-caption-text\">MOC-51015 NASA Mars Helicopter Ingenuity Space de Perijove MOC FACTORY<\/figcaption><\/figure>\n<p><img decoding=\"async\" class=\"alignnone size-full wp-image-205616 aligncenter\" src=\"https:\/\/pay.lpwstore.com\/wp-content\/uploads\/2021\/04\/MOC-51015-NASA-Mars-Helicopter-Ingenuity-Space-by-Perijove-MOC-FACTORY-2.jpg\" alt=\"-\" width=\"800\" height=\"800\" title=\"-\"><\/p>","protected":false},"excerpt":{"rendered":"<ul>\n<li>Incluir\u00a0<strong>729+<\/strong>\u00a0piezas<\/li>\n<li>Instrucci\u00f3n PDF en l\u00ednea<\/li>\n<li>Bloque ABS de alta calidad.<\/li>\n<li>Dimensiones: 28 x 16 x 26 cm<\/li>\n<\/ul>","protected":false},"featured_media":24125,"comment_status":"open","ping_status":"closed","template":"","meta":{"_acf_changed":false},"product_cat":[371],"product_tag":[],"class_list":["product","first","instock","shipping-taxable","purchasable","product-type-simple"],"acf":[],"_links":{"self":[{"href":"https:\/\/mouldking.store\/es\/wp-json\/wp\/v2\/product\/24127","targetHints":{"allow":["GET"]}}],"collection":[{"href":"https:\/\/mouldking.store\/es\/wp-json\/wp\/v2\/product"}],"about":[{"href":"https:\/\/mouldking.store\/es\/wp-json\/wp\/v2\/types\/product"}],"replies":[{"embeddable":true,"href":"https:\/\/mouldking.store\/es\/wp-json\/wp\/v2\/comments?post=24127"}],"wp:featuredmedia":[{"embeddable":true,"href":"https:\/\/mouldking.store\/es\/wp-json\/wp\/v2\/media\/24125"}],"wp:attachment":[{"href":"https:\/\/mouldking.store\/es\/wp-json\/wp\/v2\/media?parent=24127"}],"wp:term":[{"taxonomy":"product_cat","embeddable":true,"href":"https:\/\/mouldking.store\/es\/wp-json\/wp\/v2\/product_cat?post=24127"},{"taxonomy":"product_tag","embeddable":true,"href":"https:\/\/mouldking.store\/es\/wp-json\/wp\/v2\/product_tag?post=24127"}],"curies":[{"name":"wp","href":"https:\/\/api.w.org\/{rel}","templated":true}]}}