{"id":24143,"date":"2021-10-10T05:08:52","date_gmt":"2021-10-10T05:08:52","guid":{"rendered":"https:\/\/mouldking.store\/shop\/moc-69242-sakura-tree-creator-by-xmsbricks-moc-factory\/"},"modified":"2025-12-25T09:20:00","modified_gmt":"2025-12-25T02:20:00","slug":"moc-69242-sakura-tree-creator-by-xmsbricks-moc-factory","status":"publish","type":"product","link":"https:\/\/mouldking.store\/es\/shop\/moc-69242-sakura-tree-creator-by-xmsbricks-moc-factory\/","title":{"rendered":"MOC-69242 Creador de \u00e1rboles de sakura por xmsbricks MOC FACTORY"},"content":{"rendered":"<p style=\"text-align: left\">MOC-69242 Sakura Tree Creator de xmsbricks MOC FACTORY es un conjunto de la colecci\u00f3n Creator, dise\u00f1ado por xmsbricks. Este MOC 69242 viene con instrucciones en PDF que son f\u00e1ciles de construir y encontrar las piezas que faltan. El conjunto contiene 141 piezas, lanzado por primera vez en 2021.<\/p>\n<figure id=\"attachment_205631\" aria-describedby=\"caption-attachment-205631\" style=\"width: 800px\" class=\"wp-caption aligncenter\"><a href=\"https:\/\/pay.lpwstore.com\/wp-content\/uploads\/2021\/04\/MOC-69242-Sakura-Tree-Creator-by-xmsbricks-MOC-FACTORY.jpg\" target=\"_blank\" rel=\"noopener\"><img fetchpriority=\"high\" decoding=\"async\" class=\"wp-image-205631 size-full\" title=\"MOC-69242 Creador de \u00e1rboles de sakura por xmsbricks MOC FACTORY \" src=\"https:\/\/pay.lpwstore.com\/wp-content\/uploads\/2021\/04\/MOC-69242-Sakura-Tree-Creator-by-xmsbricks-MOC-FACTORY.jpg\" alt=\"MOC-69242 Sakura Tree Creator by xmsbricks MOC FACTORY \" width=\"800\" height=\"800\" \/><\/a><figcaption id=\"caption-attachment-205631\" class=\"wp-caption-text\">MOC-69242 Creador de \u00e1rboles de sakura por xmsbricks MOC FACTORY<\/figcaption><\/figure>\n<p><img decoding=\"async\" class=\"alignnone size-full wp-image-205632 aligncenter\" src=\"https:\/\/pay.lpwstore.com\/wp-content\/uploads\/2021\/04\/MOC-69242-Sakura-Tree-Creator-by-xmsbricks-MOC-FACTORY-2.jpg\" alt=\"-\" width=\"800\" height=\"800\" title=\"-\"> <img decoding=\"async\" class=\"alignnone size-full wp-image-205633 aligncenter\" src=\"https:\/\/pay.lpwstore.com\/wp-content\/uploads\/2021\/04\/MOC-69242-Sakura-Tree-Creator-by-xmsbricks-MOC-FACTORY-3.jpg\" alt=\"-\" width=\"800\" height=\"800\" title=\"-\"><\/p>","protected":false},"excerpt":{"rendered":"<ul>\n<li>Incluir\u00a0<strong>141+<\/strong>\u00a0piezas<\/li>\n<li>Instrucci\u00f3n PDF en l\u00ednea<\/li>\n<li>Bloque ABS de alta calidad.<\/li>\n<li>Dimensiones: 13 x 13 x 9 cm<\/li>\n<\/ul>","protected":false},"featured_media":24140,"comment_status":"open","ping_status":"closed","template":"","meta":{"_acf_changed":false},"product_cat":[371],"product_tag":[],"class_list":["product","first","instock","shipping-taxable","purchasable","product-type-simple"],"acf":[],"_links":{"self":[{"href":"https:\/\/mouldking.store\/es\/wp-json\/wp\/v2\/product\/24143","targetHints":{"allow":["GET"]}}],"collection":[{"href":"https:\/\/mouldking.store\/es\/wp-json\/wp\/v2\/product"}],"about":[{"href":"https:\/\/mouldking.store\/es\/wp-json\/wp\/v2\/types\/product"}],"replies":[{"embeddable":true,"href":"https:\/\/mouldking.store\/es\/wp-json\/wp\/v2\/comments?post=24143"}],"wp:featuredmedia":[{"embeddable":true,"href":"https:\/\/mouldking.store\/es\/wp-json\/wp\/v2\/media\/24140"}],"wp:attachment":[{"href":"https:\/\/mouldking.store\/es\/wp-json\/wp\/v2\/media?parent=24143"}],"wp:term":[{"taxonomy":"product_cat","embeddable":true,"href":"https:\/\/mouldking.store\/es\/wp-json\/wp\/v2\/product_cat?post=24143"},{"taxonomy":"product_tag","embeddable":true,"href":"https:\/\/mouldking.store\/es\/wp-json\/wp\/v2\/product_tag?post=24143"}],"curies":[{"name":"wp","href":"https:\/\/api.w.org\/{rel}","templated":true}]}}