{"id":24171,"date":"2021-10-10T05:09:00","date_gmt":"2021-10-09T22:09:00","guid":{"rendered":"https:\/\/mouldking.store\/shop\/moc-56792-mini-set-10276-the-colosseum-creator-by-gabizon-moc-factory\/"},"modified":"2025-12-25T09:19:59","modified_gmt":"2025-12-25T02:19:59","slug":"moc-56792-mini-set-10276-the-colosseum-creator-by-gabizon-moc-factory","status":"publish","type":"product","link":"https:\/\/mouldking.store\/es\/shop\/moc-56792-mini-set-10276-the-colosseum-creator-by-gabizon-moc-factory\/","title":{"rendered":"MOC-56792 Mini SET 10276 Creador del Coliseo de gabizon MOC FACTORY"},"content":{"rendered":"<p>MOC-56792 Mini SET 10276 The Colosseum Creator de gabizon MOC FACTORY es un set de la colecci\u00f3n Creator, dise\u00f1ado por gabizon. Este MOC 56792 viene con instrucciones en PDF que son f\u00e1ciles de construir y encontrar las piezas que faltan. El conjunto contiene 265 piezas, lanzado por primera vez en 2021.<\/p>\n<figure id=\"attachment_205837\" aria-describedby=\"caption-attachment-205837\" style=\"width: 800px\" class=\"wp-caption aligncenter\"><a href=\"https:\/\/pay.lpwstore.com\/wp-content\/uploads\/2021\/04\/MOC-56792-Mini-SET-10276-The-Colosseum-Creator-by-gabizon-MOC-FACTORY.jpg\" target=\"_blank\" rel=\"noopener\"><img fetchpriority=\"high\" decoding=\"async\" class=\"wp-image-205837 size-full\" title=\"MOC-56792 Mini SET 10276 Creador del Coliseo de gabizon MOC FACTORY\" src=\"https:\/\/pay.lpwstore.com\/wp-content\/uploads\/2021\/04\/MOC-56792-Mini-SET-10276-The-Colosseum-Creator-by-gabizon-MOC-FACTORY.jpg\" alt=\"MOC-56792 Mini SET 10276 The Colosseum Creator by gabizon MOC FACTORY\" width=\"800\" height=\"800\" \/><\/a><figcaption id=\"caption-attachment-205837\" class=\"wp-caption-text\">MOC-56792 Mini SET 10276 Creador del Coliseo de gabizon MOC FACTORY<\/figcaption><\/figure>","protected":false},"excerpt":{"rendered":"<ul>\n<li>Incluir\u00a0<strong>265+<\/strong>\u00a0piezas<\/li>\n<li>Instrucci\u00f3n PDF en l\u00ednea<\/li>\n<li>Bloque ABS de alta calidad.<\/li>\n<li>Dimensiones: 11 x 11 x 6 cm<\/li>\n<\/ul>","protected":false},"featured_media":24170,"comment_status":"open","ping_status":"closed","template":"","meta":{"_acf_changed":false},"product_cat":[371],"product_tag":[],"class_list":["product","first","outofstock","shipping-taxable","purchasable","product-type-simple"],"acf":[],"_links":{"self":[{"href":"https:\/\/mouldking.store\/es\/wp-json\/wp\/v2\/product\/24171","targetHints":{"allow":["GET"]}}],"collection":[{"href":"https:\/\/mouldking.store\/es\/wp-json\/wp\/v2\/product"}],"about":[{"href":"https:\/\/mouldking.store\/es\/wp-json\/wp\/v2\/types\/product"}],"replies":[{"embeddable":true,"href":"https:\/\/mouldking.store\/es\/wp-json\/wp\/v2\/comments?post=24171"}],"wp:featuredmedia":[{"embeddable":true,"href":"https:\/\/mouldking.store\/es\/wp-json\/wp\/v2\/media\/24170"}],"wp:attachment":[{"href":"https:\/\/mouldking.store\/es\/wp-json\/wp\/v2\/media?parent=24171"}],"wp:term":[{"taxonomy":"product_cat","embeddable":true,"href":"https:\/\/mouldking.store\/es\/wp-json\/wp\/v2\/product_cat?post=24171"},{"taxonomy":"product_tag","embeddable":true,"href":"https:\/\/mouldking.store\/es\/wp-json\/wp\/v2\/product_tag?post=24171"}],"curies":[{"name":"wp","href":"https:\/\/api.w.org\/{rel}","templated":true}]}}