{"id":24174,"date":"2021-10-10T05:09:04","date_gmt":"2021-10-09T22:09:04","guid":{"rendered":"https:\/\/mouldking.store\/shop\/moc-36405-matchbox-box-creator-by-rollingbricks-moc-factory\/"},"modified":"2025-12-25T09:19:59","modified_gmt":"2025-12-25T02:19:59","slug":"moc-36405-matchbox-box-creator-by-rollingbricks-moc-factory","status":"publish","type":"product","link":"https:\/\/mouldking.store\/es\/shop\/moc-36405-matchbox-box-creator-by-rollingbricks-moc-factory\/","title":{"rendered":"MOC-36405 Creador de cajas de cerillas por RollingBricks MOC FACTORY"},"content":{"rendered":"<p style=\"text-align: center\">MOC-36405 Caja Matchbox Creator de RollingBricks MOC FACTORY es un set de la colecci\u00f3n Creator, dise\u00f1ado por RollingBricks. Este MOC 36405 viene con instrucciones en PDF que son f\u00e1ciles de construir y encontrar las piezas que faltan. El conjunto contiene 564 piezas, lanzado por primera vez en 2021.<\/p>\n<figure id=\"attachment_205839\" aria-describedby=\"caption-attachment-205839\" style=\"width: 800px\" class=\"wp-caption aligncenter\"><a href=\"https:\/\/pay.lpwstore.com\/wp-content\/uploads\/2021\/04\/MOC-36405-Matchbox-box-Creator-by-RollingBricks-MOC-FACTORY.jpg\" target=\"_blank\" rel=\"noopener\"><img fetchpriority=\"high\" decoding=\"async\" class=\"wp-image-205839 size-full\" title=\"MOC-36405 Creador de cajas de cerillas por RollingBricks MOC FACTORY\" src=\"https:\/\/pay.lpwstore.com\/wp-content\/uploads\/2021\/04\/MOC-36405-Matchbox-box-Creator-by-RollingBricks-MOC-FACTORY.jpg\" alt=\"MOC-36405 Matchbox box Creator by RollingBricks MOC FACTORY\" width=\"800\" height=\"800\" \/><\/a><figcaption id=\"caption-attachment-205839\" class=\"wp-caption-text\">MOC-36405 Creador de cajas de cerillas por RollingBricks MOC FACTORY<\/figcaption><\/figure>\n<p><img decoding=\"async\" class=\"alignnone size-full wp-image-205840 aligncenter\" src=\"https:\/\/pay.lpwstore.com\/wp-content\/uploads\/2021\/04\/MOC-36405-Matchbox-box-Creator-by-RollingBricks-MOC-FACTORY-2.jpg\" alt=\"-\" width=\"800\" height=\"800\" title=\"-\"><\/p>","protected":false},"excerpt":{"rendered":"<ul>\n<li>Incluir\u00a0<strong>564+<\/strong>\u00a0piezas<\/li>\n<li>Instrucci\u00f3n PDF en l\u00ednea<\/li>\n<li>Bloque ABS de alta calidad.<\/li>\n<li>Dimensiones: 25 x 12 x 17 cm<\/li>\n<\/ul>","protected":false},"featured_media":24172,"comment_status":"open","ping_status":"closed","template":"","meta":{"_acf_changed":false},"product_cat":[371],"product_tag":[],"class_list":["product","first","instock","shipping-taxable","purchasable","product-type-simple"],"acf":[],"_links":{"self":[{"href":"https:\/\/mouldking.store\/es\/wp-json\/wp\/v2\/product\/24174","targetHints":{"allow":["GET"]}}],"collection":[{"href":"https:\/\/mouldking.store\/es\/wp-json\/wp\/v2\/product"}],"about":[{"href":"https:\/\/mouldking.store\/es\/wp-json\/wp\/v2\/types\/product"}],"replies":[{"embeddable":true,"href":"https:\/\/mouldking.store\/es\/wp-json\/wp\/v2\/comments?post=24174"}],"wp:featuredmedia":[{"embeddable":true,"href":"https:\/\/mouldking.store\/es\/wp-json\/wp\/v2\/media\/24172"}],"wp:attachment":[{"href":"https:\/\/mouldking.store\/es\/wp-json\/wp\/v2\/media?parent=24174"}],"wp:term":[{"taxonomy":"product_cat","embeddable":true,"href":"https:\/\/mouldking.store\/es\/wp-json\/wp\/v2\/product_cat?post=24174"},{"taxonomy":"product_tag","embeddable":true,"href":"https:\/\/mouldking.store\/es\/wp-json\/wp\/v2\/product_tag?post=24174"}],"curies":[{"name":"wp","href":"https:\/\/api.w.org\/{rel}","templated":true}]}}