{"id":24271,"date":"2021-10-10T05:09:37","date_gmt":"2021-10-09T22:09:37","guid":{"rendered":"https:\/\/mouldking.store\/shop\/moc-61281-titan-iiie-centaur-1-110-scale-space-by-thebrickfrontier-moc-factory\/"},"modified":"2025-12-25T09:19:51","modified_gmt":"2025-12-25T02:19:51","slug":"moc-61281-titan-iiie-centaur-1-110-scale-space-by-thebrickfrontier-moc-factory","status":"publish","type":"product","link":"https:\/\/mouldking.store\/es\/shop\/moc-61281-titan-iiie-centaur-1-110-scale-space-by-thebrickfrontier-moc-factory\/","title":{"rendered":"MOC-61281 Titan IIIE Centaur escala 1\/110 Espacio por TheBrickFrontier MOC FACTORY"},"content":{"rendered":"<p>MOC-61281 Titan IIIE Centaur escala 1\/110 Space de TheBrickFrontier MOC FACTORY es un set de la colecci\u00f3n Space, dise\u00f1ado por TheBrickFrontier. Este MOC 61281 viene con instrucciones en PDF que son f\u00e1ciles de construir y encontrar las piezas que faltan. El conjunto contiene 909 piezas, lanzado por primera vez en 2021.<\/p>\n<figure id=\"attachment_206733\" aria-describedby=\"caption-attachment-206733\" style=\"width: 800px\" class=\"wp-caption aligncenter\"><a href=\"https:\/\/pay.lpwstore.com\/wp-content\/uploads\/2021\/05\/MOC-61281-Titan-IIIE-Centaur-1110-scale-Space-by-TheBrickFrontier-MOC-FACTORY.jpg\" target=\"_blank\" rel=\"noopener\"><img fetchpriority=\"high\" decoding=\"async\" class=\"wp-image-206733 size-full\" title=\"MOC-61281 Titan IIIE Centaur escala 1\/110 Espacio por TheBrickFrontier MOC FACTORY\" src=\"https:\/\/pay.lpwstore.com\/wp-content\/uploads\/2021\/05\/MOC-61281-Titan-IIIE-Centaur-1110-scale-Space-by-TheBrickFrontier-MOC-FACTORY.jpg\" alt=\"MOC-61281 Titan IIIE Centaur 1\/110 scale Space by TheBrickFrontier MOC FACTORY\" width=\"800\" height=\"800\" \/><\/a><figcaption id=\"caption-attachment-206733\" class=\"wp-caption-text\">MOC-61281 Titan IIIE Centaur escala 1\/110 Espacio por TheBrickFrontier MOC FACTORY<\/figcaption><\/figure>\n<p>&nbsp;<\/p>\n<figure id=\"attachment_206734\" aria-describedby=\"caption-attachment-206734\" style=\"width: 800px\" class=\"wp-caption aligncenter\"><img decoding=\"async\" class=\"wp-image-206734\" title=\"MOC-61281 Titan IIIE Centaur escala 1\/110 Espacio por TheBrickFrontier MOC FACTORY\" src=\"https:\/\/pay.lpwstore.com\/wp-content\/uploads\/2021\/05\/moc-61281-titan-iiie-centaur-1110-scale-space-by-thebrickfrontier-moc-factory-000154.jpg\" alt=\"MOC-61281 Titan IIIE Centaur 1\/110 scale Space by TheBrickFrontier MOC FACTORY\" width=\"800\" height=\"800\" \/><figcaption id=\"caption-attachment-206734\" class=\"wp-caption-text\">MOC-61281 Titan IIIE Centaur escala 1\/110 Espacio por TheBrickFrontier MOC FACTORY<\/figcaption><\/figure>\n<figure id=\"attachment_206735\" aria-describedby=\"caption-attachment-206735\" style=\"width: 800px\" class=\"wp-caption aligncenter\"><img decoding=\"async\" class=\"wp-image-206735\" title=\"MOC-61281 Titan IIIE Centaur escala 1\/110 Espacio por TheBrickFrontier MOC FACTORY\" src=\"https:\/\/pay.lpwstore.com\/wp-content\/uploads\/2021\/05\/moc-61281-titan-iiie-centaur-1110-scale-space-by-thebrickfrontier-moc-factory-000157.jpg\" alt=\"MOC-61281 Titan IIIE Centaur 1\/110 scale Space by TheBrickFrontier MOC FACTORY\" width=\"800\" height=\"800\" \/><figcaption id=\"caption-attachment-206735\" class=\"wp-caption-text\">MOC-61281 Titan IIIE Centaur escala 1\/110 Espacio por TheBrickFrontier MOC FACTORY<\/figcaption><\/figure>\n<figure id=\"attachment_206736\" aria-describedby=\"caption-attachment-206736\" style=\"width: 800px\" class=\"wp-caption aligncenter\"><img loading=\"lazy\" decoding=\"async\" class=\"wp-image-206736\" title=\"MOC-61281 Titan IIIE Centaur escala 1\/110 Espacio por TheBrickFrontier MOC FACTORY\" src=\"https:\/\/pay.lpwstore.com\/wp-content\/uploads\/2021\/05\/moc-61281-titan-iiie-centaur-1110-scale-space-by-thebrickfrontier-moc-factory-000200.jpg\" alt=\"MOC-61281 Titan IIIE Centaur 1\/110 scale Space by TheBrickFrontier MOC FACTORY\" width=\"800\" height=\"800\" \/><figcaption id=\"caption-attachment-206736\" class=\"wp-caption-text\">MOC-61281 Titan IIIE Centaur escala 1\/110 Espacio por TheBrickFrontier MOC FACTORY<\/figcaption><\/figure>\n<p>&nbsp;<\/p>","protected":false},"excerpt":{"rendered":"<ul>\n<li>Incluir\u00a0<strong>909+<\/strong>\u00a0piezas<\/li>\n<li>Instrucci\u00f3n PDF en l\u00ednea<\/li>\n<li>Bloque ABS de alta calidad.<\/li>\n<li>Dimensiones: 16 x 11 x 38 cm<\/li>\n<\/ul>","protected":false},"featured_media":24270,"comment_status":"open","ping_status":"closed","template":"","meta":{"_acf_changed":false},"product_cat":[371],"product_tag":[],"class_list":["product","first","instock","shipping-taxable","purchasable","product-type-simple"],"acf":[],"_links":{"self":[{"href":"https:\/\/mouldking.store\/es\/wp-json\/wp\/v2\/product\/24271","targetHints":{"allow":["GET"]}}],"collection":[{"href":"https:\/\/mouldking.store\/es\/wp-json\/wp\/v2\/product"}],"about":[{"href":"https:\/\/mouldking.store\/es\/wp-json\/wp\/v2\/types\/product"}],"replies":[{"embeddable":true,"href":"https:\/\/mouldking.store\/es\/wp-json\/wp\/v2\/comments?post=24271"}],"wp:featuredmedia":[{"embeddable":true,"href":"https:\/\/mouldking.store\/es\/wp-json\/wp\/v2\/media\/24270"}],"wp:attachment":[{"href":"https:\/\/mouldking.store\/es\/wp-json\/wp\/v2\/media?parent=24271"}],"wp:term":[{"taxonomy":"product_cat","embeddable":true,"href":"https:\/\/mouldking.store\/es\/wp-json\/wp\/v2\/product_cat?post=24271"},{"taxonomy":"product_tag","embeddable":true,"href":"https:\/\/mouldking.store\/es\/wp-json\/wp\/v2\/product_tag?post=24271"}],"curies":[{"name":"wp","href":"https:\/\/api.w.org\/{rel}","templated":true}]}}