{"id":24277,"date":"2021-10-10T05:09:44","date_gmt":"2021-10-09T22:09:44","guid":{"rendered":"https:\/\/mouldking.store\/shop\/moc-66013-rebel-combat-speeder-v-19-landspeeder-star-wars-by-thrawnsrevenge-moc-factory\/"},"modified":"2025-12-25T09:19:51","modified_gmt":"2025-12-25T02:19:51","slug":"moc-66013-rebel-combat-speeder-v-19-landspeeder-star-wars-by-thrawnsrevenge-moc-factory","status":"publish","type":"product","link":"https:\/\/mouldking.store\/es\/shop\/moc-66013-rebel-combat-speeder-v-19-landspeeder-star-wars-by-thrawnsrevenge-moc-factory\/","title":{"rendered":"MOC-66013 Rebel Combat Speeder \/ V-19 Landspeeder Star Wars de ThrawnsRevenge MOC FACTORY"},"content":{"rendered":"<p>MOC-66013 Rebel Combat Speeder \/ V-19 Landspeeder Star Wars de ThrawnsRevenge MOC FACTORY es un set de la colecci\u00f3n Star Wars, dise\u00f1ado por ThrawnsRevenge. Este MOC 66013 viene con instrucciones en PDF que son f\u00e1ciles de construir y encontrar las piezas que faltan. El conjunto contiene 277 piezas, lanzado por primera vez en 2021.<\/p>\n<figure id=\"attachment_206751\" aria-describedby=\"caption-attachment-206751\" style=\"width: 800px\" class=\"wp-caption aligncenter\"><a href=\"https:\/\/pay.lpwstore.com\/wp-content\/uploads\/2021\/05\/MOC-66013-Rebel-Combat-Speeder-V-19-Landspeeder-Star-Wars-by-ThrawnsRevenge-MOC-FACTORY.jpg\" target=\"_blank\" rel=\"noopener\"><img fetchpriority=\"high\" decoding=\"async\" class=\"wp-image-206751 size-full\" title=\"MOC-66013 Rebel Combat Speeder \/ V-19 Landspeeder Star Wars de ThrawnsRevenge MOC FACTORY\" src=\"https:\/\/pay.lpwstore.com\/wp-content\/uploads\/2021\/05\/MOC-66013-Rebel-Combat-Speeder-V-19-Landspeeder-Star-Wars-by-ThrawnsRevenge-MOC-FACTORY.jpg\" alt=\"MOC-66013 Rebel Combat Speeder \/ V-19 Landspeeder Star Wars by ThrawnsRevenge MOC FACTORY\" width=\"800\" height=\"800\" \/><\/a><figcaption id=\"caption-attachment-206751\" class=\"wp-caption-text\">MOC-66013 Rebel Combat Speeder \/ V-19 Landspeeder Star Wars de ThrawnsRevenge MOC FACTORY<\/figcaption><\/figure>\n<p>&nbsp;<\/p>\n<figure id=\"attachment_206752\" aria-describedby=\"caption-attachment-206752\" style=\"width: 800px\" class=\"wp-caption aligncenter\"><img decoding=\"async\" class=\"wp-image-206752\" title=\"MOC-66013 Rebel Combat Speeder \/ V-19 Landspeeder Star Wars de ThrawnsRevenge MOC FACTORY\" src=\"https:\/\/pay.lpwstore.com\/wp-content\/uploads\/2021\/05\/moc-66013-rebel-combat-speeder-v-19-landspeeder-star-wars-by-thrawnsrevenge-moc-factory-214116.jpg\" alt=\"MOC-66013 Rebel Combat Speeder \/ V-19 Landspeeder Star Wars by ThrawnsRevenge MOC FACTORY\" width=\"800\" height=\"800\" \/><figcaption id=\"caption-attachment-206752\" class=\"wp-caption-text\">MOC-66013 Rebel Combat Speeder \/ V-19 Landspeeder Star Wars de ThrawnsRevenge MOC FACTORY<\/figcaption><\/figure>\n<figure id=\"attachment_206753\" aria-describedby=\"caption-attachment-206753\" style=\"width: 800px\" class=\"wp-caption aligncenter\"><img decoding=\"async\" class=\"wp-image-206753\" title=\"MOC-66013 Rebel Combat Speeder \/ V-19 Landspeeder Star Wars de ThrawnsRevenge MOC FACTORY\" src=\"https:\/\/pay.lpwstore.com\/wp-content\/uploads\/2021\/05\/moc-66013-rebel-combat-speeder-v-19-landspeeder-star-wars-by-thrawnsrevenge-moc-factory-214118.jpg\" alt=\"MOC-66013 Rebel Combat Speeder \/ V-19 Landspeeder Star Wars by ThrawnsRevenge MOC FACTORY\" width=\"800\" height=\"800\" \/><figcaption id=\"caption-attachment-206753\" class=\"wp-caption-text\">MOC-66013 Rebel Combat Speeder \/ V-19 Landspeeder Star Wars de ThrawnsRevenge MOC FACTORY<\/figcaption><\/figure>","protected":false},"excerpt":{"rendered":"<ul>\n<li>Incluir\u00a0<strong>277+<\/strong>\u00a0piezas<\/li>\n<li>Instrucci\u00f3n PDF en l\u00ednea<\/li>\n<li>Bloque ABS de alta calidad.<\/li>\n<li>Dimensiones: 20 x 6 x 3,5 cm<\/li>\n<\/ul>","protected":false},"featured_media":24276,"comment_status":"open","ping_status":"closed","template":"","meta":{"_acf_changed":false},"product_cat":[415],"product_tag":[],"class_list":["product","first","instock","shipping-taxable","purchasable","product-type-simple"],"acf":[],"_links":{"self":[{"href":"https:\/\/mouldking.store\/es\/wp-json\/wp\/v2\/product\/24277","targetHints":{"allow":["GET"]}}],"collection":[{"href":"https:\/\/mouldking.store\/es\/wp-json\/wp\/v2\/product"}],"about":[{"href":"https:\/\/mouldking.store\/es\/wp-json\/wp\/v2\/types\/product"}],"replies":[{"embeddable":true,"href":"https:\/\/mouldking.store\/es\/wp-json\/wp\/v2\/comments?post=24277"}],"wp:featuredmedia":[{"embeddable":true,"href":"https:\/\/mouldking.store\/es\/wp-json\/wp\/v2\/media\/24276"}],"wp:attachment":[{"href":"https:\/\/mouldking.store\/es\/wp-json\/wp\/v2\/media?parent=24277"}],"wp:term":[{"taxonomy":"product_cat","embeddable":true,"href":"https:\/\/mouldking.store\/es\/wp-json\/wp\/v2\/product_cat?post=24277"},{"taxonomy":"product_tag","embeddable":true,"href":"https:\/\/mouldking.store\/es\/wp-json\/wp\/v2\/product_tag?post=24277"}],"curies":[{"name":"wp","href":"https:\/\/api.w.org\/{rel}","templated":true}]}}