{"id":24332,"date":"2021-10-10T05:12:00","date_gmt":"2021-10-10T05:12:00","guid":{"rendered":"https:\/\/mouldking.store\/shop\/moc-47757-side-dumper-truck-with-low-loader-trailer-bussing-42098-c-model-technic-by-time-hh-moc-factory\/"},"modified":"2025-12-25T09:19:50","modified_gmt":"2025-12-25T02:19:50","slug":"moc-47757-side-dumper-truck-with-low-loader-trailer-bussing-42098-c-model-technic-by-time-hh-moc-factory","status":"publish","type":"product","link":"https:\/\/mouldking.store\/es\/shop\/moc-47757-side-dumper-truck-with-low-loader-trailer-bussing-42098-c-model-technic-by-time-hh-moc-factory\/","title":{"rendered":"MOC-47757 Cami\u00f3n volquete lateral con remolque de plataforma baja \u201cB\u00fcssing\u201d (Modelo 42098 C) Technic by time-hh MOC FACTORY"},"content":{"rendered":"<p style=\"text-align: left\">MOC-47757 Cami\u00f3n volquete lateral con remolque de plataforma baja \u201cB\u00fcssing\u201d (Modelo 42098 C) Technic by time-hh MOC FACTORY es un conjunto de la colecci\u00f3n Technic, dise\u00f1ado por time-hh. Este MOC 47757 viene con instrucciones en PDF que son f\u00e1ciles de construir y encontrar las piezas que faltan. El conjunto contiene 1210 piezas, lanzado por primera vez en 2021.<\/p>\n<p style=\"text-align: left\"><strong>NOTA:<\/strong><\/p>\n<ul style=\"text-align: center\">\n<li style=\"text-align: left\"><strong>El color de las partes individuales no se corresponde con el de las partes del dibujo, lo que no afecta la apariencia.<\/strong><\/li>\n<li style=\"text-align: left\"><strong>Compre con cuidado para aquellos que no est\u00e1n preocupados por la precisi\u00f3n, la diferencia de color de las piezas dom\u00e9sticas.<\/strong><\/li>\n<li style=\"text-align: left\"><strong>Es posible que el cliente deba pagar el cargo de aduana adicional al recibir la mercanc\u00eda.<\/strong><\/li>\n<\/ul>\n<figure id=\"attachment_206898\" aria-describedby=\"caption-attachment-206898\" style=\"width: 800px\" class=\"wp-caption aligncenter\"><a href=\"https:\/\/pay.lpwstore.com\/wp-content\/uploads\/2021\/05\/MOC-47757-Side-Dumper-Truck-with-Low-Loader-Trailer-B\u00fcssing-42098-C-Model-Technic-by-time-hh-MOC-FACTORY.jpg\" target=\"_blank\" rel=\"noopener\"><img fetchpriority=\"high\" decoding=\"async\" class=\"wp-image-206898 size-full\" title=\"MOC-47757 Cami\u00f3n volquete lateral con remolque de plataforma baja &quot;B\u00fcssing&quot; (Modelo 42098 C) Technic by time-hh MOC FACTORY\" src=\"https:\/\/pay.lpwstore.com\/wp-content\/uploads\/2021\/05\/MOC-47757-Side-Dumper-Truck-with-Low-Loader-Trailer-B\u00fcssing-42098-C-Model-Technic-by-time-hh-MOC-FACTORY.jpg\" alt=\"MOC-47757 Side Dumper Truck with Low Loader Trailer &quot;B\u00fcssing&quot; ( 42098 C-Model) Technic by time-hh MOC FACTORY\" width=\"800\" height=\"800\" \/><\/a><figcaption id=\"caption-attachment-206898\" class=\"wp-caption-text\">MOC-47757 Cami\u00f3n volquete lateral con remolque de plataforma baja \u201cB\u00fcssing\u201d (Modelo 42098 C) Technic by time-hh MOC FACTORY<\/figcaption><\/figure>\n<p><img decoding=\"async\" class=\"alignnone size-full wp-image-206899 aligncenter\" src=\"https:\/\/pay.lpwstore.com\/wp-content\/uploads\/2021\/05\/MOC-47757-Side-Dumper-Truck-with-Low-Loader-Trailer-B\u00fcssing-42098-C-Model-Technic-by-time-hh-MOC-FACTORY-2.jpg\" alt=\"-\" width=\"800\" height=\"800\" title=\"-\"> <img decoding=\"async\" class=\"alignnone size-full wp-image-206900 aligncenter\" src=\"https:\/\/pay.lpwstore.com\/wp-content\/uploads\/2021\/05\/MOC-47757-Side-Dumper-Truck-with-Low-Loader-Trailer-B\u00fcssing-42098-C-Model-Technic-by-time-hh-MOC-FACTORY-3.jpg\" alt=\"-\" width=\"800\" height=\"800\" title=\"-\"> <img loading=\"lazy\" decoding=\"async\" class=\"alignnone size-full wp-image-206901 aligncenter\" src=\"https:\/\/pay.lpwstore.com\/wp-content\/uploads\/2021\/05\/MOC-47757-Side-Dumper-Truck-with-Low-Loader-Trailer-B\u00fcssing-42098-C-Model-Technic-by-time-hh-MOC-FACTORY-4.jpg\" alt=\"-\" width=\"800\" height=\"800\" title=\"-\"> <img loading=\"lazy\" decoding=\"async\" class=\"alignnone size-full wp-image-206902 aligncenter\" src=\"https:\/\/pay.lpwstore.com\/wp-content\/uploads\/2021\/05\/MOC-47757-Side-Dumper-Truck-with-Low-Loader-Trailer-B\u00fcssing-42098-C-Model-Technic-by-time-hh-MOC-FACTORY-5.jpg\" alt=\"-\" width=\"800\" height=\"800\" title=\"-\"> <img loading=\"lazy\" decoding=\"async\" class=\"alignnone size-full wp-image-206903 aligncenter\" src=\"https:\/\/pay.lpwstore.com\/wp-content\/uploads\/2021\/05\/MOC-47757-Side-Dumper-Truck-with-Low-Loader-Trailer-B\u00fcssing-42098-C-Model-Technic-by-time-hh-MOC-FACTORY-6.jpg\" alt=\"-\" width=\"800\" height=\"800\" title=\"-\"><\/p>","protected":false},"excerpt":{"rendered":"<ul>\n<li>Incluir\u00a0<strong>1210+<\/strong>\u00a0piezas<\/li>\n<li>Instrucci\u00f3n PDF en l\u00ednea<\/li>\n<li>Bloque ABS de alta calidad.<\/li>\n<\/ul>","protected":false},"featured_media":18862,"comment_status":"open","ping_status":"closed","template":"","meta":{"_acf_changed":false},"product_cat":[364],"product_tag":[],"class_list":["product","first","outofstock","shipping-taxable","purchasable","product-type-simple"],"acf":[],"_links":{"self":[{"href":"https:\/\/mouldking.store\/es\/wp-json\/wp\/v2\/product\/24332","targetHints":{"allow":["GET"]}}],"collection":[{"href":"https:\/\/mouldking.store\/es\/wp-json\/wp\/v2\/product"}],"about":[{"href":"https:\/\/mouldking.store\/es\/wp-json\/wp\/v2\/types\/product"}],"replies":[{"embeddable":true,"href":"https:\/\/mouldking.store\/es\/wp-json\/wp\/v2\/comments?post=24332"}],"wp:featuredmedia":[{"embeddable":true,"href":"https:\/\/mouldking.store\/es\/wp-json\/wp\/v2\/media\/18862"}],"wp:attachment":[{"href":"https:\/\/mouldking.store\/es\/wp-json\/wp\/v2\/media?parent=24332"}],"wp:term":[{"taxonomy":"product_cat","embeddable":true,"href":"https:\/\/mouldking.store\/es\/wp-json\/wp\/v2\/product_cat?post=24332"},{"taxonomy":"product_tag","embeddable":true,"href":"https:\/\/mouldking.store\/es\/wp-json\/wp\/v2\/product_tag?post=24332"}],"curies":[{"name":"wp","href":"https:\/\/api.w.org\/{rel}","templated":true}]}}