{"id":24384,"date":"2021-10-10T05:12:38","date_gmt":"2021-10-09T22:12:38","guid":{"rendered":"https:\/\/mouldking.store\/shop\/moc-46943-freddy-krueger-brickheadz-creator-by-brickdroid-moc-factory\/"},"modified":"2025-12-25T09:17:28","modified_gmt":"2025-12-25T02:17:28","slug":"moc-46943-freddy-krueger-brickheadz-creator-by-brickdroid-moc-factory","status":"publish","type":"product","link":"https:\/\/mouldking.store\/es\/shop\/moc-46943-freddy-krueger-brickheadz-creator-by-brickdroid-moc-factory\/","title":{"rendered":"MOC-46943 Creador de Freddy Krueger Brickheadz por Brickdroid MOC FACTORY"},"content":{"rendered":"<p>MOC-46943 Freddy Krueger Brickheadz Creator de Brickdroid MOC FACTORY es un conjunto de la colecci\u00f3n Creator, dise\u00f1ado por Brickdroid. Este MOC 46943 viene con instrucciones en PDF que son f\u00e1ciles de construir y encontrar las piezas que faltan. El conjunto contiene 357 piezas, lanzado por primera vez en 2021.<\/p>\n<p><a href=\"https:\/\/pay.lpwstore.com\/wp-content\/uploads\/2021\/05\/MOC-46943-Freddy-Krueger-Brickheadz-Creator-by-Brickdroid-MOC-FACTORY.jpg\" target=\"_blank\" rel=\"noopener\"><img fetchpriority=\"high\" decoding=\"async\" class=\"aligncenter wp-image-207022 size-full\" title=\"MOC-46943 Creador de Freddy Krueger Brickheadz por Brickdroid MOC FACTORY\" src=\"https:\/\/pay.lpwstore.com\/wp-content\/uploads\/2021\/05\/MOC-46943-Freddy-Krueger-Brickheadz-Creator-by-Brickdroid-MOC-FACTORY.jpg\" alt=\"MOC-46943 Freddy Krueger Brickheadz Creator by Brickdroid MOC FACTORY\" width=\"800\" height=\"800\" \/><\/a><\/p>\n<figure id=\"attachment_207019\" aria-describedby=\"caption-attachment-207019\" style=\"width: 800px\" class=\"wp-caption aligncenter\"><img decoding=\"async\" class=\"wp-image-207019\" title=\"MOC-46943 Creador de Freddy Krueger Brickheadz por Brickdroid MOC FACTORY\" src=\"https:\/\/pay.lpwstore.com\/wp-content\/uploads\/2021\/05\/moc-46943-freddy-krueger-brickheadz-creator-by-brickdroid-moc-factory-213636.jpg\" alt=\"MOC-46943 Freddy Krueger Brickheadz Creator by Brickdroid MOC FACTORY\" width=\"800\" height=\"800\" \/><figcaption id=\"caption-attachment-207019\" class=\"wp-caption-text\">MOC-46943 Creador de Freddy Krueger Brickheadz por Brickdroid MOC FACTORY<\/figcaption><\/figure>\n<figure id=\"attachment_207020\" aria-describedby=\"caption-attachment-207020\" style=\"width: 800px\" class=\"wp-caption aligncenter\"><img decoding=\"async\" class=\"wp-image-207020\" title=\"MOC-46943 Creador de Freddy Krueger Brickheadz por Brickdroid MOC FACTORY\" src=\"https:\/\/pay.lpwstore.com\/wp-content\/uploads\/2021\/05\/moc-46943-freddy-krueger-brickheadz-creator-by-brickdroid-moc-factory-213639.jpg\" alt=\"MOC-46943 Freddy Krueger Brickheadz Creator by Brickdroid MOC FACTORY\" width=\"800\" height=\"800\" \/><figcaption id=\"caption-attachment-207020\" class=\"wp-caption-text\">MOC-46943 Creador de Freddy Krueger Brickheadz por Brickdroid MOC FACTORY<\/figcaption><\/figure>\n<figure id=\"attachment_207021\" aria-describedby=\"caption-attachment-207021\" style=\"width: 800px\" class=\"wp-caption aligncenter\"><img loading=\"lazy\" decoding=\"async\" class=\"wp-image-207021\" title=\"MOC-46943 Creador de Freddy Krueger Brickheadz por Brickdroid MOC FACTORY\" src=\"https:\/\/pay.lpwstore.com\/wp-content\/uploads\/2021\/05\/moc-46943-freddy-krueger-brickheadz-creator-by-brickdroid-moc-factory-213642.jpg\" alt=\"MOC-46943 Freddy Krueger Brickheadz Creator by Brickdroid MOC FACTORY\" width=\"800\" height=\"800\" \/><figcaption id=\"caption-attachment-207021\" class=\"wp-caption-text\">MOC-46943 Creador de Freddy Krueger Brickheadz por Brickdroid MOC FACTORY<\/figcaption><\/figure>\n<p>&nbsp;<\/p>","protected":false},"excerpt":{"rendered":"<ul>\n<li>Incluir\u00a0<strong>357+<\/strong>\u00a0piezas<\/li>\n<li>Instrucci\u00f3n PDF en l\u00ednea<\/li>\n<li>Bloque ABS de alta calidad.<\/li>\n<li>Dimensiones: 10 x 10 x 12 cm<\/li>\n<\/ul>","protected":false},"featured_media":24380,"comment_status":"open","ping_status":"closed","template":"","meta":{"_acf_changed":false},"product_cat":[371],"product_tag":[],"class_list":["product","first","instock","shipping-taxable","purchasable","product-type-simple"],"acf":[],"_links":{"self":[{"href":"https:\/\/mouldking.store\/es\/wp-json\/wp\/v2\/product\/24384","targetHints":{"allow":["GET"]}}],"collection":[{"href":"https:\/\/mouldking.store\/es\/wp-json\/wp\/v2\/product"}],"about":[{"href":"https:\/\/mouldking.store\/es\/wp-json\/wp\/v2\/types\/product"}],"replies":[{"embeddable":true,"href":"https:\/\/mouldking.store\/es\/wp-json\/wp\/v2\/comments?post=24384"}],"wp:featuredmedia":[{"embeddable":true,"href":"https:\/\/mouldking.store\/es\/wp-json\/wp\/v2\/media\/24380"}],"wp:attachment":[{"href":"https:\/\/mouldking.store\/es\/wp-json\/wp\/v2\/media?parent=24384"}],"wp:term":[{"taxonomy":"product_cat","embeddable":true,"href":"https:\/\/mouldking.store\/es\/wp-json\/wp\/v2\/product_cat?post=24384"},{"taxonomy":"product_tag","embeddable":true,"href":"https:\/\/mouldking.store\/es\/wp-json\/wp\/v2\/product_tag?post=24384"}],"curies":[{"name":"wp","href":"https:\/\/api.w.org\/{rel}","templated":true}]}}