{"id":24473,"date":"2021-10-10T05:15:08","date_gmt":"2021-10-10T05:15:08","guid":{"rendered":"https:\/\/mouldking.store\/shop\/moc-76626-modular-baseball-stadium-minifigure-scale-modular-building-by-gabizon-moc-factory\/"},"modified":"2025-12-25T09:17:26","modified_gmt":"2025-12-25T02:17:26","slug":"moc-76626-modular-baseball-stadium-minifigure-scale-modular-building-by-gabizon-moc-factory","status":"publish","type":"product","link":"https:\/\/mouldking.store\/es\/shop\/moc-76626-modular-baseball-stadium-minifigure-scale-modular-building-by-gabizon-moc-factory\/","title":{"rendered":"MOC-76626 Estadio de b\u00e9isbol modular - Edificio modular a escala de minifigura de gabizon MOC FACTORY"},"content":{"rendered":"<p style=\"text-align: left\">MOC-76626 Modular Baseball Stadium &#8211; Minifigure Scale Modular Building by gabizon is a set in Modular Building collection. This MOC 76626 comes with PDF instruction which is easy to build and find the missing pieces. The set contains 7313 pieces, first released in 2021.<\/p>\n<p style=\"text-align: left\"><strong>NOTA:<\/strong><\/p>\n<ul style=\"text-align: center\">\n<li style=\"text-align: left\"><strong>El color de las partes individuales no se corresponde con el de las partes del dibujo, lo que no afecta la apariencia.<\/strong><\/li>\n<li style=\"text-align: left\"><strong>Compre con cuidado para aquellos que no est\u00e1n preocupados por la precisi\u00f3n, la diferencia de color de las piezas dom\u00e9sticas.<\/strong><\/li>\n<li style=\"text-align: left\"><strong>Es posible que el cliente deba pagar el cargo de aduana adicional al recibir la mercanc\u00eda (depende de la pol\u00edtica de cada pa\u00eds)<\/strong><\/li>\n<\/ul>\n<figure id=\"attachment_207287\" aria-describedby=\"caption-attachment-207287\" style=\"width: 800px\" class=\"wp-caption aligncenter\"><a href=\"https:\/\/pay.lpwstore.com\/wp-content\/uploads\/2021\/05\/MOC-76626-Modular-Baseball-Stadium-Minifigure-Scale-Modular-Building-by-gabizon-MOC-FACTORY.jpg\" target=\"_blank\" rel=\"noopener\"><img fetchpriority=\"high\" decoding=\"async\" class=\"wp-image-207287 size-full\" title=\"MOC-76626 Modular Baseball Stadium - Minifigure Scale Modular Building by gabizon MOC FACTORY\" src=\"https:\/\/pay.lpwstore.com\/wp-content\/uploads\/2021\/05\/MOC-76626-Modular-Baseball-Stadium-Minifigure-Scale-Modular-Building-by-gabizon-MOC-FACTORY.jpg\" alt=\"MOC-76626 Modular Baseball Stadium - Minifigure Scale Modular Building by gabizon MOC FACTORY\" width=\"800\" height=\"800\" \/><\/a><figcaption id=\"caption-attachment-207287\" class=\"wp-caption-text\">MOC-76626 Estadio de b\u00e9isbol modular - Edificio modular a escala de minifigura de gabizon MOC FACTORY<\/figcaption><\/figure>\n<p><img decoding=\"async\" class=\"alignnone size-full wp-image-207288 aligncenter\" src=\"https:\/\/pay.lpwstore.com\/wp-content\/uploads\/2021\/05\/MOC-76626-Modular-Baseball-Stadium-Minifigure-Scale-Modular-Building-by-gabizon-MOC-FACTORY-2.jpg\" alt=\"-\" width=\"800\" height=\"800\" title=\"-\"> <img decoding=\"async\" class=\"alignnone size-full wp-image-207289 aligncenter\" src=\"https:\/\/pay.lpwstore.com\/wp-content\/uploads\/2021\/05\/MOC-76626-Modular-Baseball-Stadium-Minifigure-Scale-Modular-Building-by-gabizon-MOC-FACTORY-3.jpg\" alt=\"-\" width=\"800\" height=\"800\" title=\"-\"> <img loading=\"lazy\" decoding=\"async\" class=\"alignnone size-full wp-image-207290 aligncenter\" src=\"https:\/\/pay.lpwstore.com\/wp-content\/uploads\/2021\/05\/MOC-76626-Modular-Baseball-Stadium-Minifigure-Scale-Modular-Building-by-gabizon-MOC-FACTORY-4.jpg\" alt=\"-\" width=\"800\" height=\"800\" title=\"-\"><\/p>","protected":false},"excerpt":{"rendered":"<ul>\n<li>Incluir<strong> 7313+<\/strong>\u00a0piezas<\/li>\n<li>Instrucci\u00f3n PDF en l\u00ednea<\/li>\n<li>Bloque ABS de alta calidad.<\/li>\n<\/ul>","protected":false},"featured_media":24469,"comment_status":"open","ping_status":"closed","template":"","meta":{"_acf_changed":false},"product_cat":[390],"product_tag":[],"class_list":["product","first","outofstock","shipping-taxable","purchasable","product-type-simple"],"acf":[],"_links":{"self":[{"href":"https:\/\/mouldking.store\/es\/wp-json\/wp\/v2\/product\/24473","targetHints":{"allow":["GET"]}}],"collection":[{"href":"https:\/\/mouldking.store\/es\/wp-json\/wp\/v2\/product"}],"about":[{"href":"https:\/\/mouldking.store\/es\/wp-json\/wp\/v2\/types\/product"}],"replies":[{"embeddable":true,"href":"https:\/\/mouldking.store\/es\/wp-json\/wp\/v2\/comments?post=24473"}],"wp:featuredmedia":[{"embeddable":true,"href":"https:\/\/mouldking.store\/es\/wp-json\/wp\/v2\/media\/24469"}],"wp:attachment":[{"href":"https:\/\/mouldking.store\/es\/wp-json\/wp\/v2\/media?parent=24473"}],"wp:term":[{"taxonomy":"product_cat","embeddable":true,"href":"https:\/\/mouldking.store\/es\/wp-json\/wp\/v2\/product_cat?post=24473"},{"taxonomy":"product_tag","embeddable":true,"href":"https:\/\/mouldking.store\/es\/wp-json\/wp\/v2\/product_tag?post=24473"}],"curies":[{"name":"wp","href":"https:\/\/api.w.org\/{rel}","templated":true}]}}